{"id":7799,"date":"2025-07-03T21:22:58","date_gmt":"2025-07-03T21:22:58","guid":{"rendered":"https:\/\/profskin.ee\/?post_type=product&#038;p=7799"},"modified":"2026-03-18T15:32:51","modified_gmt":"2026-03-18T15:32:51","slug":"hydra-firming-cream","status":"publish","type":"product","link":"https:\/\/profskin.ee\/et\/toode\/hydra-firming-cream\/","title":{"rendered":"Niisutav pinguldav kreem"},"content":{"rendered":"<h6>Niisutav ja pinguldav n\u00e4okreem normaalsele, kombineeritud ja rasusele nahale.<\/h6>\n<p>See parandab prinkust kaotanud jumet ning aitab nahal taastada kaotatud elastsuse ja prinkuse. Samuti annab see nahale vajaliku niiskuse.<\/p>\n<div class=\"em-row\">\n<div class=\"em-lg-4 em-col\">\n<h6 class=\"em-font-medium\" style=\"margin-top: 1.2rem; margin-bottom: 1.2rem;\">Sobib<\/h6>\n<ul>\n<li>Vananemisvastane, Niisutus, Pinguldamine, Kaitse, Kortsude Silumine.<\/li>\n<li>Segat\u00fc\u00fcpi, normaalne, rasune nahk.<\/li>\n<li>K\u00f5ikidele nahat\u00fc\u00fcpidele (sega, kuiv, normaalne, rasune).<\/li>\n<\/ul>\n<h6 class=\"em-font-medium\" style=\"margin-top: 1.2rem; margin-bottom: 1.2rem;\">Kuidas kasutada<\/h6>\n<ul>\n<li>Kandke v\u00e4ike kogus kogu n\u00e4ole 1-2 korda p\u00e4evas.<\/li>\n<\/ul><\/div>\n<div class=\"em-lg-4 em-col\">\n<h6 class=\"em-font-medium\" style=\"margin-top: 1.2rem; margin-bottom: 1.2rem;\">Toimeained ja koostisosad<\/h6>\n<ul>\n<li><strong>Avokaado\u00f5li<\/strong><\/li>\n<li><strong>Liftessence<\/strong><\/li>\n<li><strong>Mentool<\/strong><\/li>\n<li><strong>Piimapeptiidide kompleks<\/strong><\/li>\n<li><strong>MMW h\u00fcaluroonhape<\/strong><\/li>\n<li><strong>MS HC<\/strong><\/li>\n<li><strong>Osilift<\/strong><\/li>\n<li><strong>Pentacare<\/strong><\/li>\n<li><strong>Muud<\/strong>KOOSTIS: VESI, DENAATNE ALKOHOL, GL\u00dcTSERIIN, TS\u00dcKLOPENTASILOKSAAN, PERSEA GRATISSIMA \u00d5LI, POL\u00dcAKR\u00dc\u00dcLAMIID, C13-14 ISOPARAFIIN, FENOKS\u00dcETANOOL, KAPRY\u00dcL\u00dc\u00dcLGL\u00dcKOOL, CIATHEA CUMINGII LEHE EKSTRAKT, ET\u00dc\u00dcLHEKS\u00dc\u00dcLGL\u00dcTSERIIN, LAURETH-7, PARF\u00dc\u00dcM, VP\/VA KOPOL\u00dcMEER, AVENA SATIVA TUUMA EKSTRAKT, H\u00dcDROL\u00dc\u00dcSITUD \u017dELATIIN, DINAATRIUM EDTA, VADAKUVALK, H\u00dcDROL\u00dc\u00dcSITUD NISUGLUTEEN, MENTOOL, NAATRIUMH\u00dcALURONAAT, SILANETRIOL, CERATONIA SILIQUA VAIK<\/li>\n<\/ul><\/div>\n<\/div>","protected":false},"excerpt":{"rendered":"<p>Niisutav ja pinguldav n\u00e4okreem normaalsele, kombineeritud ja rasusele nahale.<\/p>","protected":false},"featured_media":7639,"template":"","meta":[],"product_brand":[67,66,68],"product_cat":[15,73,71,69,74,75,76],"product_tag":[],"class_list":{"0":"post-7799","1":"product","2":"type-product","3":"status-publish","4":"has-post-thumbnail","6":"product_brand-endor-technologies","7":"product_brand-juliette-armand","8":"product_brand-summe-cosmetics","9":"product_cat-all-products","10":"product_cat-body","11":"product_cat-cleansers","12":"product_cat-cream","13":"product_cat-exfoliant","14":"product_cat-eye","15":"product_cat-fluid","17":"first","18":"instock","19":"sale","20":"taxable","21":"shipping-taxable","22":"purchasable","23":"product-type-simple"},"_links":{"self":[{"href":"https:\/\/profskin.ee\/et\/wp-json\/wp\/v2\/product\/7799","targetHints":{"allow":["GET"]}}],"collection":[{"href":"https:\/\/profskin.ee\/et\/wp-json\/wp\/v2\/product"}],"about":[{"href":"https:\/\/profskin.ee\/et\/wp-json\/wp\/v2\/types\/product"}],"wp:featuredmedia":[{"embeddable":true,"href":"https:\/\/profskin.ee\/et\/wp-json\/wp\/v2\/media\/7639"}],"wp:attachment":[{"href":"https:\/\/profskin.ee\/et\/wp-json\/wp\/v2\/media?parent=7799"}],"wp:term":[{"taxonomy":"product_brand","embeddable":true,"href":"https:\/\/profskin.ee\/et\/wp-json\/wp\/v2\/product_brand?post=7799"},{"taxonomy":"product_cat","embeddable":true,"href":"https:\/\/profskin.ee\/et\/wp-json\/wp\/v2\/product_cat?post=7799"},{"taxonomy":"product_tag","embeddable":true,"href":"https:\/\/profskin.ee\/et\/wp-json\/wp\/v2\/product_tag?post=7799"}],"curies":[{"name":"t\u00f6\u00f6leht","href":"https:\/\/api.w.org\/{rel}","templated":true}]}}