{"id":7800,"date":"2025-07-03T21:22:58","date_gmt":"2025-07-03T21:22:58","guid":{"rendered":"https:\/\/profskin.ee\/?post_type=product&#038;p=7800"},"modified":"2026-03-18T15:34:27","modified_gmt":"2026-03-18T15:34:27","slug":"lifting-cream","status":"publish","type":"product","link":"https:\/\/profskin.ee\/et\/toode\/lifting-cream\/","title":{"rendered":"T\u00f5stev kreem"},"content":{"rendered":"<h6>Pinguldav ja taastav n\u00e4o- ja kaelakreem k\u00f5ikidele nahat\u00fc\u00fcpidele.<\/h6>\n<p>See annab otsese pinguldava tunde ja kiirendab rakkude uuenemise loomulikku protsessi, parandades selle toonust ja tekstuuri.<\/p>\n<div class=\"em-row\">\n<div class=\"em-lg-4 em-col\">\n<h6 class=\"em-font-medium\" style=\"margin-top: 1.2rem; margin-bottom: 1.2rem;\">Sobib<\/h6>\n<ul>\n<li>Vananemisvastane, lifting, regenereerimine, kortsudevastane.<\/li>\n<li>Kombineeritud, kuiv, normaalne, rasune nahk.<\/li>\n<li>K\u00f5ikidele nahat\u00fc\u00fcpidele (sega, kuiv, normaalne, rasune).<\/li>\n<\/ul>\n<h6 class=\"em-font-medium\" style=\"margin-top: 1.2rem; margin-bottom: 1.2rem;\">Kuidas kasutada<\/h6>\n<ul>\n<li>Kandke v\u00e4ike kogus kogu n\u00e4ole 1-2 korda p\u00e4evas.<\/li>\n<\/ul><\/div>\n<div class=\"em-lg-4 em-col\">\n<h6 class=\"em-font-medium\" style=\"margin-top: 1.2rem; margin-bottom: 1.2rem;\">Toimeained ja koostisosad<\/h6>\n<ul>\n<li><strong>Drieliin<\/strong><\/li>\n<li><strong>Kombut\u0161ka<\/strong><\/li>\n<li><strong>Lipexel<\/strong><\/li>\n<li><strong>Oxyforce Cellular Active<\/strong><\/li>\n<li><strong>Phytodermina Lifting<\/strong><\/li>\n<li><strong>F\u00fctoskvaal<\/strong><\/li>\n<li><strong>Vitamiinide kompleks ECF<\/strong><\/li>\n<li><strong>Muud<\/strong>KOOSTISOSAD: VESI, SKVALEEN, GL\u00dcTSERIIN, ET\u00dc\u00dcLHEKS\u00dc\u00dcLPALMITAAT, SACCHAROMYCES\/KS\u00dcLIIN\/MUSTA TEE FERMENT, BUT\u00dcLEENGL\u00dcKOOL, TSETEAR\u00dc\u00dcLISONONANOAATT, BEHENY\u00dcLALKOHOL, GL\u00dcTSER\u00dc\u00dcLSTEARAAT, TS\u00dcKLOPENTASILOKSAAN, H\u00dcDROKS\u00dcPROP\u00dc\u00dcLTS\u00dcKLODEKSTRIIN, H\u00dcDROGEENITUD T\u00c4RKLISE H\u00dcDROL\u00dcSAAT, DIMETIKOON, TS\u00dcKLOHEKSASILOKSAAAN, LETSITIIN, NAATRIUMAKR\u00dcLAATIDE KOPOL\u00dcMEER, FENOKS\u00dcETANOOL, TSET\u00dc\u00dcLALKOHOL, H\u00dcDROGEENITUD POL\u00dcDETSEEN, KSANTAANKUMM, PERFLUORODEKALIIN, LUFFA CYLINDRICA SEEMNE\u00d5LI, ET\u00dc\u00dcLHEKS\u00dc\u00dcLGL\u00dcTSERIIN, PARF\u00dc\u00dcM, KAPRYL\u00dc\u00dcLGL\u00dcKOOL, SOJAGL\u00dcTSIINISTEROOLID, HELIANTHUS ANNUUS&#039;E SEEMNE\u00d5LI, FOSFOLIPIIDID, POL\u00dcGL\u00dcTSER\u00dc\u00dcL-10 STEARAAT, SIMMONDSIA CHINENSIS&#039;E SEEMNE\u00d5LI, PENT\u00dcLEENGL\u00dcKOOL, CARTHAMUS TINCTORIUS&#039;E SEEMNE\u00d5LI, PRUNUSA AMYGDALUS DULCIS&#039;E \u00d5LI, SFINGOLIPIIIDID, SAHHAROOSPALMITAAT, H\u00dcDROKS\u00dcET\u00dc\u00dcLTSELLULOOS, TOKOFER\u00dc\u00dcLATSETAAT, DINAATRIUM EDTA, P\u00c4RMIEKSTRAKT, KAALIUMSORBAAT, NAATRIUMBENSOAAT, ASKORB\u00dc\u00dcLPALMITAAT, LINOOLEINHAPE<\/li>\n<\/ul><\/div>\n<\/div>","protected":false},"excerpt":{"rendered":"<p>Pinguldav ja taastav n\u00e4o- ja kaelakreem k\u00f5ikidele nahat\u00fc\u00fcpidele.<\/p>","protected":false},"featured_media":7638,"template":"","meta":[],"product_brand":[66],"product_cat":[69],"product_tag":[],"class_list":{"0":"post-7800","1":"product","2":"type-product","3":"status-publish","4":"has-post-thumbnail","6":"product_brand-juliette-armand","7":"product_cat-cream","9":"first","10":"instock","11":"sale","12":"taxable","13":"shipping-taxable","14":"purchasable","15":"product-type-simple"},"_links":{"self":[{"href":"https:\/\/profskin.ee\/et\/wp-json\/wp\/v2\/product\/7800","targetHints":{"allow":["GET"]}}],"collection":[{"href":"https:\/\/profskin.ee\/et\/wp-json\/wp\/v2\/product"}],"about":[{"href":"https:\/\/profskin.ee\/et\/wp-json\/wp\/v2\/types\/product"}],"wp:featuredmedia":[{"embeddable":true,"href":"https:\/\/profskin.ee\/et\/wp-json\/wp\/v2\/media\/7638"}],"wp:attachment":[{"href":"https:\/\/profskin.ee\/et\/wp-json\/wp\/v2\/media?parent=7800"}],"wp:term":[{"taxonomy":"product_brand","embeddable":true,"href":"https:\/\/profskin.ee\/et\/wp-json\/wp\/v2\/product_brand?post=7800"},{"taxonomy":"product_cat","embeddable":true,"href":"https:\/\/profskin.ee\/et\/wp-json\/wp\/v2\/product_cat?post=7800"},{"taxonomy":"product_tag","embeddable":true,"href":"https:\/\/profskin.ee\/et\/wp-json\/wp\/v2\/product_tag?post=7800"}],"curies":[{"name":"t\u00f6\u00f6leht","href":"https:\/\/api.w.org\/{rel}","templated":true}]}}