{"id":7801,"date":"2025-07-03T21:22:58","date_gmt":"2025-07-03T21:22:58","guid":{"rendered":"https:\/\/profskin.ee\/?post_type=product&#038;p=7801"},"modified":"2026-03-18T15:34:27","modified_gmt":"2026-03-18T15:34:27","slug":"hydra-calming-cream","status":"publish","type":"product","link":"https:\/\/profskin.ee\/et\/toode\/hydra-calming-cream\/","title":{"rendered":"Hydra rahustav kreem"},"content":{"rendered":"<h6>Niisutav ja rahustav n\u00e4okreem tundlikule ja \u00e4rritunud nahale.<\/h6>\n<p>See niisutab ja leevendab nahka p\u00f5letiku, \u00e4rrituse ja punetuse eest. Samal ajal kaitseb see seda kahjulike keskkonnategurite eest. Seda soovitatakse ennetavalt kasutada k\u00f5ikidele nahat\u00fc\u00fcpidele.<\/p>\n<div class=\"em-row\">\n<div class=\"em-lg-4 em-col\">\n<h6 class=\"em-font-medium\" style=\"margin-top: 1.2rem; margin-bottom: 1.2rem;\">Sobib<\/h6>\n<ul>\n<li>Niisutus, kaitse, tundlikkus, rahustamine.<\/li>\n<li>Kombineeritud, kuiv, normaalne, rasune nahk.<\/li>\n<li>K\u00f5ikidele nahat\u00fc\u00fcpidele (sega, kuiv, normaalne, rasune).<\/li>\n<\/ul>\n<h6 class=\"em-font-medium\" style=\"margin-top: 1.2rem; margin-bottom: 1.2rem;\">Kuidas kasutada<\/h6>\n<ul>\n<li>Kandke v\u00e4ike kogus kogu n\u00e4ole 1-2 korda p\u00e4evas.<\/li>\n<\/ul><\/div>\n<div class=\"em-lg-4 em-col\">\n<h6 class=\"em-font-medium\" style=\"margin-top: 1.2rem; margin-bottom: 1.2rem;\">Toimeained ja koostisosad<\/h6>\n<ul>\n<li><strong>Aloe vera<\/strong><\/li>\n<li><strong>Celligent<\/strong><\/li>\n<li><strong>Kummeli\u00f5li<\/strong><\/li>\n<li><strong>Dermasooth<\/strong><\/li>\n<li><strong>Gl\u00fckofilm<\/strong><\/li>\n<li><strong>Pantenool<\/strong><\/li>\n<li><strong>Sheav\u00f5i<\/strong><\/li>\n<li><strong>Muud<\/strong>KOOSTISOSAD: VESI, TSETEAR\u00dc\u00dcLISONONANOAATT, GL\u00dcTSER\u00dc\u00dcLSTEARAAT, PEG-100 STEARAATT, ALOE BARBADENSIS&#039;E LEHE EKSTRAKT, BUT\u00dcLEENGL\u00dcKOOL, BIOSAHARIIDKUMMI-4, BUTYROSPERMUM PARKII V\u00d5I, PROPAANDIOOL, KAPRIIL-\/KAPRIINTRIGL\u00dcTSERIID, TSETEAR\u00dc\u00dcLALKOHOL, PEG-20 STEARAATT, PANTENOOL, TSETEAR\u00dc\u00dcLET\u00dc\u00dcLHEKSANOAATT, PARF\u00dcM, AED-KUMMEL (HELIANTHUS ANNUUS) SEEMNE\u00d5LI, FENOKS\u00dcETANOOL, POL\u00dcAKR\u00dc\u00dcLAMIID, AED-KUMMEL (CHAMOMILLA RECUTITA) \u00d5IE EKSTRAKT, KAPRI\u00dcL\u00dc\u00dcLGL\u00dcKOOL, C13-14 ISOPARAFIIN, ET\u00dc\u00dcLHEKS\u00dc\u00dcLGL\u00dcTSERIIN, ENTEROMORPHA COMPRESSA EKSTRAKT, ISOPROP\u00dc\u00dcLM\u00dcRISTAAT, LAURETH-7, OCIMUM SANCTUM LEHT EKSTRAKT, SILYBUM MARIANUM PUUVILJAEKSTRAKT, ET\u00dcLFERULAAT, ROSMARINUS OFFICINALISE LEHEEKSTRAKT, TOKOFEROOL<\/li>\n<\/ul><\/div>\n<\/div>","protected":false},"excerpt":{"rendered":"<p>Niisutav ja rahustav n\u00e4okreem tundlikule ja \u00e4rritunud nahale.<\/p>","protected":false},"featured_media":7637,"template":"","meta":[],"product_brand":[66],"product_cat":[69],"product_tag":[],"class_list":{"0":"post-7801","1":"product","2":"type-product","3":"status-publish","4":"has-post-thumbnail","6":"product_brand-juliette-armand","7":"product_cat-cream","9":"first","10":"outofstock","11":"sale","12":"taxable","13":"shipping-taxable","14":"purchasable","15":"product-type-simple"},"_links":{"self":[{"href":"https:\/\/profskin.ee\/et\/wp-json\/wp\/v2\/product\/7801","targetHints":{"allow":["GET"]}}],"collection":[{"href":"https:\/\/profskin.ee\/et\/wp-json\/wp\/v2\/product"}],"about":[{"href":"https:\/\/profskin.ee\/et\/wp-json\/wp\/v2\/types\/product"}],"wp:featuredmedia":[{"embeddable":true,"href":"https:\/\/profskin.ee\/et\/wp-json\/wp\/v2\/media\/7637"}],"wp:attachment":[{"href":"https:\/\/profskin.ee\/et\/wp-json\/wp\/v2\/media?parent=7801"}],"wp:term":[{"taxonomy":"product_brand","embeddable":true,"href":"https:\/\/profskin.ee\/et\/wp-json\/wp\/v2\/product_brand?post=7801"},{"taxonomy":"product_cat","embeddable":true,"href":"https:\/\/profskin.ee\/et\/wp-json\/wp\/v2\/product_cat?post=7801"},{"taxonomy":"product_tag","embeddable":true,"href":"https:\/\/profskin.ee\/et\/wp-json\/wp\/v2\/product_tag?post=7801"}],"curies":[{"name":"t\u00f6\u00f6leht","href":"https:\/\/api.w.org\/{rel}","templated":true}]}}