{"id":7802,"date":"2025-07-03T21:22:58","date_gmt":"2025-07-03T21:22:58","guid":{"rendered":"https:\/\/profskin.ee\/?post_type=product&#038;p=7802"},"modified":"2026-03-18T15:24:45","modified_gmt":"2026-03-18T15:24:45","slug":"color-control-cream-light-shade","status":"publish","type":"product","link":"https:\/\/profskin.ee\/et\/toode\/color-control-cream-light-shade\/","title":{"rendered":"Color Control Cream (hele toon)"},"content":{"rendered":"<h6>Tooniv, niisutav n\u00e4okreem k\u00f5ikidele nahat\u00fc\u00fcpidele.<\/h6>\n<p>See niisutab ja katab samaaegselt naha v\u00e4rvimuutusi ja ebat\u00e4iusi, andes s\u00e4ra ja \u00fchtlase nahatooni.<\/p>\n<div class=\"em-row\">\n<div class=\"em-lg-4 em-col\">\n<h6 class=\"em-font-medium\" style=\"margin-top: 1.2rem; margin-bottom: 1.2rem;\">Sobib<\/h6>\n<ul>\n<li>Katvus, s\u00e4ra, niisutus, pigmentatsioon, kaitse, UV-kaitse, kortsud.<\/li>\n<li>Kombineeritud, kuiv, normaalne, rasune nahk.<\/li>\n<li>K\u00f5ikidele nahat\u00fc\u00fcpidele (sega, kuiv, normaalne, rasune).<\/li>\n<\/ul>\n<h6 class=\"em-font-medium\" style=\"margin-top: 1.2rem; margin-bottom: 1.2rem;\">Kuidas kasutada<\/h6>\n<ul>\n<li>Kandke v\u00e4ike kogus kogu n\u00e4ole 1-2 korda p\u00e4evas.<\/li>\n<\/ul><\/div>\n<div class=\"em-lg-4 em-col\">\n<h6 class=\"em-font-medium\" style=\"margin-top: 1.2rem; margin-bottom: 1.2rem;\">Toimeained ja koostisosad<\/h6>\n<ul>\n<li><strong>Allantoiin<\/strong><\/li>\n<li><strong>Aloe vera<\/strong><\/li>\n<li><strong>Matrixyl 3000<\/strong><\/li>\n<li><strong>MMW h\u00fcaluroonhape<\/strong><\/li>\n<li><strong>Pantenool<\/strong><\/li>\n<li><strong>Pollushield<\/strong><\/li>\n<li><strong>UV-filtrid<\/strong><\/li>\n<li><strong>Vitamiin B3 (PP ja niatsiinamiid)<\/strong><\/li>\n<li><strong>Muud<\/strong>KOOSTIS: VESI, TS\u00dcKLOPENTASILOKSAAN, DIMETIKOON, TITAANDIOKSIID, ET\u00dc\u00dcLHEKS\u00dc\u00dcLMETOKS\u00dcTSINNAMAAT, PEG-10 DIMETIKOON, TITAANDIOKSIID (NANO), GL\u00dcTSERIIN, BUT\u00dcLEENGL\u00dcKOOL, BETAIN, NIATSIINAMIID, CI 77492, PEG\/PPG-18\/18 DIMETIKOON, R\u00c4NIDIOKSIID, AALOE BARBADENSIS&#039;E LEHE EKSTRAKT, DIMETIKOON\/VIN\u00dc\u00dcLDIMETIKOONI RISTPOL\u00dcMEER, ALUMIINIUMOKSIID, POL\u00dcSILIKOO-11, NAATRIUMKLORIID, DISTEARDIMOONIUMHEKTORIIT, VILK, POL\u00dcSORBAAT 20, CI 77491, FENOKS\u00dcETANOOL, METIKOON, BIS-ET\u00dc\u00dcLHEKS\u00dc\u00dcLOKS\u00dcFENOOLMETOKS\u00dcFEN\u00dc\u00dcLTRIASIIN, POL\u00dcMET\u00dc\u00dcL METAKR\u00dcLAAT, TRIETOKS\u00dcKAP\u00dc\u00dcLSILAANI, PANTENOOL, PROPAANDIOOL, CI 77499, DIISOPROP\u00dc\u00dcLADIPAAT, NAATRIUMH\u00dcALURONAAT, BENSOEHAPE, ALLANTOIIN, LETSITIIN, DEH\u00dcDROA\u00c4\u00c4DIKHAPE, AKR\u00dc\u00dcLHAPPE\/AKR\u00dc\u00dcLAMIDOMET\u00dc\u00dcLPROPAANSULFOONHAPPE KOPOL\u00dcMEER, KARBOMEER, DIMET\u00dc\u00dcLMETOKS\u00dcKROMANOOL, GL\u00dcTSER\u00dc\u00dcLKAP\u00dcLAAT, KSANTAANKUMM, PALMITO\u00dc\u00dcLTRIPEPTIID-1, PALMITO\u00dc\u00dcLTETRAPEPTIID-7<\/li>\n<\/ul><\/div>\n<\/div>","protected":false},"excerpt":{"rendered":"<p>Tooniv, niisutav n\u00e4okreem k\u00f5ikidele nahat\u00fc\u00fcpidele.<\/p>","protected":false},"featured_media":7636,"template":"","meta":[],"product_brand":[66],"product_cat":[69],"product_tag":[],"class_list":{"0":"post-7802","1":"product","2":"type-product","3":"status-publish","4":"has-post-thumbnail","6":"product_brand-juliette-armand","7":"product_cat-cream","9":"first","10":"instock","11":"sale","12":"taxable","13":"shipping-taxable","14":"purchasable","15":"product-type-simple"},"_links":{"self":[{"href":"https:\/\/profskin.ee\/et\/wp-json\/wp\/v2\/product\/7802","targetHints":{"allow":["GET"]}}],"collection":[{"href":"https:\/\/profskin.ee\/et\/wp-json\/wp\/v2\/product"}],"about":[{"href":"https:\/\/profskin.ee\/et\/wp-json\/wp\/v2\/types\/product"}],"wp:featuredmedia":[{"embeddable":true,"href":"https:\/\/profskin.ee\/et\/wp-json\/wp\/v2\/media\/7636"}],"wp:attachment":[{"href":"https:\/\/profskin.ee\/et\/wp-json\/wp\/v2\/media?parent=7802"}],"wp:term":[{"taxonomy":"product_brand","embeddable":true,"href":"https:\/\/profskin.ee\/et\/wp-json\/wp\/v2\/product_brand?post=7802"},{"taxonomy":"product_cat","embeddable":true,"href":"https:\/\/profskin.ee\/et\/wp-json\/wp\/v2\/product_cat?post=7802"},{"taxonomy":"product_tag","embeddable":true,"href":"https:\/\/profskin.ee\/et\/wp-json\/wp\/v2\/product_tag?post=7802"}],"curies":[{"name":"t\u00f6\u00f6leht","href":"https:\/\/api.w.org\/{rel}","templated":true}]}}