{"id":7803,"date":"2025-07-03T21:22:58","date_gmt":"2025-07-03T21:22:58","guid":{"rendered":"https:\/\/profskin.ee\/?post_type=product&#038;p=7803"},"modified":"2026-03-18T15:24:45","modified_gmt":"2026-03-18T15:24:45","slug":"eye-shine-cream","status":"publish","type":"product","link":"https:\/\/profskin.ee\/et\/toode\/eye-shine-cream\/","title":{"rendered":"Silmade s\u00e4ra kreem"},"content":{"rendered":"<h6>Mitmetoimeline kreem, mis on spetsiaalselt loodud silma\u00fcmbruse nahale.<\/h6>\n<p>See niisutab, elustab, stimuleerib ja heledab jumet. See parandab naha v\u00e4limust, v\u00e4hendades tumedaid ringe ja paistes silmaaluseid. See v\u00e4hendab kortsude n\u00e4htavust.<\/p>\n<div class=\"em-row\">\n<div class=\"em-lg-4 em-col\">\n<h6 class=\"em-font-medium\" style=\"margin-top: 1.2rem; margin-bottom: 1.2rem;\">Sobib<\/h6>\n<ul>\n<li>Silma\u00fcmbruse hooldus, peened jooned, s\u00e4ra, niisutus, kortsud.<\/li>\n<li>Kombineeritud, kuiv, normaalne, rasune nahk.<\/li>\n<li>K\u00f5ikidele nahat\u00fc\u00fcpidele (sega, kuiv, normaalne, rasune).<\/li>\n<\/ul>\n<h6 class=\"em-font-medium\" style=\"margin-top: 1.2rem; margin-bottom: 1.2rem;\">Kuidas kasutada<\/h6>\n<ul>\n<li>Kanna silma\u00fcmbrusnahale (mitte silmalaugudele) ja masseeri \u00f5rnalt, kuni imendub.<\/li>\n<\/ul><\/div>\n<div class=\"em-lg-4 em-col\">\n<h6 class=\"em-font-medium\" style=\"margin-top: 1.2rem; margin-bottom: 1.2rem;\">Toimeained ja koostisosad<\/h6>\n<ul>\n<li><strong>3-O-et\u00fc\u00fclaskorbiinhape<\/strong><\/li>\n<li><strong>AG Hesperidiin<\/strong><\/li>\n<li><strong>A2 blokaatorid<\/strong><\/li>\n<li><strong>Aldavine<\/strong><\/li>\n<li><strong>Arginiin (L-arginiin)<\/strong><\/li>\n<li><strong>Matrixyl<\/strong><\/li>\n<li><strong>Sambukuse \u00f5ieekstrakt<\/strong><\/li>\n<li><strong>E-vitamiin<\/strong><\/li>\n<li><strong>Muud<\/strong>KOOSTIS: VESI, ET\u00dc\u00dcLHEKS\u00dc\u00dcLSTEARAAT, POL\u00dcISOPREEN, C12-16 ALKOHOLID, TS\u00dcKLOPENTASILOKSAAN, GL\u00dcTSERIIN, GL\u00dcTSER\u00dc\u00dcLSTEARAAT, TS\u00dcKLOHEKSASILOKSAANI, MUSTSAMBUKUSE \u00d5IE EKSTRAKT, H\u00dcDROGEENITUD LETSITIIN, PALMIITHAPE, 3-O-ET\u00dc\u00dcLASKORBIINHAPPE, GL\u00dcKOS\u00dc\u00dcLHESPERIDIIN, TOKOFER\u00dc\u00dcLATSETAAT, FENOKS\u00dcETANOOL, KSANTAANKUMM, BUT\u00dcLEENGL\u00dcKOOL, KAPRYL\u00dc\u00dcLGL\u00dcKOOL, ARGINIIN, ET\u00dc\u00dcLHEKS\u00dc\u00dcLGL\u00dcTSERIIN, LETSITIIN, SKLEROOTSIUMKUMM, AKR\u00dcLAADID\/C10-30 ALK\u00dc\u00dcLAKR\u00dcLAADI RISTPOL\u00dcMEER, PULLULAAN, DINAATRIUM EDTA, SORBITOOL, K\u00dcSANTHELLI EKSTRAKT, PARF\u00dc\u00dcM, ASPARAGOPSIS ARMATA EKSTRAKT, KARBOMEER, ASCOPHYLLUM NODOSUMI EKSTRAKT, POL\u00dcSORBAAT 20, PALMITO\u00dc\u00dcLPENTAPEPTIID-4<\/li>\n<\/ul><\/div>\n<\/div>","protected":false},"excerpt":{"rendered":"<p>Mitmetoimeline kreem, mis on spetsiaalselt loodud silma\u00fcmbruse nahale.<\/p>","protected":false},"featured_media":7635,"template":"","meta":[],"product_brand":[66],"product_cat":[69],"product_tag":[],"class_list":{"0":"post-7803","1":"product","2":"type-product","3":"status-publish","4":"has-post-thumbnail","6":"product_brand-juliette-armand","7":"product_cat-cream","9":"first","10":"instock","11":"sale","12":"taxable","13":"shipping-taxable","14":"purchasable","15":"product-type-simple"},"_links":{"self":[{"href":"https:\/\/profskin.ee\/et\/wp-json\/wp\/v2\/product\/7803","targetHints":{"allow":["GET"]}}],"collection":[{"href":"https:\/\/profskin.ee\/et\/wp-json\/wp\/v2\/product"}],"about":[{"href":"https:\/\/profskin.ee\/et\/wp-json\/wp\/v2\/types\/product"}],"wp:featuredmedia":[{"embeddable":true,"href":"https:\/\/profskin.ee\/et\/wp-json\/wp\/v2\/media\/7635"}],"wp:attachment":[{"href":"https:\/\/profskin.ee\/et\/wp-json\/wp\/v2\/media?parent=7803"}],"wp:term":[{"taxonomy":"product_brand","embeddable":true,"href":"https:\/\/profskin.ee\/et\/wp-json\/wp\/v2\/product_brand?post=7803"},{"taxonomy":"product_cat","embeddable":true,"href":"https:\/\/profskin.ee\/et\/wp-json\/wp\/v2\/product_cat?post=7803"},{"taxonomy":"product_tag","embeddable":true,"href":"https:\/\/profskin.ee\/et\/wp-json\/wp\/v2\/product_tag?post=7803"}],"curies":[{"name":"t\u00f6\u00f6leht","href":"https:\/\/api.w.org\/{rel}","templated":true}]}}