{"id":7804,"date":"2025-07-03T21:22:58","date_gmt":"2025-07-03T21:22:58","guid":{"rendered":"https:\/\/profskin.ee\/?post_type=product&#038;p=7804"},"modified":"2026-03-18T15:24:45","modified_gmt":"2026-03-18T15:24:45","slug":"retinoid-c-cream","status":"publish","type":"product","link":"https:\/\/profskin.ee\/et\/toode\/retinoid-c-cream\/","title":{"rendered":"Retinoid C kreem"},"content":{"rendered":"<h6>Taaselustav, antioks\u00fcdantne n\u00e4okreem k\u00f5ikidele nahat\u00fc\u00fcpidele.<\/h6>\n<p>See parandab naha v\u00e4limust ja kvaliteeti, v\u00e4hendades peeneid jooni, kortse, v\u00e4rvimuutusi ja aknearme. Samal ajal suurendab see naha elastsust ja s\u00e4ra, muutes selle s\u00e4ravaks ja v\u00e4rskendades jumet.<\/p>\n<div class=\"em-row\">\n<div class=\"em-lg-4 em-col\">\n<h6 class=\"em-font-medium\" style=\"margin-top: 1.2rem; margin-bottom: 1.2rem;\">Sobib<\/h6>\n<ul>\n<li>Akne, antioks\u00fcdant, peened jooned, s\u00e4ra, niisutus, rasune nahk, pigmentatsioon, kaitse, parandamine, kortsud.<\/li>\n<li>Kombineeritud, kuiv, normaalne, rasune nahk.<\/li>\n<li>K\u00f5ikidele nahat\u00fc\u00fcpidele (sega, kuiv, normaalne, rasune).<\/li>\n<\/ul>\n<h6 class=\"em-font-medium\" style=\"margin-top: 1.2rem; margin-bottom: 1.2rem;\">Kuidas kasutada<\/h6>\n<ul>\n<li>Kandke v\u00e4ike kogus kogu n\u00e4ole 1-2 korda p\u00e4evas.<\/li>\n<\/ul><\/div>\n<div class=\"em-lg-4 em-col\">\n<h6 class=\"em-font-medium\" style=\"margin-top: 1.2rem; margin-bottom: 1.2rem;\">Toimeained ja koostisosad<\/h6>\n<ul>\n<li><strong>3-O-et\u00fc\u00fclaskorbiinhape<\/strong><\/li>\n<li><strong>Aprikoosi\u00f5li<\/strong><\/li>\n<li><strong>Centella ekstrakt<\/strong><\/li>\n<li><strong>Jojoba\u00f5li<\/strong><\/li>\n<li><strong>MMW h\u00fcaluroonhape<\/strong><\/li>\n<li><strong>Pantenool<\/strong><\/li>\n<li><strong>Retinoid 0,5%<\/strong><\/li>\n<li><strong>Sheav\u00f5i<\/strong><\/li>\n<li><strong>E-vitamiin<\/strong><\/li>\n<li><strong>Muud<\/strong>KOOSTISOSAD: VESI, C12-20 HAPPE PEG-8 ESTER, BUT\u00dcLEENGL\u00dcKOOL, GL\u00dcTSERIIN, POL\u00dcGL\u00dcTSER\u00dc\u00dcL-3 MET\u00dc\u00dcLGL\u00dcKOOSDISTEARAAT, TSET\u00dc\u00dcLALKOHOL, ET\u00dc\u00dcLHEKS\u00dc\u00dcLSTEARAAT, PRUNUSH ARMENIACA TUUMA\u00d5LI, TS\u00dcKLOPENTASILOKSAAN, BUTYROSPERMUM PARKII V\u00d5I, SIMMONDSIA CHINENSIS SEEMNE\u00d5LI, PANTENOOL, TS\u00dcKLOHEKSASILOKSAANI, PARF\u00dc\u00dcM, FENOKS\u00dcETANOOL, GL\u00dcTSIINISOJA STEROOLID, TOKOFER\u00dc\u00dcLATSETAAT, DIMET\u00dc\u00dcLISOSORBIID, KAPRU\u00dcL\u00dc\u00dcLGL\u00dcKOOL, ET\u00dc\u00dcLHEKS\u00dc\u00dcLGL\u00dcTSERIIN, 3-O-ET\u00dc\u00dcLASKORBIINHAPPE, DIMETIKOON, POL\u00dcAKR\u00dc\u00dcLAMIID, GL\u00dcTSER\u00dc\u00dcLPOL\u00dcAKR\u00dcLAAT, C13-14 ISOPARAFIIN, NAATRIUM H\u00dcALURONAAT, AASIA CENTELLA LEHE EKSTRAKT, DINAATRIUM EDTA, H\u00dcDROKS\u00dcPINAKOLOON RETINOAT, LAURETH-7<\/li>\n<\/ul><\/div>\n<\/div>","protected":false},"excerpt":{"rendered":"<p>Taaselustav, antioks\u00fcdantne n\u00e4okreem k\u00f5ikidele nahat\u00fc\u00fcpidele.<\/p>","protected":false},"featured_media":7634,"template":"","meta":[],"product_brand":[66],"product_cat":[69],"product_tag":[],"class_list":{"0":"post-7804","1":"product","2":"type-product","3":"status-publish","4":"has-post-thumbnail","6":"product_brand-juliette-armand","7":"product_cat-cream","9":"first","10":"instock","11":"sale","12":"taxable","13":"shipping-taxable","14":"purchasable","15":"product-type-simple"},"_links":{"self":[{"href":"https:\/\/profskin.ee\/et\/wp-json\/wp\/v2\/product\/7804","targetHints":{"allow":["GET"]}}],"collection":[{"href":"https:\/\/profskin.ee\/et\/wp-json\/wp\/v2\/product"}],"about":[{"href":"https:\/\/profskin.ee\/et\/wp-json\/wp\/v2\/types\/product"}],"wp:featuredmedia":[{"embeddable":true,"href":"https:\/\/profskin.ee\/et\/wp-json\/wp\/v2\/media\/7634"}],"wp:attachment":[{"href":"https:\/\/profskin.ee\/et\/wp-json\/wp\/v2\/media?parent=7804"}],"wp:term":[{"taxonomy":"product_brand","embeddable":true,"href":"https:\/\/profskin.ee\/et\/wp-json\/wp\/v2\/product_brand?post=7804"},{"taxonomy":"product_cat","embeddable":true,"href":"https:\/\/profskin.ee\/et\/wp-json\/wp\/v2\/product_cat?post=7804"},{"taxonomy":"product_tag","embeddable":true,"href":"https:\/\/profskin.ee\/et\/wp-json\/wp\/v2\/product_tag?post=7804"}],"curies":[{"name":"t\u00f6\u00f6leht","href":"https:\/\/api.w.org\/{rel}","templated":true}]}}