{"id":7805,"date":"2025-07-03T21:22:58","date_gmt":"2025-07-03T21:22:58","guid":{"rendered":"https:\/\/profskin.ee\/?post_type=product&#038;p=7805"},"modified":"2026-03-18T15:24:45","modified_gmt":"2026-03-18T15:24:45","slug":"caviar-nourishing-cream","status":"publish","type":"product","link":"https:\/\/profskin.ee\/et\/toode\/caviar-nourishing-cream\/","title":{"rendered":"Kaaviari toitev kreem"},"content":{"rendered":"<h6>Toitev n\u00e4okreem kaaviariga, rikastatud \u03a93-, \u03a96-, \u03a99-rasvhapete, kollageeni, keramiidide ning A-, E- ja F-vitamiinidega k\u00fcpsele, v\u00e4sinud ja tuhmile nahale.<\/h6>\n<p>See pakub t\u00e4ielikku toitvat hooldust v\u00e4simuse ja kortsudega nahale, tugevdades naha h\u00fcdrolipiidbarj\u00e4\u00e4ri, varustades seda vajalike lipiididega.<\/p>\n<div class=\"em-row\">\n<div class=\"em-lg-4 em-col\">\n<h6 class=\"em-font-medium\" style=\"margin-top: 1.2rem; margin-bottom: 1.2rem;\">Sobib<\/h6>\n<ul>\n<li>Vananemisvastane, antioks\u00fcdant, s\u00e4ra, niisutus, rasueritus, kaitse, kortsud.<\/li>\n<li>Kombineeritud, kuiv, normaalne nahk.<\/li>\n<li>K\u00f5ikidele nahat\u00fc\u00fcpidele (sega, kuiv, normaalne, rasune).<\/li>\n<\/ul>\n<h6 class=\"em-font-medium\" style=\"margin-top: 1.2rem; margin-bottom: 1.2rem;\">Kuidas kasutada<\/h6>\n<ul>\n<li>Kanna n\u00e4ole ja kaelale kuni imendumiseni.<\/li>\n<\/ul><\/div>\n<div class=\"em-lg-4 em-col\">\n<h6 class=\"em-font-medium\" style=\"margin-top: 1.2rem; margin-bottom: 1.2rem;\">Toimeained ja koostisosad<\/h6>\n<ul>\n<li><strong>Must kaaviar<\/strong><\/li>\n<li><strong>Keramiidkompleks<\/strong><\/li>\n<li><strong>T\u0161iia\u00f5li<\/strong><\/li>\n<li><strong>Kollageen<\/strong><\/li>\n<li><strong>Filagrinool<\/strong><\/li>\n<li><strong>Inkade oomega\u00f5li<\/strong><\/li>\n<li><strong>L\u00f5he munarakk<\/strong><\/li>\n<li><strong>Unisf\u00e4\u00e4rid (A-vitamiin<\/strong><\/li>\n<li><strong>E-vitamiin)<\/strong><\/li>\n<li><strong>Veneetsia<\/strong><\/li>\n<li><strong>E-vitamiin<\/strong><\/li>\n<li><strong>F-vitamiin Forte (linoolhape)<\/strong><\/li>\n<li><strong>Linoleenhape)<\/strong><\/li>\n<li><strong>Nisuidu\u00f5li<\/strong><\/li>\n<li><strong>Muud<\/strong>KOOSTIS: VESI, KAPRIIL-\/KAPRIINTRIGL\u00dcTSERIID, DIMETIKOON, GL\u00dcTSERIIN, ET\u00dc\u00dcLHEKS\u00dc\u00dcLSTEARAAT, SALVIA HISPANICA SEEMNE\u00d5LI, OLEA EUROPAEA \u00d5LI MITTESEIBISTUVAD OSAD, GL\u00dcTSER\u00dc\u00dcLSTEARAAT, TSETEAR\u00dc\u00dcLALKOHOL, TSET\u00dc\u00dcLALKOHOL, PLUKENETIA VOLUBILIS SEEMNE\u00d5LI, TRITICUM VULGARE IDU\u00d5LI, THERMUS THERMOPHILLUS FERMENT, COCOS NUCIFERA \u00d5LI, GLYCINE SOJA \u00d5LI MITTESEIBISTUVAD OSAD, TRITICUM VULGARE IDU\u00d5LI MITTESEIBISTUVAD OSAD, FENOKS\u00dcETANOOL, LINOLEENHAPPE, PEG-75 STEARAATI, H\u00dcDROL\u00dc\u00dcSITUD KOLLAGEEN, PARF\u00dc\u00dcM, TOKOFER\u00dc\u00dcLATSETAAT, ET\u00dc\u00dcLHEKS\u00dc\u00dcLGL\u00dcTSERIIN, KAPRI\u00dcL\u00dc\u00dcLGL\u00dcKOOL H\u00dcDROGEENITUD POL\u00dcDETSEEN, MANNITOL, TSETET-20, STEARETH-20, TSET\u00dc\u00dcLH\u00dcDROKS\u00dcET\u00dc\u00dcLTSELLULOOS, MIKROKRISTALLILINE TSELLULOOS, L\u00d5HE MUNAVA EKSTRAKT, \u00d5IETOLMUNE EKSTRAKT, AKR\u00dcLAADID\/C10-30 ALK\u00dc\u00dcLAKR\u00dcLAADI RISTPOL\u00dcMEER, ARGINIIN, PEG-8, 1,2-HEKSAANDIOOL, KERAMIID NP, TOKOFEROOL, KERAMIID AP, KOLESTEROOL, H\u00dcDROGEENITUD LETSITIIN, F\u00dcTOSFINGOSIIN, STEARIINHAPE, CI 77499, KAVIARI EKSTRAKT, TETRAATSET\u00dc\u00dcLF\u00dcTOSFINGOSIIN, ASKORB\u00dc\u00dcLPALMITAAT, LINOLEENHAPE, AKR\u00dcLAADID\/AMMOONIUMMETAKR\u00dcLAADI KOPOL\u00dcMEER, VILGUKIVI, RETINY\u00dcLPALMITAAT, TRIET\u00dc\u00dcLTSITRAAT, KSANTAANKUMM, ASKORBIINHAPPE, SIDRUNHAPE, KERAMIID EOP, CI 77891, H\u00dcDROKS\u00dcPROP\u00dc\u00dcLMET\u00dc\u00dcLTSELLULOOS, GL\u00dcKOSFINGOLIPIIDID<\/li>\n<\/ul><\/div>\n<\/div>","protected":false},"excerpt":{"rendered":"<p>Toitev n\u00e4okreem kaaviariga, rikastatud \u03a93-, \u03a96-, \u03a99-rasvhapete, kollageeni, keramiidide ning A-, E- ja F-vitamiinidega k\u00fcpsele, v\u00e4sinud ja tuhmile nahale.<\/p>","protected":false},"featured_media":7633,"template":"","meta":[],"product_brand":[66],"product_cat":[69],"product_tag":[],"class_list":{"0":"post-7805","1":"product","2":"type-product","3":"status-publish","4":"has-post-thumbnail","6":"product_brand-juliette-armand","7":"product_cat-cream","9":"first","10":"instock","11":"sale","12":"taxable","13":"shipping-taxable","14":"purchasable","15":"product-type-simple"},"_links":{"self":[{"href":"https:\/\/profskin.ee\/et\/wp-json\/wp\/v2\/product\/7805","targetHints":{"allow":["GET"]}}],"collection":[{"href":"https:\/\/profskin.ee\/et\/wp-json\/wp\/v2\/product"}],"about":[{"href":"https:\/\/profskin.ee\/et\/wp-json\/wp\/v2\/types\/product"}],"wp:featuredmedia":[{"embeddable":true,"href":"https:\/\/profskin.ee\/et\/wp-json\/wp\/v2\/media\/7633"}],"wp:attachment":[{"href":"https:\/\/profskin.ee\/et\/wp-json\/wp\/v2\/media?parent=7805"}],"wp:term":[{"taxonomy":"product_brand","embeddable":true,"href":"https:\/\/profskin.ee\/et\/wp-json\/wp\/v2\/product_brand?post=7805"},{"taxonomy":"product_cat","embeddable":true,"href":"https:\/\/profskin.ee\/et\/wp-json\/wp\/v2\/product_cat?post=7805"},{"taxonomy":"product_tag","embeddable":true,"href":"https:\/\/profskin.ee\/et\/wp-json\/wp\/v2\/product_tag?post=7805"}],"curies":[{"name":"t\u00f6\u00f6leht","href":"https:\/\/api.w.org\/{rel}","templated":true}]}}