{"id":7806,"date":"2025-07-03T21:22:58","date_gmt":"2025-07-03T21:22:58","guid":{"rendered":"https:\/\/profskin.ee\/?post_type=product&#038;p=7806"},"modified":"2026-03-18T15:24:45","modified_gmt":"2026-03-18T15:24:45","slug":"caviar-eye-cream","status":"publish","type":"product","link":"https:\/\/profskin.ee\/et\/toode\/caviar-eye-cream\/","title":{"rendered":"Caviar silmakreem"},"content":{"rendered":"<h6>Kaviaariga kreem, mis on rikastatud oomega-3 ja oomega-6 rasvhapetega ning on spetsiaalselt suunatud silma\u00fcmbrusele.<\/h6>\n<p>See niisutab, stimuleerib ja parandab nahka, v\u00e4hendades kortse, andes sellele prinkuse ja s\u00e4ra.<\/p>\n<div class=\"em-row\">\n<div class=\"em-lg-4 em-col\">\n<h6 class=\"em-font-medium\" style=\"margin-top: 1.2rem; margin-bottom: 1.2rem;\">Sobib<\/h6>\n<ul>\n<li>Silma\u00fcmbrushooldus, peened jooned, s\u00e4ra, niisutus, lifting, tundlikkus, kortsud.<\/li>\n<li>Kombineeritud, kuiv, normaalne, rasune nahk.<\/li>\n<li>K\u00f5ikidele nahat\u00fc\u00fcpidele (sega, kuiv, normaalne, rasune).<\/li>\n<\/ul>\n<h6 class=\"em-font-medium\" style=\"margin-top: 1.2rem; margin-bottom: 1.2rem;\">Kuidas kasutada<\/h6>\n<ul>\n<li>Kanna silma\u00fcmbrusnahale (mitte silmalaugudele) ja masseeri \u00f5rnalt, kuni imendub.<\/li>\n<\/ul><\/div>\n<div class=\"em-lg-4 em-col\">\n<h6 class=\"em-font-medium\" style=\"margin-top: 1.2rem; margin-bottom: 1.2rem;\">Toimeained ja koostisosad<\/h6>\n<ul>\n<li><strong>A-bisabolool<\/strong><\/li>\n<li><strong>Must kaaviar<\/strong><\/li>\n<li><strong>Kofeiin<\/strong><\/li>\n<li><strong>Matrixyl<\/strong><\/li>\n<li><strong>Niiske-24<\/strong><\/li>\n<li><strong>Pantenool<\/strong><\/li>\n<li><strong>L\u00f5he munarakk<\/strong><\/li>\n<li><strong>E-vitamiin<\/strong><\/li>\n<li><strong>F-vitamiin (linoolhape)<\/strong><\/li>\n<li><strong>Linoleenhape)<\/strong><\/li>\n<li><strong>Muud<\/strong>KOOSTIS: VESI, ET\u00dc\u00dcLHEKS\u00dc\u00dcLSTEARAAT, TSETEAR\u00dc\u00dcLALKOHOL, POL\u00dcISOPREEN, GL\u00dcTSERIIN, KAPRIIL-\/KAPRIINTRIGL\u00dcTSERIID, TSETEER\u00dcLALKOHOL, POL\u00dcSORBAAT 80, TS\u00dcKLOPENTASILOKSAAN, H\u00dcDROKS\u00dcET\u00dc\u00dcLAKR\u00dcLAAT\/NAATRIUMAKR\u00dcLO\u00dc\u00dcLDIMET\u00dc\u00dcLTAURAADI KOPOL\u00dcMEER, KOFEIIN, P\u00d5LLUMAJANDUSLIK JUUR EKSTRAKT, TSETEAR\u00dc\u00dcLGL\u00dcKOSIID, TS\u00dcKLOHEKSASILOKSAAAN, DIMETIKOON, LINOLEENHAPPE, PANTENOOL, NAATRIUMSALITS\u00dcLAAT, TOKOFER\u00dc\u00dcLATSETAAT, FENOKS\u00dcETANOOL, BUT\u00dcLEENGL\u00dcKOOL, BISABOLOOL, KAPRI\u00dcL\u00dc\u00dcLGL\u00dcKOOL, KOOKOSP\u00c4HKLITE \u00d5LI, ET\u00dc\u00dcLHEKS\u00dc\u00dcLGL\u00dcTSERIIN, LETSITIIN, POL\u00dcSORBAAT 60 SORBITAANISOSTEARAAT, L\u00d5HE MUNAKONNA EKSTRAKT, DINAATRIUM EDTA, KARBOMEER, PARF\u00dc\u00dcM, R\u00c4NIDIOKSIID, NAATRIUMLAKTAAT, POL\u00dcSORBAAT 20, KAVIARI EKSTRAKT, SIDRUNHAPE, LINOLEENHAPE, NAATRIUMBENSOAAT, AKR\u00dcLAADID\/C10-30 ALK\u00dc\u00dcLAKR\u00dcLAAT<br \/>\nRISTPOL\u00dcMEER, KAALIUMSORBAAT, PALMITO\u00dc\u00dcLPENTAPEPTIID-4, NAATRIUMDEH\u00dcDROATSETAAT, SORBIINHAPE, UNDETS\u00dcLEENHAPE<\/li>\n<\/ul><\/div>\n<\/div>","protected":false},"excerpt":{"rendered":"<p>Kaviaariga kreem, mis on rikastatud oomega-3 ja oomega-6 rasvhapetega ning on spetsiaalselt suunatud silma\u00fcmbrusele.<\/p>","protected":false},"featured_media":7632,"template":"","meta":[],"product_brand":[66],"product_cat":[69],"product_tag":[],"class_list":{"0":"post-7806","1":"product","2":"type-product","3":"status-publish","4":"has-post-thumbnail","6":"product_brand-juliette-armand","7":"product_cat-cream","9":"first","10":"instock","11":"sale","12":"taxable","13":"shipping-taxable","14":"purchasable","15":"product-type-simple"},"_links":{"self":[{"href":"https:\/\/profskin.ee\/et\/wp-json\/wp\/v2\/product\/7806","targetHints":{"allow":["GET"]}}],"collection":[{"href":"https:\/\/profskin.ee\/et\/wp-json\/wp\/v2\/product"}],"about":[{"href":"https:\/\/profskin.ee\/et\/wp-json\/wp\/v2\/types\/product"}],"wp:featuredmedia":[{"embeddable":true,"href":"https:\/\/profskin.ee\/et\/wp-json\/wp\/v2\/media\/7632"}],"wp:attachment":[{"href":"https:\/\/profskin.ee\/et\/wp-json\/wp\/v2\/media?parent=7806"}],"wp:term":[{"taxonomy":"product_brand","embeddable":true,"href":"https:\/\/profskin.ee\/et\/wp-json\/wp\/v2\/product_brand?post=7806"},{"taxonomy":"product_cat","embeddable":true,"href":"https:\/\/profskin.ee\/et\/wp-json\/wp\/v2\/product_cat?post=7806"},{"taxonomy":"product_tag","embeddable":true,"href":"https:\/\/profskin.ee\/et\/wp-json\/wp\/v2\/product_tag?post=7806"}],"curies":[{"name":"t\u00f6\u00f6leht","href":"https:\/\/api.w.org\/{rel}","templated":true}]}}