{"id":7807,"date":"2025-07-03T21:22:58","date_gmt":"2025-07-03T21:22:58","guid":{"rendered":"https:\/\/profskin.ee\/?post_type=product&#038;p=7807"},"modified":"2026-03-18T15:24:45","modified_gmt":"2026-03-18T15:24:45","slug":"brightening-cream","status":"publish","type":"product","link":"https:\/\/profskin.ee\/et\/toode\/brightening-cream\/","title":{"rendered":"Helendavat kreemi"},"content":{"rendered":"<h6>Kreem, mis annab pigmendiprobleemide ja vistrikega nahale s\u00e4ra ja s\u00e4ra.<\/h6>\n<p>See niisutab, parandab naha v\u00e4limust ja annab \u00fchtlasema nahatooni. Seda saab kasutada nii kogu p\u00e4eva v\u00e4ltel kui ka ennetavaks hoolduseks.<\/p>\n<div class=\"em-row\">\n<div class=\"em-lg-4 em-col\">\n<h6 class=\"em-font-medium\" style=\"margin-top: 1.2rem; margin-bottom: 1.2rem;\">Sobib<\/h6>\n<ul>\n<li>S\u00e4ra, niisutus, kaitse, UV-kaitse.<\/li>\n<li>Kombineeritud, kuiv, normaalne, rasune nahk.<\/li>\n<li>K\u00f5ikidele nahat\u00fc\u00fcpidele (sega, kuiv, normaalne, rasune).<\/li>\n<\/ul>\n<h6 class=\"em-font-medium\" style=\"margin-top: 1.2rem; margin-bottom: 1.2rem;\">Kuidas kasutada<\/h6>\n<ul>\n<li>Kandke v\u00e4ike kogus soovitud piirkonnale 1-2 korda p\u00e4evas.<\/li>\n<\/ul><\/div>\n<div class=\"em-lg-4 em-col\">\n<h6 class=\"em-font-medium\" style=\"margin-top: 1.2rem; margin-bottom: 1.2rem;\">Toimeained ja koostisosad<\/h6>\n<ul>\n<li><strong>A-arbutiin<\/strong><\/li>\n<li><strong>A-bisabolool<\/strong><\/li>\n<li><strong>Askorbiinhape<\/strong><\/li>\n<li><strong>Asyntra<\/strong><\/li>\n<li><strong>Rumex<\/strong><\/li>\n<li><strong>Sheav\u00f5i<\/strong><\/li>\n<li><strong>UV-filtrid<\/strong><\/li>\n<li><strong>E-vitamiin<\/strong><\/li>\n<li><strong>Muud<\/strong>KOOSTISOSAD: VESI, ET\u00dc\u00dcLHEKS\u00dc\u00dcLMETOKS\u00dcTINAMAAT, ISOPROP\u00dc\u00dcLM\u00dcRISTAAT, GL\u00dcTSERIIN, C12-16 ALKOHOLID, BUT\u00dc\u00dcLMETOKS\u00dcDIBENSOO\u00dcLMETAAN, DIBUT\u00dc\u00dcLADIPAAT, ALFA-ARBUTIIN, BUTYROSPERMUM PARKII V\u00d5I, H\u00dcDROGENISEERITUD LETSITIIN, PALMIITHAPE, KAPRO\u00dc\u00dcL-\/KAPRIINTRIGL\u00dcTSERIID, TOKOFER\u00dc\u00dcLATSETAAT, FENOKS\u00dcETANOOL, OKTOKR\u00dcLEEN, PARF\u00dc\u00dcM, ET\u00dc\u00dcLLINOLEAAT, KAPRO\u00dc\u00dcLGL\u00dcKOOL, HEKS\u00dc\u00dcLRESORTSINOOOL, AKR\u00dcLAADID\/C10-30 ALK\u00dc\u00dcLAKR\u00dcLAADI RISTPOL\u00dcMEER, ET\u00dc\u00dcLHEKS\u00dc\u00dcLGL\u00dcTSERIIN, NAATRIUMAKR\u00dcLAATIDE KOPOL\u00dcMEER, H\u00dcDROGENISEERITUD POL\u00dcDETSEEN, BISABOLOOL, DINAATRIUM-EDTA, ASKORBIINHAPPE, KAALIUMH\u00dcDROKSIID, RUMEX OCCIDENTALIS EKSTRAKT, HELIANTHUS ANNUUS SEEMNE\u00d5LI, FOSFOLIPIIDID, POL\u00dcGL\u00dcTSER\u00dc\u00dcL-10 STEARAAT<\/li>\n<\/ul><\/div>\n<\/div>","protected":false},"excerpt":{"rendered":"<p>Kreem, mis annab pigmendiprobleemide ja vistrikega nahale s\u00e4ra ja s\u00e4ra.<\/p>","protected":false},"featured_media":7631,"template":"","meta":[],"product_brand":[66],"product_cat":[69],"product_tag":[],"class_list":{"0":"post-7807","1":"product","2":"type-product","3":"status-publish","4":"has-post-thumbnail","6":"product_brand-juliette-armand","7":"product_cat-cream","9":"first","10":"instock","11":"sale","12":"taxable","13":"shipping-taxable","14":"purchasable","15":"product-type-simple"},"_links":{"self":[{"href":"https:\/\/profskin.ee\/et\/wp-json\/wp\/v2\/product\/7807","targetHints":{"allow":["GET"]}}],"collection":[{"href":"https:\/\/profskin.ee\/et\/wp-json\/wp\/v2\/product"}],"about":[{"href":"https:\/\/profskin.ee\/et\/wp-json\/wp\/v2\/types\/product"}],"wp:featuredmedia":[{"embeddable":true,"href":"https:\/\/profskin.ee\/et\/wp-json\/wp\/v2\/media\/7631"}],"wp:attachment":[{"href":"https:\/\/profskin.ee\/et\/wp-json\/wp\/v2\/media?parent=7807"}],"wp:term":[{"taxonomy":"product_brand","embeddable":true,"href":"https:\/\/profskin.ee\/et\/wp-json\/wp\/v2\/product_brand?post=7807"},{"taxonomy":"product_cat","embeddable":true,"href":"https:\/\/profskin.ee\/et\/wp-json\/wp\/v2\/product_cat?post=7807"},{"taxonomy":"product_tag","embeddable":true,"href":"https:\/\/profskin.ee\/et\/wp-json\/wp\/v2\/product_tag?post=7807"}],"curies":[{"name":"t\u00f6\u00f6leht","href":"https:\/\/api.w.org\/{rel}","templated":true}]}}