{"id":7808,"date":"2025-07-03T21:22:58","date_gmt":"2025-07-03T21:22:58","guid":{"rendered":"https:\/\/profskin.ee\/?post_type=product&#038;p=7808"},"modified":"2026-03-18T14:59:48","modified_gmt":"2026-03-18T14:59:48","slug":"clarifying-active-cream","status":"publish","type":"product","link":"https:\/\/profskin.ee\/et\/toode\/clarifying-active-cream\/","title":{"rendered":"Selgitav aktiivne kreem"},"content":{"rendered":"<h6>Intensiivne kreem, mis on spetsiaalselt loodud akneprobleemidega nahale.<\/h6>\n<p>See v\u00e4hendab akne s\u00fcmptomite ilmnemist ja imab liigse rasu, parandades naha v\u00e4limust ilma kuivust ja \u00e4rritust p\u00f5hjustamata.<\/p>\n<div class=\"em-row\">\n<div class=\"em-lg-4 em-col\">\n<h6 class=\"em-font-medium\" style=\"margin-top: 1.2rem; margin-bottom: 1.2rem;\">Sobib<\/h6>\n<ul>\n<li>Akne, niisutamine, rasueritus.<\/li>\n<li>Rasune nahk.<\/li>\n<li>K\u00f5ikidele nahat\u00fc\u00fcpidele (sega, kuiv, normaalne, rasune).<\/li>\n<\/ul>\n<h6 class=\"em-font-medium\" style=\"margin-top: 1.2rem; margin-bottom: 1.2rem;\">Kuidas kasutada<\/h6>\n<ul>\n<li>Kandke v\u00e4ike kogus kogu n\u00e4ole 1-2 korda p\u00e4evas.<\/li>\n<\/ul><\/div>\n<div class=\"em-lg-4 em-col\">\n<h6 class=\"em-font-medium\" style=\"margin-top: 1.2rem; margin-bottom: 1.2rem;\">Toimeained ja koostisosad<\/h6>\n<ul>\n<li><strong>A-bisabolool<\/strong><\/li>\n<li><strong>Allantoiin<\/strong><\/li>\n<li><strong>Aloe vera<\/strong><\/li>\n<li><strong>Aselaiinhape 4%<\/strong><\/li>\n<li><strong>Saialilleekstrakt<\/strong><\/li>\n<li><strong>Kanada pajulill 1%<\/strong><\/li>\n<li><strong>Manuka \u00f5li<\/strong><\/li>\n<li><strong>Menti eeterlik \u00f5li<\/strong><\/li>\n<li><strong>Mimoosi ekstrakt<\/strong><\/li>\n<li><strong>Normaseb 1%<\/strong><\/li>\n<li><strong>Pol\u00fctrap<\/strong><\/li>\n<li><strong>Sebopessina<\/strong><\/li>\n<li><strong>Muud<\/strong>KOOSTIS: VESI, BUT\u00dcLEENGL\u00dcKOOL, ASELAIINHAPE, NAATRIUMPOL\u00dcAKR\u00dcLAAT, ALOE BARBADENSIS&#039;E LEHE EKSTRAKT, H\u00dcDROGENISEERITUD POL\u00dcDETSEEN, LAURYLMETAKR\u00dcLAADI\/GL\u00dcKOOLDIMETAKR\u00dcLAADI RISTPOL\u00dcMEER, NAILON-12, TS\u00dcKLOPENTASILOKSAAN, GL\u00dcTSERIIN, SIMMONDSIA CHINENSIS&#039;E SEEMNE\u00d5LI, TS\u00dcKLOHEKSASILOKSAANI, FENOKS\u00dcETANOOL, POL\u00dcISOPREEN, ET\u00dc\u00dcLHEKS\u00dc\u00dcLGL\u00dcTSERIIN, KAPRYL\u00dc\u00dcLGL\u00dcKOOL, H\u00dcDROL\u00dc\u00dcSITUD PIIMAVALK, TRIDETSET-6, ALLANTOIIN, BISABOLOOL, GL\u00dcTS\u00dcRRETIINHAPPE, LEPTOSPERMUM SCOPARIUMI LEHE-\/OKA\u00d5LI, MENTHA ARVENSIS&#039;E LEHE\u00d5LI, SAIALILLE \u00d5IE EKSTRAKT, MIMOOS TENUIFLORA KOORE EKSTRAKT, EPILOBIUM ANGUSTIFOLIUM&#039;I \u00d5IE\/LEHE\/VARRE EKSTRAKT, GL\u00dcTSIINISOA STEROOLID<\/li>\n<\/ul><\/div>\n<\/div>","protected":false},"excerpt":{"rendered":"<p>Intensiivne kreem, mis on spetsiaalselt loodud akneprobleemidega nahale.<\/p>","protected":false},"featured_media":7630,"template":"","meta":[],"product_brand":[66],"product_cat":[69],"product_tag":[],"class_list":{"0":"post-7808","1":"product","2":"type-product","3":"status-publish","4":"has-post-thumbnail","6":"product_brand-juliette-armand","7":"product_cat-cream","9":"first","10":"instock","11":"sale","12":"taxable","13":"shipping-taxable","14":"purchasable","15":"product-type-simple"},"_links":{"self":[{"href":"https:\/\/profskin.ee\/et\/wp-json\/wp\/v2\/product\/7808","targetHints":{"allow":["GET"]}}],"collection":[{"href":"https:\/\/profskin.ee\/et\/wp-json\/wp\/v2\/product"}],"about":[{"href":"https:\/\/profskin.ee\/et\/wp-json\/wp\/v2\/types\/product"}],"wp:featuredmedia":[{"embeddable":true,"href":"https:\/\/profskin.ee\/et\/wp-json\/wp\/v2\/media\/7630"}],"wp:attachment":[{"href":"https:\/\/profskin.ee\/et\/wp-json\/wp\/v2\/media?parent=7808"}],"wp:term":[{"taxonomy":"product_brand","embeddable":true,"href":"https:\/\/profskin.ee\/et\/wp-json\/wp\/v2\/product_brand?post=7808"},{"taxonomy":"product_cat","embeddable":true,"href":"https:\/\/profskin.ee\/et\/wp-json\/wp\/v2\/product_cat?post=7808"},{"taxonomy":"product_tag","embeddable":true,"href":"https:\/\/profskin.ee\/et\/wp-json\/wp\/v2\/product_tag?post=7808"}],"curies":[{"name":"t\u00f6\u00f6leht","href":"https:\/\/api.w.org\/{rel}","templated":true}]}}