{"id":7809,"date":"2025-07-03T21:22:58","date_gmt":"2025-07-03T21:22:58","guid":{"rendered":"https:\/\/profskin.ee\/?post_type=product&#038;p=7809"},"modified":"2026-03-18T15:25:00","modified_gmt":"2026-03-18T15:25:00","slug":"hydra-mattifying-gel","status":"publish","type":"product","link":"https:\/\/profskin.ee\/et\/toode\/hydra-mattifying-gel\/","title":{"rendered":"Hydra matistav geel"},"content":{"rendered":"<h6>N\u00e4ogeel, mis \u00fchendab niisutava toime ja rasuse erituse v\u00e4hendamise, kombineeritud, rasusele ja aknele kalduvale nahale.<\/h6>\n<p>See imab endasse ja matistab liigse rasu, suurendades samal ajal naha niiskustaset. Ideaalne meigip\u00f5hjaks.<\/p>\n<div class=\"em-row\">\n<div class=\"em-lg-4 em-col\">\n<h6 class=\"em-font-medium\" style=\"margin-top: 1.2rem; margin-bottom: 1.2rem;\">Sobib<\/h6>\n<ul>\n<li>Akne, niisutamine, rasueritus.<\/li>\n<li>Segat\u00fc\u00fcpi, rasune nahk.<\/li>\n<li>K\u00f5ikidele nahat\u00fc\u00fcpidele (sega, kuiv, normaalne, rasune).<\/li>\n<\/ul>\n<h6 class=\"em-font-medium\" style=\"margin-top: 1.2rem; margin-bottom: 1.2rem;\">Kuidas kasutada<\/h6>\n<ul>\n<li>Kandke v\u00e4ike kogus kogu n\u00e4ole 1-2 korda p\u00e4evas.<\/li>\n<\/ul><\/div>\n<div class=\"em-lg-4 em-col\">\n<h6 class=\"em-font-medium\" style=\"margin-top: 1.2rem; margin-bottom: 1.2rem;\">Toimeained ja koostisosad<\/h6>\n<ul>\n<li><strong>Aloe vera<\/strong><\/li>\n<li><strong>MMW h\u00fcaluroonhape<\/strong><\/li>\n<li><strong>Multi-B-kompleks (B1<\/strong><\/li>\n<li><strong>B2<\/strong><\/li>\n<li><strong>B3<\/strong><\/li>\n<li><strong>B5<\/strong><\/li>\n<li><strong>\u03926<\/strong><\/li>\n<li><strong>B12)<\/strong><\/li>\n<li><strong>Pol\u00fctrap<\/strong><\/li>\n<li><strong>Punase ristiku ekstrakt<\/strong><\/li>\n<li><strong>Muud<\/strong>KOOSTIS: VESI, AALOE BARBADENSIS&#039;E LEHE EKSTRAKT, GL\u00dcTSERIIN, BUT\u00dcLEENGL\u00dcKOOL, DIMETIKOON, NAATRIUMPOL\u00dcAKR\u00dcLAAT, LAURYLMETAKR\u00dcLAADI\/GL\u00dcKOOLDIMETAKR\u00dcLAADI RISTPOL\u00dcMEER, RITSINOLEET-40, ISOPENT\u00dc\u00dcLDIOOL, H\u00dcDROGENISEERITUD POL\u00dcDETSEEN, PPG-25-LAUREET-25, FENOKS\u00dcETANOOL, KAPRYL\u00dc\u00dcLGL\u00dcKOOL, FAEX EKSTRAKT, ET\u00dc\u00dcLHEKS\u00dc\u00dcLGL\u00dcTSERIIN, PARF\u00dc\u00dcM,<br \/>\nTRIDECETH-6, TRIFOLIUM PRATENSE&#039;I \u00d5IE EKSTRAKT, NAATRIUMH\u00dcALURONAAT<\/li>\n<\/ul><\/div>\n<\/div>","protected":false},"excerpt":{"rendered":"<p>N\u00e4ogeel, mis \u00fchendab niisutava toime ja rasuse erituse v\u00e4hendamise, kombineeritud, rasusele ja aknele kalduvale nahale.<\/p>","protected":false},"featured_media":7629,"template":"","meta":[],"product_brand":[66],"product_cat":[69],"product_tag":[],"class_list":{"0":"post-7809","1":"product","2":"type-product","3":"status-publish","4":"has-post-thumbnail","6":"product_brand-juliette-armand","7":"product_cat-cream","9":"first","10":"instock","11":"sale","12":"taxable","13":"shipping-taxable","14":"purchasable","15":"product-type-simple"},"_links":{"self":[{"href":"https:\/\/profskin.ee\/et\/wp-json\/wp\/v2\/product\/7809","targetHints":{"allow":["GET"]}}],"collection":[{"href":"https:\/\/profskin.ee\/et\/wp-json\/wp\/v2\/product"}],"about":[{"href":"https:\/\/profskin.ee\/et\/wp-json\/wp\/v2\/types\/product"}],"wp:featuredmedia":[{"embeddable":true,"href":"https:\/\/profskin.ee\/et\/wp-json\/wp\/v2\/media\/7629"}],"wp:attachment":[{"href":"https:\/\/profskin.ee\/et\/wp-json\/wp\/v2\/media?parent=7809"}],"wp:term":[{"taxonomy":"product_brand","embeddable":true,"href":"https:\/\/profskin.ee\/et\/wp-json\/wp\/v2\/product_brand?post=7809"},{"taxonomy":"product_cat","embeddable":true,"href":"https:\/\/profskin.ee\/et\/wp-json\/wp\/v2\/product_cat?post=7809"},{"taxonomy":"product_tag","embeddable":true,"href":"https:\/\/profskin.ee\/et\/wp-json\/wp\/v2\/product_tag?post=7809"}],"curies":[{"name":"t\u00f6\u00f6leht","href":"https:\/\/api.w.org\/{rel}","templated":true}]}}