{"id":7810,"date":"2025-07-03T21:22:58","date_gmt":"2025-07-03T21:22:58","guid":{"rendered":"https:\/\/profskin.ee\/?post_type=product&#038;p=7810"},"modified":"2026-03-18T15:18:23","modified_gmt":"2026-03-18T15:18:23","slug":"biphase-eye-make-up-remover","status":"publish","type":"product","link":"https:\/\/profskin.ee\/et\/toode\/biphase-eye-make-up-remover\/","title":{"rendered":"Kahefaasiline silmameigieemaldaja"},"content":{"rendered":"<h6>Kahefaasiline puhastusvahend (\u00f5li-vesi), mis on spetsiaalselt loodud silma\u00fcmbruse puhastamiseks.<\/h6>\n<p>Eemaldab meigi kergesti, p\u00f5hjustamata \u00e4rritust ja kuivust.<\/p>\n<div class=\"em-row\">\n<div class=\"em-lg-4 em-col\">\n<h6 class=\"em-font-medium\" style=\"margin-top: 1.2rem; margin-bottom: 1.2rem;\">Sobib<\/h6>\n<ul>\n<li>Silmade hooldus, niisutamine, tundlikkus.<\/li>\n<li>Kombineeritud, kuiv, normaalne, rasune nahk.<\/li>\n<li>K\u00f5ikidele nahat\u00fc\u00fcpidele (sega, kuiv, normaalne, rasune).<\/li>\n<\/ul>\n<h6 class=\"em-font-medium\" style=\"margin-top: 1.2rem; margin-bottom: 1.2rem;\">Kuidas kasutada<\/h6>\n<ul>\n<li>Kanna v\u00e4ike kogus vatipadjaga silma\u00fcmbruspiirkonnale. Enne kasutamist loksuta korralikult.<\/li>\n<\/ul><\/div>\n<div class=\"em-lg-4 em-col\">\n<h6 class=\"em-font-medium\" style=\"margin-top: 1.2rem; margin-bottom: 1.2rem;\">Toimeained ja koostisosad<\/h6>\n<ul>\n<li><strong>Aloe vera<\/strong><\/li>\n<li><strong>Pehmendavad segu\u00f5lid<\/strong><\/li>\n<li><strong>Muud<\/strong>KOOSTIS: VESI, TS\u00dcKLOPENTASILOKSAAN, DIKAPR\u00dc\u00dcLKARBONAAT, BUT\u00dcLEENGL\u00dcKOOL, GL\u00dcTSERIIN, AALOE BARBADENSIS&#039;E LEHE EKSTRAKT, NAATRIUMKLORIID, NAATRIUMLEVULINAAT, NAATRIUMANISAAT, BENSALKOONIUMKLORIID, PARF\u00dc\u00dcM, DIKAALIUMFOSFAAT, CI 16185, NAATRIUMSULFAAT, CI 42051<\/li>\n<\/ul><\/div>\n<\/div>","protected":false},"excerpt":{"rendered":"<p>Kahefaasiline puhastusvahend (\u00f5li-vesi), mis on spetsiaalselt loodud silma\u00fcmbruse puhastamiseks.<\/p>","protected":false},"featured_media":7628,"template":"","meta":[],"product_brand":[66],"product_cat":[71],"product_tag":[],"class_list":{"0":"post-7810","1":"product","2":"type-product","3":"status-publish","4":"has-post-thumbnail","6":"product_brand-juliette-armand","7":"product_cat-cleansers","9":"first","10":"instock","11":"sale","12":"taxable","13":"shipping-taxable","14":"purchasable","15":"product-type-simple"},"_links":{"self":[{"href":"https:\/\/profskin.ee\/et\/wp-json\/wp\/v2\/product\/7810","targetHints":{"allow":["GET"]}}],"collection":[{"href":"https:\/\/profskin.ee\/et\/wp-json\/wp\/v2\/product"}],"about":[{"href":"https:\/\/profskin.ee\/et\/wp-json\/wp\/v2\/types\/product"}],"wp:featuredmedia":[{"embeddable":true,"href":"https:\/\/profskin.ee\/et\/wp-json\/wp\/v2\/media\/7628"}],"wp:attachment":[{"href":"https:\/\/profskin.ee\/et\/wp-json\/wp\/v2\/media?parent=7810"}],"wp:term":[{"taxonomy":"product_brand","embeddable":true,"href":"https:\/\/profskin.ee\/et\/wp-json\/wp\/v2\/product_brand?post=7810"},{"taxonomy":"product_cat","embeddable":true,"href":"https:\/\/profskin.ee\/et\/wp-json\/wp\/v2\/product_cat?post=7810"},{"taxonomy":"product_tag","embeddable":true,"href":"https:\/\/profskin.ee\/et\/wp-json\/wp\/v2\/product_tag?post=7810"}],"curies":[{"name":"t\u00f6\u00f6leht","href":"https:\/\/api.w.org\/{rel}","templated":true}]}}