{"id":7811,"date":"2025-07-03T21:22:58","date_gmt":"2025-07-03T21:22:58","guid":{"rendered":"https:\/\/profskin.ee\/?post_type=product&#038;p=7811"},"modified":"2026-03-18T15:18:41","modified_gmt":"2026-03-18T15:18:41","slug":"clarifying-face-foam","status":"publish","type":"product","link":"https:\/\/profskin.ee\/et\/toode\/clarifying-face-foam\/","title":{"rendered":"Puhastav n\u00e4ovaht"},"content":{"rendered":"<h6>Puhastusvaht, mis on spetsiaalselt loodud aknele kalduva, rasuse ja kombineeritud naha jaoks.<\/h6>\n<p>See eemaldab nahalt j\u00e4\u00e4kained, imab endasse liigse rasu ja tasakaalustab rasueritust.<\/p>\n<div class=\"em-row\">\n<div class=\"em-lg-4 em-col\">\n<h6 class=\"em-font-medium\" style=\"margin-top: 1.2rem; margin-bottom: 1.2rem;\">Sobib<\/h6>\n<ul>\n<li>Akne, rasueritus.<\/li>\n<li>Segat\u00fc\u00fcpi, rasune nahk.<\/li>\n<li>K\u00f5ikidele nahat\u00fc\u00fcpidele (sega, kuiv, normaalne, rasune).<\/li>\n<\/ul>\n<h6 class=\"em-font-medium\" style=\"margin-top: 1.2rem; margin-bottom: 1.2rem;\">Kuidas kasutada<\/h6>\n<ul>\n<li>Kandke peale ja eemaldage veega.<\/li>\n<\/ul><\/div>\n<div class=\"em-lg-4 em-col\">\n<h6 class=\"em-font-medium\" style=\"margin-top: 1.2rem; margin-bottom: 1.2rem;\">Toimeained ja koostisosad<\/h6>\n<ul>\n<li><strong>Kanada pajulill<\/strong><\/li>\n<li><strong>Kerged pindaktiivsed ained<\/strong><\/li>\n<li><strong>Muud<\/strong>KOOSTIS: VESI, NAATRIUMLAUR\u00dc\u00dcLGL\u00dcKOOSKARBOKS\u00dcLAAT, LAURIILGL\u00dcKOSIID, DINAATRIUMKOKOAMFODIATSETAAT, POL\u00dcKVATERNIUM-39, KOKAMIDOPROP\u00dc\u00dcLAMIINOKSIID, POL\u00dcSORBAAT 80, FENOKS\u00dcETANOOL, ET\u00dc\u00dcLHEKS\u00dc\u00dcLGL\u00dcTSERIIN, PARF\u00dc\u00dcM, KAPRYL\u00dc\u00dcLGL\u00dcKOOL, TSET\u00dc\u00dcLATSETAAT, PIIMAKARJA (EPILOBIUM ANGUSTIFOLIUM) \u00d5IE\/LEHE\/VARRE EKSTRAKT, ATS\u00dc\u00dcLITUD LANOLIINALKOHOL<\/li>\n<\/ul><\/div>\n<\/div>","protected":false},"excerpt":{"rendered":"<p>Puhastusvaht, mis on spetsiaalselt loodud aknele kalduva, rasuse ja kombineeritud naha jaoks.<\/p>","protected":false},"featured_media":7627,"template":"","meta":[],"product_brand":[66],"product_cat":[71],"product_tag":[],"class_list":{"0":"post-7811","1":"product","2":"type-product","3":"status-publish","4":"has-post-thumbnail","6":"product_brand-juliette-armand","7":"product_cat-cleansers","9":"first","10":"instock","11":"sale","12":"taxable","13":"shipping-taxable","14":"purchasable","15":"product-type-simple"},"_links":{"self":[{"href":"https:\/\/profskin.ee\/et\/wp-json\/wp\/v2\/product\/7811","targetHints":{"allow":["GET"]}}],"collection":[{"href":"https:\/\/profskin.ee\/et\/wp-json\/wp\/v2\/product"}],"about":[{"href":"https:\/\/profskin.ee\/et\/wp-json\/wp\/v2\/types\/product"}],"wp:featuredmedia":[{"embeddable":true,"href":"https:\/\/profskin.ee\/et\/wp-json\/wp\/v2\/media\/7627"}],"wp:attachment":[{"href":"https:\/\/profskin.ee\/et\/wp-json\/wp\/v2\/media?parent=7811"}],"wp:term":[{"taxonomy":"product_brand","embeddable":true,"href":"https:\/\/profskin.ee\/et\/wp-json\/wp\/v2\/product_brand?post=7811"},{"taxonomy":"product_cat","embeddable":true,"href":"https:\/\/profskin.ee\/et\/wp-json\/wp\/v2\/product_cat?post=7811"},{"taxonomy":"product_tag","embeddable":true,"href":"https:\/\/profskin.ee\/et\/wp-json\/wp\/v2\/product_tag?post=7811"}],"curies":[{"name":"t\u00f6\u00f6leht","href":"https:\/\/api.w.org\/{rel}","templated":true}]}}