{"id":7812,"date":"2025-07-03T21:22:58","date_gmt":"2025-07-03T21:22:58","guid":{"rendered":"https:\/\/profskin.ee\/?post_type=product&#038;p=7812"},"modified":"2026-03-18T15:18:41","modified_gmt":"2026-03-18T15:18:41","slug":"clarifying-cleanser-gel","status":"publish","type":"product","link":"https:\/\/profskin.ee\/et\/toode\/clarifying-cleanser-gel\/","title":{"rendered":"Puhastav puhastusgeel"},"content":{"rendered":"<h6>Puhastusgeel aknele kalduvale, rasusele ja kombineeritud nahale.<\/h6>\n<p>See puhastab ja avab ummistunud poore, eemaldab liigse rasu ja tasakaalustab rasueritust.<\/p>\n<div class=\"em-row\">\n<div class=\"em-lg-4 em-col\">\n<h6 class=\"em-font-medium\" style=\"margin-top: 1.2rem; margin-bottom: 1.2rem;\">Sobib<\/h6>\n<ul>\n<li>Akne, rasueritus.<\/li>\n<li>Segat\u00fc\u00fcpi, rasune nahk.<\/li>\n<li>K\u00f5ikidele nahat\u00fc\u00fcpidele (sega, kuiv, normaalne, rasune).<\/li>\n<\/ul>\n<h6 class=\"em-font-medium\" style=\"margin-top: 1.2rem; margin-bottom: 1.2rem;\">Kuidas kasutada<\/h6>\n<ul>\n<li>Kandke v\u00e4ike kogus ringjate liigutustega nahale ja eemaldage niiske vatipadjaga.<\/li>\n<\/ul><\/div>\n<div class=\"em-lg-4 em-col\">\n<h6 class=\"em-font-medium\" style=\"margin-top: 1.2rem; margin-bottom: 1.2rem;\">Toimeained ja koostisosad<\/h6>\n<ul>\n<li><strong>Arginiin (L-arginiin)<\/strong><\/li>\n<li><strong>Aselaiinhappe-gl\u00fctsiini kompleks<\/strong><\/li>\n<li><strong>Kanada pajulill<\/strong><\/li>\n<li><strong>Oliivi\u00f5li<\/strong><\/li>\n<li><strong>Sebustop<\/strong><\/li>\n<li><strong>Nahahooldustooted<\/strong><\/li>\n<li><strong>Muud<\/strong>KOOSTIS: VESI, OLIIVI\u00d5LI PEG-7 ESTRID, GL\u00dcTSERIIN, SAHHAROOSLAURAAT, PPG-26-BUTETH-26, ALKOHOL, FENOKS\u00dcETANOOL, BUT\u00dcLEENGL\u00dcKOOL, AKR\u00dcLAADID\/C10-30 ALK\u00dc\u00dcLAKR\u00dcLAADI RISTPOL\u00dcMEER, ARGINIIN, PEG-40 H\u00dcDROGENISEERITUD RITSINUS\u00d5LI, ET\u00dc\u00dcLHEKS\u00dc\u00dcLGL\u00dcTSERIIN, KAALIUMASELO\u00dc\u00dcLDIGL\u00dcTSINAAT, KAPRYL\u00dc\u00dcLGL\u00dcKOOL, DINAATRIUM EDTA, AED-KANEELI (EPILOBIUM ANGUSTIFOLIUM) \u00d5IE\/LEHE\/VARRE EKSTRAKT, KANEELIKOORE EKSTRAKT, HAPUKANEELI (SANGUISORB OFFICINALIS) JUUREKSTRAKT, HAPUKANEELI (ZINGIBER OFFICINALE) JUUREKSTRAKT<\/li>\n<\/ul><\/div>\n<\/div>","protected":false},"excerpt":{"rendered":"<p>Puhastusgeel aknele kalduvale, rasusele ja kombineeritud nahale.<\/p>","protected":false},"featured_media":7626,"template":"","meta":[],"product_brand":[66],"product_cat":[71],"product_tag":[],"class_list":{"0":"post-7812","1":"product","2":"type-product","3":"status-publish","4":"has-post-thumbnail","6":"product_brand-juliette-armand","7":"product_cat-cleansers","9":"first","10":"instock","11":"sale","12":"taxable","13":"shipping-taxable","14":"purchasable","15":"product-type-simple"},"_links":{"self":[{"href":"https:\/\/profskin.ee\/et\/wp-json\/wp\/v2\/product\/7812","targetHints":{"allow":["GET"]}}],"collection":[{"href":"https:\/\/profskin.ee\/et\/wp-json\/wp\/v2\/product"}],"about":[{"href":"https:\/\/profskin.ee\/et\/wp-json\/wp\/v2\/types\/product"}],"wp:featuredmedia":[{"embeddable":true,"href":"https:\/\/profskin.ee\/et\/wp-json\/wp\/v2\/media\/7626"}],"wp:attachment":[{"href":"https:\/\/profskin.ee\/et\/wp-json\/wp\/v2\/media?parent=7812"}],"wp:term":[{"taxonomy":"product_brand","embeddable":true,"href":"https:\/\/profskin.ee\/et\/wp-json\/wp\/v2\/product_brand?post=7812"},{"taxonomy":"product_cat","embeddable":true,"href":"https:\/\/profskin.ee\/et\/wp-json\/wp\/v2\/product_cat?post=7812"},{"taxonomy":"product_tag","embeddable":true,"href":"https:\/\/profskin.ee\/et\/wp-json\/wp\/v2\/product_tag?post=7812"}],"curies":[{"name":"t\u00f6\u00f6leht","href":"https:\/\/api.w.org\/{rel}","templated":true}]}}