{"id":7813,"date":"2025-07-03T21:22:58","date_gmt":"2025-07-03T21:22:58","guid":{"rendered":"https:\/\/profskin.ee\/?post_type=product&#038;p=7813"},"modified":"2026-03-18T15:18:41","modified_gmt":"2026-03-18T15:18:41","slug":"clarifying-active-lotion","status":"publish","type":"product","link":"https:\/\/profskin.ee\/et\/toode\/clarifying-active-lotion\/","title":{"rendered":"Selgitav aktiivne kreem"},"content":{"rendered":"<h6>Puhastav tooniv kreem aknele kalduvale ja rasusele nahale.<\/h6>\n<p>See eemaldab liigse rasu, v\u00e4hendab intensiivset rasueritust ja ahendab poore \u00e4rritust tekitamata.<\/p>\n<div class=\"em-row\">\n<div class=\"em-lg-4 em-col\">\n<h6 class=\"em-font-medium\" style=\"margin-top: 1.2rem; margin-bottom: 1.2rem;\">Sobib<\/h6>\n<ul>\n<li>Akne, antioks\u00fcdant, pinguldav, rasueritus, taastav.<\/li>\n<li>Rasune nahk.<\/li>\n<li>K\u00f5ikidele nahat\u00fc\u00fcpidele (sega, kuiv, normaalne, rasune).<\/li>\n<\/ul>\n<h6 class=\"em-font-medium\" style=\"margin-top: 1.2rem; margin-bottom: 1.2rem;\">Kuidas kasutada<\/h6>\n<ul>\n<li>Kandke vatipadjaga v\u00e4ike kogus soovitud piirkonnale.<\/li>\n<\/ul><\/div>\n<div class=\"em-lg-4 em-col\">\n<h6 class=\"em-font-medium\" style=\"margin-top: 1.2rem; margin-bottom: 1.2rem;\">Toimeained ja koostisosad<\/h6>\n<ul>\n<li><strong>10-Hda (merellikku \u017eeleed imiteeriv aine)<\/strong><\/li>\n<li><strong>Allantoiin<\/strong><\/li>\n<li><strong>Aselaiinhappe-gl\u00fctsiini kompleks<\/strong><\/li>\n<li><strong>Saialilleekstrakt<\/strong><\/li>\n<li><strong>Kanada pajulill<\/strong><\/li>\n<li><strong>Mandariini ekstrakt<\/strong><\/li>\n<li><strong>Menti eeterlik \u00f5li<\/strong><\/li>\n<li><strong>Mimoosi ekstrakt<\/strong><\/li>\n<li><strong>Muud<\/strong>KOOSTIS: VESI, BUT\u00dcLEENGL\u00dcKOOL, KAALIUMASELO\u00dc\u00dcLDIGL\u00dcTSINAAT, PPG-26-BUTETH-26, GL\u00dcTSERIIN, FENOKS\u00dcETANOOL, PEG-40 H\u00dcDROGENISEERITUD RITSINUS\u00d5LI, KAPRYL\u00dc\u00dcLGL\u00dcKOOL, ET\u00dc\u00dcLHEKS\u00dc\u00dcLGL\u00dcTSERIIN, P\u00d5HIMENNUSE LEHE\u00d5LI, ALLANTOIIN, AEDMARJA \u00d5IE\/LEHE\/VARRE EKSTRAKT, MIMOSA TENUIFLORA KOORE EKSTRAKT, SEBATSIINHAPP, 10-H\u00dcDROKS\u00dcDEKAANHAPE, SAIALILLE \u00d5IE EKSTRAKT, 1,10-DEKAANDIOOL, CITRUS NOBILIS&#039;E MAHL<\/li>\n<\/ul><\/div>\n<\/div>","protected":false},"excerpt":{"rendered":"<p>Puhastav tooniv kreem aknele kalduvale ja rasusele nahale.<\/p>","protected":false},"featured_media":7625,"template":"","meta":[],"product_brand":[66],"product_cat":[71],"product_tag":[],"class_list":{"0":"post-7813","1":"product","2":"type-product","3":"status-publish","4":"has-post-thumbnail","6":"product_brand-juliette-armand","7":"product_cat-cleansers","9":"first","10":"instock","11":"sale","12":"taxable","13":"shipping-taxable","14":"purchasable","15":"product-type-simple"},"_links":{"self":[{"href":"https:\/\/profskin.ee\/et\/wp-json\/wp\/v2\/product\/7813","targetHints":{"allow":["GET"]}}],"collection":[{"href":"https:\/\/profskin.ee\/et\/wp-json\/wp\/v2\/product"}],"about":[{"href":"https:\/\/profskin.ee\/et\/wp-json\/wp\/v2\/types\/product"}],"wp:featuredmedia":[{"embeddable":true,"href":"https:\/\/profskin.ee\/et\/wp-json\/wp\/v2\/media\/7625"}],"wp:attachment":[{"href":"https:\/\/profskin.ee\/et\/wp-json\/wp\/v2\/media?parent=7813"}],"wp:term":[{"taxonomy":"product_brand","embeddable":true,"href":"https:\/\/profskin.ee\/et\/wp-json\/wp\/v2\/product_brand?post=7813"},{"taxonomy":"product_cat","embeddable":true,"href":"https:\/\/profskin.ee\/et\/wp-json\/wp\/v2\/product_cat?post=7813"},{"taxonomy":"product_tag","embeddable":true,"href":"https:\/\/profskin.ee\/et\/wp-json\/wp\/v2\/product_tag?post=7813"}],"curies":[{"name":"t\u00f6\u00f6leht","href":"https:\/\/api.w.org\/{rel}","templated":true}]}}