{"id":7814,"date":"2025-07-03T21:22:58","date_gmt":"2025-07-03T21:22:58","guid":{"rendered":"https:\/\/profskin.ee\/?post_type=product&#038;p=7814"},"modified":"2026-03-18T15:19:49","modified_gmt":"2026-03-18T15:19:49","slug":"hand-care-cream","status":"publish","type":"product","link":"https:\/\/profskin.ee\/et\/toode\/hand-care-cream\/","title":{"rendered":"K\u00e4tehoolduskreem"},"content":{"rendered":"<h6>Toitev, niisutav ja kaitsev k\u00e4tekreem.<\/h6>\n<p>See taastab koheselt naha niiskustasakaalu, samal ajal toites ja kaitstes seda j\u00f5uliselt kuivuse ja \u00e4rrituse eest.<\/p>\n<div class=\"em-row\">\n<div class=\"em-lg-4 em-col\">\n<h6 class=\"em-font-medium\" style=\"margin-top: 1.2rem; margin-bottom: 1.2rem;\">Sobib<\/h6>\n<ul>\n<li>Niisutus, pigmentatsioon, kaitse.<\/li>\n<li>Kombineeritud, kuiv, normaalne, rasune nahk.<\/li>\n<li>K\u00f5ikidele nahat\u00fc\u00fcpidele (sega, kuiv, normaalne, rasune).<\/li>\n<\/ul>\n<h6 class=\"em-font-medium\" style=\"margin-top: 1.2rem; margin-bottom: 1.2rem;\">Kuidas kasutada<\/h6>\n<ul>\n<li>Masseeri k\u00e4tekreemi kergelt sisse p\u00e4rast iga k\u00e4tepesu, kuni see on imendunud.<\/li>\n<\/ul><\/div>\n<div class=\"em-lg-4 em-col\">\n<h6 class=\"em-font-medium\" style=\"margin-top: 1.2rem; margin-bottom: 1.2rem;\">Toimeained ja koostisosad<\/h6>\n<ul>\n<li><strong>Allantoiin<\/strong><\/li>\n<li><strong>Aloe vera<\/strong><\/li>\n<li><strong>Mandelhape<\/strong><\/li>\n<li><strong>Niatsiinamiid<\/strong><\/li>\n<li><strong>Pantenool<\/strong><\/li>\n<li><strong>UV-filtrid<\/strong><\/li>\n<li><strong>E-vitamiin<\/strong><\/li>\n<li><strong>Muud<\/strong>KOOSTISOSAD: VESI, BUT\u00dcLEENGL\u00dcKOOL, C12-20 HAPPE PEG-8 ESTER, POL\u00dcISOPREEN, ALOE BARBADENSIS&#039;E LEHE EKSTRAKT, PRUNUSA AMYGDALUS DULCIS&#039;E \u00d5LI, GL\u00dcTSER\u00dc\u00dcLSTEARAAT, PEG-100 STEARAT, TSET\u00dc\u00dcLALKOHOL, TS\u00dcKLOPENTASILOKSAAN, PANTENOOL, MANDELHAPE, POL\u00dcAKR\u00dc\u00dcLAMIID, BISABOLOOL, NIATSIINAMIID, TOKOFER\u00dc\u00dcLATSETAAT, C13-14 ISOPARAFIIN, FENOKS\u00dcETANOOL, KAALIUMH\u00dcDROKSIID, PARF\u00dc\u00dcM, KAPRYL\u00dc\u00dcLGL\u00dcKOOL, ALLANTOIIIN, DIMETIKOON, ET\u00dc\u00dcLHEKS\u00dc\u00dcLGL\u00dcTSERIIN, KSANTAANKUMM, LAURETH-7, CENTELLA ASIATICA LEHE EKSTRAKT<\/li>\n<\/ul><\/div>\n<\/div>","protected":false},"excerpt":{"rendered":"<p>Toitev, niisutav ja kaitsev k\u00e4tekreem.<\/p>","protected":false},"featured_media":7624,"template":"","meta":[],"product_brand":[66],"product_cat":[73],"product_tag":[],"class_list":{"0":"post-7814","1":"product","2":"type-product","3":"status-publish","4":"has-post-thumbnail","6":"product_brand-juliette-armand","7":"product_cat-body","9":"first","10":"instock","11":"sale","12":"taxable","13":"shipping-taxable","14":"purchasable","15":"product-type-simple"},"_links":{"self":[{"href":"https:\/\/profskin.ee\/et\/wp-json\/wp\/v2\/product\/7814","targetHints":{"allow":["GET"]}}],"collection":[{"href":"https:\/\/profskin.ee\/et\/wp-json\/wp\/v2\/product"}],"about":[{"href":"https:\/\/profskin.ee\/et\/wp-json\/wp\/v2\/types\/product"}],"wp:featuredmedia":[{"embeddable":true,"href":"https:\/\/profskin.ee\/et\/wp-json\/wp\/v2\/media\/7624"}],"wp:attachment":[{"href":"https:\/\/profskin.ee\/et\/wp-json\/wp\/v2\/media?parent=7814"}],"wp:term":[{"taxonomy":"product_brand","embeddable":true,"href":"https:\/\/profskin.ee\/et\/wp-json\/wp\/v2\/product_brand?post=7814"},{"taxonomy":"product_cat","embeddable":true,"href":"https:\/\/profskin.ee\/et\/wp-json\/wp\/v2\/product_cat?post=7814"},{"taxonomy":"product_tag","embeddable":true,"href":"https:\/\/profskin.ee\/et\/wp-json\/wp\/v2\/product_tag?post=7814"}],"curies":[{"name":"t\u00f6\u00f6leht","href":"https:\/\/api.w.org\/{rel}","templated":true}]}}