{"id":7815,"date":"2025-07-03T21:22:58","date_gmt":"2025-07-03T21:22:58","guid":{"rendered":"https:\/\/profskin.ee\/?post_type=product&#038;p=7815"},"modified":"2026-03-18T15:19:49","modified_gmt":"2026-03-18T15:19:49","slug":"anticallus-serum","status":"publish","type":"product","link":"https:\/\/profskin.ee\/et\/toode\/anticallus-serum\/","title":{"rendered":"Paksenditevastane seerum"},"content":{"rendered":"<h6>Seerum, mis niisutab ja pehmendab jalgade konnasilmi.<\/h6>\n<p>See \u00fchendab salits\u00fc\u00fclhapet uureaga ning selle igap\u00e4evane kasutamine ravib ja leevendab paksendatud jalgu.<\/p>\n<div class=\"em-row\">\n<div class=\"em-lg-4 em-col\">\n<h6 class=\"em-font-medium\" style=\"margin-top: 1.2rem; margin-bottom: 1.2rem;\">Sobib<\/h6>\n<ul>\n<li>H\u00fcdratsioon.<\/li>\n<li>Kombineeritud, kuiv, normaalne, rasune nahk.<\/li>\n<li>K\u00f5ikidele nahat\u00fc\u00fcpidele (sega, kuiv, normaalne, rasune).<\/li>\n<\/ul>\n<h6 class=\"em-font-medium\" style=\"margin-top: 1.2rem; margin-bottom: 1.2rem;\">Kuidas kasutada<\/h6>\n<ul>\n<li>Kandke paar tilka puhastatud nahale kaks korda p\u00e4evas, kandes \u00fche kihina kuni imendumiseni. Seerumit on soovitatav regulaarselt kasutada enne ja p\u00e4rast spetsialisti poolt teostatud nahapaksendite eemaldamist.<\/li>\n<\/ul><\/div>\n<div class=\"em-lg-4 em-col\">\n<h6 class=\"em-font-medium\" style=\"margin-top: 1.2rem; margin-bottom: 1.2rem;\">Toimeained ja koostisosad<\/h6>\n<ul>\n<li><strong>Salits\u00fc\u00fclhape<\/strong><\/li>\n<li><strong>Karbamiid 20%<\/strong><\/li>\n<li><strong>Muud<\/strong>KOOSTIS: VESI, KARBAMIID, BUT\u00dcLEENGL\u00dcKOOL, DENAATSIOONITU ALKOHOL, GL\u00dcTSERIIN, NAATRIUMPOL\u00dcAKR\u00dcLAAT, SALITS\u00dc\u00dcLHAPE, H\u00dcDROGENISEERITUD POL\u00dcDETSEEN, PPG-26-BUTETH-26, FENOKS\u00dcETANOOL, NAATRIUMTSITRAAT, PEG-40 H\u00dcDROGENISEERITUD RITSINUS\u00d5LI, KAPRYL\u00dc\u00dcLGL\u00dcKOOL, NAATRIUMH\u00dcDROKSIID, ET\u00dc\u00dcLHEKS\u00dc\u00dcLGL\u00dcTSERIIN, TRIDETSET-6, SIDRUNHAPE<\/li>\n<\/ul><\/div>\n<\/div>","protected":false},"excerpt":{"rendered":"<p>Seerum, mis niisutab ja pehmendab jalgade konnasilmi.<\/p>","protected":false},"featured_media":7623,"template":"","meta":[],"product_brand":[66],"product_cat":[73],"product_tag":[],"class_list":{"0":"post-7815","1":"product","2":"type-product","3":"status-publish","4":"has-post-thumbnail","6":"product_brand-juliette-armand","7":"product_cat-body","9":"first","10":"outofstock","11":"taxable","12":"shipping-taxable","13":"product-type-simple"},"_links":{"self":[{"href":"https:\/\/profskin.ee\/et\/wp-json\/wp\/v2\/product\/7815","targetHints":{"allow":["GET"]}}],"collection":[{"href":"https:\/\/profskin.ee\/et\/wp-json\/wp\/v2\/product"}],"about":[{"href":"https:\/\/profskin.ee\/et\/wp-json\/wp\/v2\/types\/product"}],"wp:featuredmedia":[{"embeddable":true,"href":"https:\/\/profskin.ee\/et\/wp-json\/wp\/v2\/media\/7623"}],"wp:attachment":[{"href":"https:\/\/profskin.ee\/et\/wp-json\/wp\/v2\/media?parent=7815"}],"wp:term":[{"taxonomy":"product_brand","embeddable":true,"href":"https:\/\/profskin.ee\/et\/wp-json\/wp\/v2\/product_brand?post=7815"},{"taxonomy":"product_cat","embeddable":true,"href":"https:\/\/profskin.ee\/et\/wp-json\/wp\/v2\/product_cat?post=7815"},{"taxonomy":"product_tag","embeddable":true,"href":"https:\/\/profskin.ee\/et\/wp-json\/wp\/v2\/product_tag?post=7815"}],"curies":[{"name":"t\u00f6\u00f6leht","href":"https:\/\/api.w.org\/{rel}","templated":true}]}}