{"id":7816,"date":"2025-07-03T21:22:58","date_gmt":"2025-07-03T21:22:58","guid":{"rendered":"https:\/\/profskin.ee\/?post_type=product&#038;p=7816"},"modified":"2026-03-18T15:20:05","modified_gmt":"2026-03-18T15:20:05","slug":"post-depil-cream","status":"publish","type":"product","link":"https:\/\/profskin.ee\/et\/toode\/post-depil-cream\/","title":{"rendered":"Post Depil kreem"},"content":{"rendered":"<h6>Mitmetoimeline kreem kasutamiseks p\u00e4rast n\u00e4o- ja kehakarvaeemaldust.<\/h6>\n<p>See rahustab nahka epilatsioonist tingitud \u00e4rrituse t\u00f5ttu ning selle s\u00fcstemaatiline kasutamine aeglustab karvakasvu ja v\u00e4hendab j\u00e4rk-j\u00e4rgult karvu.<\/p>\n<div class=\"em-row\">\n<div class=\"em-lg-4 em-col\">\n<h6 class=\"em-font-medium\" style=\"margin-top: 1.2rem; margin-bottom: 1.2rem;\">Sobib<\/h6>\n<ul>\n<li>Rahustav.<\/li>\n<li>Kombineeritud, kuiv, normaalne, rasune nahk.<\/li>\n<li>K\u00f5ikidele nahat\u00fc\u00fcpidele (sega, kuiv, normaalne, rasune).<\/li>\n<\/ul>\n<h6 class=\"em-font-medium\" style=\"margin-top: 1.2rem; margin-bottom: 1.2rem;\">Kuidas kasutada<\/h6>\n<ul>\n<li>P\u00e4rast vahatamist kandke kergelt masseerivate liigutustega nahale, kuni see on imendunud. Soovitatav k\u00f5igi depilatsioonimeetodite puhul. Vaha kasutamisel epilatsiooniks eemaldab see selle j\u00e4\u00e4gid.<\/li>\n<\/ul><\/div>\n<div class=\"em-lg-4 em-col\">\n<h6 class=\"em-font-medium\" style=\"margin-top: 1.2rem; margin-bottom: 1.2rem;\">Toimeained ja koostisosad<\/h6>\n<ul>\n<li><strong>Ac Hfci kompleks Af (laktobatsillide\/kakao viljade k\u00e4\u00e4ritusfiltraat ja dekapeptiid-1) 2%<\/strong><\/li>\n<li><strong>Kelisoft 3%<\/strong><\/li>\n<li><strong>Muud<\/strong>KOOSTISOSAD: VESI, BUT\u00dcLEENGL\u00dcKOOL, C12-20 HAPPE PEG-8 ESTER, GL\u00dcTSER\u00dc\u00dcLSTEARAAT, POL\u00dcISOPREEN, PEG-100 STEARAT, TRITICUM VULGARE IDU\u00d5LI, PANTENOOL, TS\u00dcKLOPENTASILOKSAAN, LACTOBACILLUS\/KAKAO VILJADE K\u00c4\u00c4RITUSFILTRAAT, FENOKS\u00dcETANOOL, ALOE BARBADENSIS&#039;E LEHE EKSTRAKT, BISABOLOOL, DEKAPEPTIID-1, NAATRIUMPOL\u00dcAKR\u00dcLAAT, ET\u00dc\u00dcLHEKS\u00dc\u00dcLGL\u00dcTSERIIN, KAPRYL\u00dc\u00dcLGL\u00dcKOOL, KSANTAANKUMM, ALLANTOIIIN, DIMETIKOON, H\u00dcDROGENISEERITUD POL\u00dcDETSEEN, CENTELLA ASIATICA LEHE EKSTRAKT, MET\u00dc\u00dcLSALITS\u00dcLAAT, BHT, LEUKONOSTOKOOL\/REDISE JUURTE K\u00c4\u00c4RITUSFILTRAAT, TRIDETSET-6, NAATRIUM BENSOAAT, NAATRIUMTSITRAAT, SIDRUNHAPE, KELIDONIIN<\/li>\n<\/ul><\/div>\n<\/div>","protected":false},"excerpt":{"rendered":"<p>Mitmetoimeline kreem kasutamiseks p\u00e4rast n\u00e4o- ja kehakarvaeemaldust.<\/p>","protected":false},"featured_media":7622,"template":"","meta":[],"product_brand":[66],"product_cat":[73],"product_tag":[],"class_list":{"0":"post-7816","1":"product","2":"type-product","3":"status-publish","4":"has-post-thumbnail","6":"product_brand-juliette-armand","7":"product_cat-body","9":"first","10":"instock","11":"sale","12":"taxable","13":"shipping-taxable","14":"purchasable","15":"product-type-simple"},"_links":{"self":[{"href":"https:\/\/profskin.ee\/et\/wp-json\/wp\/v2\/product\/7816","targetHints":{"allow":["GET"]}}],"collection":[{"href":"https:\/\/profskin.ee\/et\/wp-json\/wp\/v2\/product"}],"about":[{"href":"https:\/\/profskin.ee\/et\/wp-json\/wp\/v2\/types\/product"}],"wp:featuredmedia":[{"embeddable":true,"href":"https:\/\/profskin.ee\/et\/wp-json\/wp\/v2\/media\/7622"}],"wp:attachment":[{"href":"https:\/\/profskin.ee\/et\/wp-json\/wp\/v2\/media?parent=7816"}],"wp:term":[{"taxonomy":"product_brand","embeddable":true,"href":"https:\/\/profskin.ee\/et\/wp-json\/wp\/v2\/product_brand?post=7816"},{"taxonomy":"product_cat","embeddable":true,"href":"https:\/\/profskin.ee\/et\/wp-json\/wp\/v2\/product_cat?post=7816"},{"taxonomy":"product_tag","embeddable":true,"href":"https:\/\/profskin.ee\/et\/wp-json\/wp\/v2\/product_tag?post=7816"}],"curies":[{"name":"t\u00f6\u00f6leht","href":"https:\/\/api.w.org\/{rel}","templated":true}]}}