{"id":7817,"date":"2025-07-03T21:22:58","date_gmt":"2025-07-03T21:22:58","guid":{"rendered":"https:\/\/profskin.ee\/?post_type=product&#038;p=7817"},"modified":"2026-03-18T15:20:05","modified_gmt":"2026-03-18T15:20:05","slug":"bath-shower-foam","status":"publish","type":"product","link":"https:\/\/profskin.ee\/et\/toode\/bath-shower-foam\/","title":{"rendered":"Vanni du\u0161\u0161 vaht"},"content":{"rendered":"<h6>\u00d5rnatoimeline du\u0161ivaht \u00f5rnade puhastavate koostisosadega, rikastatud aaloe vera ja pantenooliga.<\/h6>\n<p>See puhastab s\u00fcgavuti, stimuleerib ja elustab nahka edukalt, p\u00f5hjustamata \u00e4rritust ja kuivust.<\/p>\n<div class=\"em-row\">\n<div class=\"em-lg-4 em-col\">\n<h6 class=\"em-font-medium\" style=\"margin-top: 1.2rem; margin-bottom: 1.2rem;\">Sobib<\/h6>\n<ul>\n<li>Tundlikkus.<\/li>\n<li>Kombineeritud, kuiv, normaalne, rasune nahk.<\/li>\n<li>K\u00f5ikidele nahat\u00fc\u00fcpidele (sega, kuiv, normaalne, rasune).<\/li>\n<\/ul>\n<h6 class=\"em-font-medium\" style=\"margin-top: 1.2rem; margin-bottom: 1.2rem;\">Kuidas kasutada<\/h6>\n<ul>\n<li>Igap\u00e4evaseks kasutamiseks du\u0161i all k\u00e4ies.<\/li>\n<\/ul><\/div>\n<div class=\"em-lg-4 em-col\">\n<h6 class=\"em-font-medium\" style=\"margin-top: 1.2rem; margin-bottom: 1.2rem;\">Toimeained ja koostisosad<\/h6>\n<ul>\n<li><strong>Aloe vera<\/strong><\/li>\n<li><strong>Kerged pindaktiivsed ained<\/strong><\/li>\n<li><strong>Pantenool<\/strong><\/li>\n<li><strong>Muud<\/strong>KOOSTIS: VESI, KOKAMIDOPROP\u00dc\u00dcLBETAIIN, TEE-LAUR\u00dc\u00dcLSULFAAT, PEG-6 KAP\u00dc\u00dcL-\/KAPRIIGGL\u00dcTSERIIDID, DINAATRIUMLAUREETSULFOSUKTSINAAT, NAATRIUMLAUROAMFOATSETAAT, AALOE BARBADENSIS&#039;E LEHE EKSTRAKT, NAATRIUMMET\u00dc\u00dcLKOKO\u00dc\u00dcLTAURAAT, PARF\u00dc\u00dcM, DMDM-H\u00dcDANTOIIN, SIDRUNHAPE, PEG-120 MET\u00dc\u00dcLGL\u00dcKOOSTRIOLEAAT, DINAATRIUMEDTA, PANTENOOL, PROPAANDIOOL<\/li>\n<\/ul><\/div>\n<\/div>","protected":false},"excerpt":{"rendered":"<p>\u00d5rnatoimeline du\u0161ivaht \u00f5rnade puhastavate koostisosadega, rikastatud aaloe vera ja pantenooliga.<\/p>","protected":false},"featured_media":7621,"template":"","meta":[],"product_brand":[66],"product_cat":[73],"product_tag":[],"class_list":{"0":"post-7817","1":"product","2":"type-product","3":"status-publish","4":"has-post-thumbnail","6":"product_brand-juliette-armand","7":"product_cat-body","9":"first","10":"instock","11":"sale","12":"taxable","13":"shipping-taxable","14":"purchasable","15":"product-type-simple"},"_links":{"self":[{"href":"https:\/\/profskin.ee\/et\/wp-json\/wp\/v2\/product\/7817","targetHints":{"allow":["GET"]}}],"collection":[{"href":"https:\/\/profskin.ee\/et\/wp-json\/wp\/v2\/product"}],"about":[{"href":"https:\/\/profskin.ee\/et\/wp-json\/wp\/v2\/types\/product"}],"wp:featuredmedia":[{"embeddable":true,"href":"https:\/\/profskin.ee\/et\/wp-json\/wp\/v2\/media\/7621"}],"wp:attachment":[{"href":"https:\/\/profskin.ee\/et\/wp-json\/wp\/v2\/media?parent=7817"}],"wp:term":[{"taxonomy":"product_brand","embeddable":true,"href":"https:\/\/profskin.ee\/et\/wp-json\/wp\/v2\/product_brand?post=7817"},{"taxonomy":"product_cat","embeddable":true,"href":"https:\/\/profskin.ee\/et\/wp-json\/wp\/v2\/product_cat?post=7817"},{"taxonomy":"product_tag","embeddable":true,"href":"https:\/\/profskin.ee\/et\/wp-json\/wp\/v2\/product_tag?post=7817"}],"curies":[{"name":"t\u00f6\u00f6leht","href":"https:\/\/api.w.org\/{rel}","templated":true}]}}