{"id":7818,"date":"2025-07-03T21:22:58","date_gmt":"2025-07-03T21:22:58","guid":{"rendered":"https:\/\/profskin.ee\/?post_type=product&#038;p=7818"},"modified":"2026-03-18T15:20:05","modified_gmt":"2026-03-18T15:20:05","slug":"bamboo-coconut-exfoliating-wash","status":"publish","type":"product","link":"https:\/\/profskin.ee\/et\/toode\/bamboo-coconut-exfoliating-wash\/","title":{"rendered":"Bambusest kookosp\u00e4hkli kooriv pesuvahend"},"content":{"rendered":"<h6>\u00d5rn kooriv kehakoorija k\u00f5ikidele nahat\u00fc\u00fcpidele, sh tundlikule nahale.<\/h6>\n<p>See puhastab nahka surnud naharakkude eemaldamise teel, j\u00e4ttes selle siledaks ja v\u00e4rskeks, p\u00f5hjustamata kuivust ja \u00e4rritust.<\/p>\n<div class=\"em-row\">\n<div class=\"em-lg-4 em-col\">\n<h6 class=\"em-font-medium\" style=\"margin-top: 1.2rem; margin-bottom: 1.2rem;\">Sobib<\/h6>\n<ul>\n<li>Koorimine, niisutamine, tundlikkus.<\/li>\n<li>Kombineeritud, kuiv, normaalne, rasune nahk.<\/li>\n<li>K\u00f5ikidele nahat\u00fc\u00fcpidele (sega, kuiv, normaalne, rasune).<\/li>\n<\/ul>\n<h6 class=\"em-font-medium\" style=\"margin-top: 1.2rem; margin-bottom: 1.2rem;\">Kuidas kasutada<\/h6>\n<ul>\n<li>Sagedaseks kasutamiseks vannisk\u00e4igu ajal.<\/li>\n<\/ul><\/div>\n<div class=\"em-lg-4 em-col\">\n<h6 class=\"em-font-medium\" style=\"margin-top: 1.2rem; margin-bottom: 1.2rem;\">Toimeained ja koostisosad<\/h6>\n<ul>\n<li><strong>Allantoiin<\/strong><\/li>\n<li><strong>Aloe vera<\/strong><\/li>\n<li><strong>Bambuskestad<\/strong><\/li>\n<li><strong>Kummeli ekstrakt<\/strong><\/li>\n<li><strong>Kookosp\u00e4hkli kooriv pulber<\/strong><\/li>\n<li><strong>Kerged pindaktiivsed ained<\/strong><\/li>\n<li><strong>Muud<\/strong>KOOSTIS: VESI, ARMUNDIINI VARRE PULBER, TEE-LAUR\u00dc\u00dcLSULFAAT, NAATRIUMLAUROO\u00dcLGLUTAMAAT, AKR\u00dcLAADID\/C10-30 ALK\u00dc\u00dcLAKR\u00dcLAADI RISTPOL\u00dcMEER, AALOE BARBADENSIS&#039;E LEHE EKSTRAKT, KUMMELLI \u00d5IEVESI, KOOKOSPALA KOORIPULBER, NAATRIUMLAUROAMPOATSETAAT, PEG-200 H\u00dcDROGENISEERITUD GL\u00dcTSER\u00dc\u00dcLPALMAAAT, PARF\u00dc\u00dcM, PEG-7 GL\u00dcTSER\u00dc\u00dcLKOKOAAT, DMDM H\u00dcDANTOIIN, ALLANTOIIN, BENSOFENOON-4, DINAATRIUM EDTA, CI 17200<\/li>\n<\/ul><\/div>\n<\/div>","protected":false},"excerpt":{"rendered":"<p>\u00d5rn kooriv kehakoorija k\u00f5ikidele nahat\u00fc\u00fcpidele, sh tundlikule nahale.<\/p>","protected":false},"featured_media":7620,"template":"","meta":[],"product_brand":[66],"product_cat":[73],"product_tag":[],"class_list":{"0":"post-7818","1":"product","2":"type-product","3":"status-publish","4":"has-post-thumbnail","6":"product_brand-juliette-armand","7":"product_cat-body","9":"first","10":"instock","11":"sale","12":"taxable","13":"shipping-taxable","14":"purchasable","15":"product-type-simple"},"_links":{"self":[{"href":"https:\/\/profskin.ee\/et\/wp-json\/wp\/v2\/product\/7818","targetHints":{"allow":["GET"]}}],"collection":[{"href":"https:\/\/profskin.ee\/et\/wp-json\/wp\/v2\/product"}],"about":[{"href":"https:\/\/profskin.ee\/et\/wp-json\/wp\/v2\/types\/product"}],"wp:featuredmedia":[{"embeddable":true,"href":"https:\/\/profskin.ee\/et\/wp-json\/wp\/v2\/media\/7620"}],"wp:attachment":[{"href":"https:\/\/profskin.ee\/et\/wp-json\/wp\/v2\/media?parent=7818"}],"wp:term":[{"taxonomy":"product_brand","embeddable":true,"href":"https:\/\/profskin.ee\/et\/wp-json\/wp\/v2\/product_brand?post=7818"},{"taxonomy":"product_cat","embeddable":true,"href":"https:\/\/profskin.ee\/et\/wp-json\/wp\/v2\/product_cat?post=7818"},{"taxonomy":"product_tag","embeddable":true,"href":"https:\/\/profskin.ee\/et\/wp-json\/wp\/v2\/product_tag?post=7818"}],"curies":[{"name":"t\u00f6\u00f6leht","href":"https:\/\/api.w.org\/{rel}","templated":true}]}}