{"id":7819,"date":"2025-07-03T21:22:58","date_gmt":"2025-07-03T21:22:58","guid":{"rendered":"https:\/\/profskin.ee\/?post_type=product&#038;p=7819"},"modified":"2026-03-18T15:20:05","modified_gmt":"2026-03-18T15:20:05","slug":"lipofykia-gel","status":"publish","type":"product","link":"https:\/\/profskin.ee\/et\/toode\/lipofykia-gel\/","title":{"rendered":"Lipofykia geel"},"content":{"rendered":"<h6>Meeldivalt l\u00f5hnav merevetikatest kehageel tselluliidi ja kangekaelse paikse rasuprobleemidega kehale.<\/h6>\n<p>See parandab \u201eapelsinikoore\u201d naha tekstuuri ja \u00fchtlust, j\u00e4ttes naha siledamaks ja pringimaks.<\/p>\n<div class=\"em-row\">\n<div class=\"em-lg-4 em-col\">\n<h6 class=\"em-font-medium\" style=\"margin-top: 1.2rem; margin-bottom: 1.2rem;\">Sobib<\/h6>\n<ul>\n<li>Tselluliit, lifting, paiksed rasvap\u00f5letused.<\/li>\n<li>Kombineeritud, kuiv, normaalne, rasune nahk.<\/li>\n<li>K\u00f5ikidele nahat\u00fc\u00fcpidele (sega, kuiv, normaalne, rasune).<\/li>\n<\/ul>\n<h6 class=\"em-font-medium\" style=\"margin-top: 1.2rem; margin-bottom: 1.2rem;\">Kuidas kasutada<\/h6>\n<ul>\n<li>Masseeri nahka kuni imendumiseni ja \u00e4ra eemalda. Toime tugevdamiseks masseeri esmalt Thermoslim geeli ja seej\u00e4rel Lipofykia geeli, kuni see on imendunud.<\/li>\n<\/ul><\/div>\n<div class=\"em-lg-4 em-col\">\n<h6 class=\"em-font-medium\" style=\"margin-top: 1.2rem; margin-bottom: 1.2rem;\">Toimeained ja koostisosad<\/h6>\n<ul>\n<li><strong>P\u00f5\u00f5sasp\u00f5\u00f5sas<\/strong><\/li>\n<li><strong>Jodotraat<\/strong><\/li>\n<li><strong>Ruskuse ekstrakt<\/strong><\/li>\n<li><strong>Spirulina ekstrakt<\/strong><\/li>\n<li><strong>Thalaton<\/strong><\/li>\n<li><strong>Muud<\/strong>KOOSTIS: VESI, GL\u00dcTSERIIN, PPG-26-BUTETH-26, AKR\u00dcLAADID\/C10-30 ALK\u00dc\u00dcLAKR\u00dcLAADI RISTPOL\u00dcMEER, PEG-40 H\u00dcDROGENISEERITUD RITSINUS\u00d5LI, TEE-H\u00dcDROIJODIID, FENOKS\u00dcETANOOL, KAALIUMH\u00dcDROKSIID, SPIRULINA MAXIMA EKSTRAKT, FUCUS VISICULOSUS EKSTRAKT, PARF\u00dc\u00dcM, KAPRYL\u00dc\u00dcLGL\u00dcKOOL, ET\u00dc\u00dcLHEKS\u00dc\u00dcLGL\u00dcTSERIIN, DINAATRIUM EDTA, RUSCUS CULEATUS JUUR EKSTRAKT, PLANKTONIEKSTRAKT, KAALIUMSORBAAT, CI 19140, CI 42090<\/li>\n<\/ul><\/div>\n<\/div>","protected":false},"excerpt":{"rendered":"<p>Meeldivalt l\u00f5hnav merevetikatest kehageel tselluliidi ja kangekaelse paikse rasuprobleemidega kehale.<\/p>","protected":false},"featured_media":7619,"template":"","meta":[],"product_brand":[66],"product_cat":[73],"product_tag":[],"class_list":{"0":"post-7819","1":"product","2":"type-product","3":"status-publish","4":"has-post-thumbnail","6":"product_brand-juliette-armand","7":"product_cat-body","9":"first","10":"instock","11":"sale","12":"taxable","13":"shipping-taxable","14":"purchasable","15":"product-type-simple"},"_links":{"self":[{"href":"https:\/\/profskin.ee\/et\/wp-json\/wp\/v2\/product\/7819","targetHints":{"allow":["GET"]}}],"collection":[{"href":"https:\/\/profskin.ee\/et\/wp-json\/wp\/v2\/product"}],"about":[{"href":"https:\/\/profskin.ee\/et\/wp-json\/wp\/v2\/types\/product"}],"wp:featuredmedia":[{"embeddable":true,"href":"https:\/\/profskin.ee\/et\/wp-json\/wp\/v2\/media\/7619"}],"wp:attachment":[{"href":"https:\/\/profskin.ee\/et\/wp-json\/wp\/v2\/media?parent=7819"}],"wp:term":[{"taxonomy":"product_brand","embeddable":true,"href":"https:\/\/profskin.ee\/et\/wp-json\/wp\/v2\/product_brand?post=7819"},{"taxonomy":"product_cat","embeddable":true,"href":"https:\/\/profskin.ee\/et\/wp-json\/wp\/v2\/product_cat?post=7819"},{"taxonomy":"product_tag","embeddable":true,"href":"https:\/\/profskin.ee\/et\/wp-json\/wp\/v2\/product_tag?post=7819"}],"curies":[{"name":"t\u00f6\u00f6leht","href":"https:\/\/api.w.org\/{rel}","templated":true}]}}