{"id":7820,"date":"2025-07-03T21:22:58","date_gmt":"2025-07-03T21:22:58","guid":{"rendered":"https:\/\/profskin.ee\/?post_type=product&#038;p=7820"},"modified":"2026-03-18T15:35:10","modified_gmt":"2026-03-18T15:35:10","slug":"triple-action-shape-gel","status":"publish","type":"product","link":"https:\/\/profskin.ee\/et\/toode\/triple-action-shape-gel\/","title":{"rendered":"Kolmekordse toimega kuju geel"},"content":{"rendered":"<h6>Kolmekordse toimega kehageel tselluliidi, lokaliseerunud rasvkoe ja l\u00f5tva nahaga kehale.<\/h6>\n<p>See parandab &quot;apelsinikoore&quot; naha tekstuuri ja tugevdab naha tekstuuri.<\/p>\n<div class=\"em-row\">\n<div class=\"em-lg-4 em-col\">\n<h6 class=\"em-font-medium\" style=\"margin-top: 1.2rem; margin-bottom: 1.2rem;\">Sobib<\/h6>\n<ul>\n<li>Tselluliit, l\u00f5tvunud nahk, paiksed rasvladestused.<\/li>\n<li>Kombineeritud, kuiv, normaalne, rasune nahk.<\/li>\n<li>K\u00f5ikidele nahat\u00fc\u00fcpidele (sega, kuiv, normaalne, rasune).<\/li>\n<\/ul>\n<h6 class=\"em-font-medium\" style=\"margin-top: 1.2rem; margin-bottom: 1.2rem;\">Kuidas kasutada<\/h6>\n<ul>\n<li>Kanna geel nahale ja masseeri piirkonda, kuni see on imendunud. Efekti suurendamiseks kanna esmalt nahale Thermoslim geeli ja seej\u00e4rel Triple Action Shape geeli ning masseeri, kuni see on imendunud.<\/li>\n<\/ul><\/div>\n<div class=\"em-lg-4 em-col\">\n<h6 class=\"em-font-medium\" style=\"margin-top: 1.2rem; margin-bottom: 1.2rem;\">Toimeained ja koostisosad<\/h6>\n<ul>\n<li><strong>A2 blokaatorid<\/strong><\/li>\n<li><strong>Argisil-C<\/strong><\/li>\n<li><strong>Ecoslim<\/strong><\/li>\n<li><strong>Guaraana ekstrakt<\/strong><\/li>\n<li><strong>Lipocare<\/strong><\/li>\n<li><strong>Remoduliin<\/strong><\/li>\n<li><strong>Muud<\/strong>KOOSTIS: VESI, BUT\u00dcLEENGL\u00dcKOOL, GL\u00dcTSERIIN, POL\u00dcSORBAAT 20, PPG-26-BUTETH-26, PEG-40 H\u00dcDROGENISEERITUD RITSINUS\u00d5LI, KOFEIIN, AKR\u00dcLAADID\/C10-30 ALK\u00dc\u00dcLAKR\u00dcLAADI RISTPOL\u00dcMEER, PEG-8, FENOKS\u00dcETANOOL, ET\u00dc\u00dcLHEKS\u00dc\u00dcLGL\u00dcTSERIIN, KAPRYL\u00dc\u00dcLGL\u00dcKOOL, KAALIUMH\u00dcDROKSIID, KOHVIARABICA SEEMNE EKSTRAKT, PAULLINIA CUPANA SEEMNE EKSTRAKT, PARF\u00dc\u00dcM, BUPLEURUM FALCATUM JUUR EKSTRAKT, GL\u00dcTSER\u00dc\u00dcLPOL\u00dcAKR\u00dcLAAT, DINAATRIUM EDTA, LETSITIIN, TSITRUSVILJADE (CITRUS AURANTIUM AMARA) \u00d5IE EKSTRAKT, SILANTRIOOLARGINAAT, NAATRIUMBENSOAAT, K\u00dcSANTHELLI (CHRYSANTHELLUM INDICUM) EKSTRAKT, KOENS\u00dc\u00dcM A<\/li>\n<\/ul><\/div>\n<\/div>","protected":false},"excerpt":{"rendered":"<p>Lainetava toimega kehageel tselluliidi, lokaliseerunud rasvkoe ja l\u00f5tva nahaga kehale.<\/p>","protected":false},"featured_media":7618,"template":"","meta":[],"product_brand":[66],"product_cat":[73],"product_tag":[],"class_list":{"0":"post-7820","1":"product","2":"type-product","3":"status-publish","4":"has-post-thumbnail","6":"product_brand-juliette-armand","7":"product_cat-body","9":"first","10":"instock","11":"sale","12":"taxable","13":"shipping-taxable","14":"purchasable","15":"product-type-simple"},"_links":{"self":[{"href":"https:\/\/profskin.ee\/et\/wp-json\/wp\/v2\/product\/7820","targetHints":{"allow":["GET"]}}],"collection":[{"href":"https:\/\/profskin.ee\/et\/wp-json\/wp\/v2\/product"}],"about":[{"href":"https:\/\/profskin.ee\/et\/wp-json\/wp\/v2\/types\/product"}],"wp:featuredmedia":[{"embeddable":true,"href":"https:\/\/profskin.ee\/et\/wp-json\/wp\/v2\/media\/7618"}],"wp:attachment":[{"href":"https:\/\/profskin.ee\/et\/wp-json\/wp\/v2\/media?parent=7820"}],"wp:term":[{"taxonomy":"product_brand","embeddable":true,"href":"https:\/\/profskin.ee\/et\/wp-json\/wp\/v2\/product_brand?post=7820"},{"taxonomy":"product_cat","embeddable":true,"href":"https:\/\/profskin.ee\/et\/wp-json\/wp\/v2\/product_cat?post=7820"},{"taxonomy":"product_tag","embeddable":true,"href":"https:\/\/profskin.ee\/et\/wp-json\/wp\/v2\/product_tag?post=7820"}],"curies":[{"name":"t\u00f6\u00f6leht","href":"https:\/\/api.w.org\/{rel}","templated":true}]}}