{"id":7821,"date":"2025-07-03T21:22:58","date_gmt":"2025-07-03T21:22:58","guid":{"rendered":"https:\/\/profskin.ee\/?post_type=product&#038;p=7821"},"modified":"2026-03-18T15:00:04","modified_gmt":"2026-03-18T15:00:04","slug":"detoxifying-peeling-gel","status":"publish","type":"product","link":"https:\/\/profskin.ee\/et\/toode\/detoxifying-peeling-gel\/","title":{"rendered":"Detoksifitseeriv kooriv geel"},"content":{"rendered":"<h6>Kooriv geel, mis \u00fchendab keemilise koorimise kofeiiniga, sobib tselluliidi ja kangekaelse paikse rasu korral.<\/h6>\n<p>See eemaldab edukalt naha surnud rakud ja parandab lohukeste v\u00e4limust, j\u00e4ttes naha eriti siledaks, siidiseks ja pehmeks.<\/p>\n<div class=\"em-row\">\n<div class=\"em-lg-4 em-col\">\n<h6 class=\"em-font-medium\" style=\"margin-top: 1.2rem; margin-bottom: 1.2rem;\">Sobib<\/h6>\n<ul>\n<li>Tselluliit, koorimine, paiksed rasvkoed.<\/li>\n<li>Kombineeritud, kuiv, normaalne, rasune nahk.<\/li>\n<li>K\u00f5ikidele nahat\u00fc\u00fcpidele (sega, kuiv, normaalne, rasune).<\/li>\n<\/ul>\n<h6 class=\"em-font-medium\" style=\"margin-top: 1.2rem; margin-bottom: 1.2rem;\">Kuidas kasutada<\/h6>\n<ul>\n<li>Masseeri \u00f5rnalt kuni imendumiseni ja \u00e4ra eemalda.<\/li>\n<\/ul><\/div>\n<div class=\"em-lg-4 em-col\">\n<h6 class=\"em-font-medium\" style=\"margin-top: 1.2rem; margin-bottom: 1.2rem;\">Toimeained ja koostisosad<\/h6>\n<ul>\n<li><strong>A-bisabolool<\/strong><\/li>\n<li><strong>Cafeisilane C<\/strong><\/li>\n<li><strong>Salits\u00fc\u00fclhape 15%<\/strong><\/li>\n<li><strong>Muud<\/strong>KOOSTIS: VESI, PIIMHAPE, GL\u00dcKOOLHAPE, DENATUURNE ALKOHOL, NAATRIUMH\u00dcDROKSIID, BUT\u00dcLEENGL\u00dcKOOL, SILOKSAANTRIOOLALKINAAT, RITSINOLEET-40, H\u00dcDROKS\u00dcET\u00dc\u00dcLTSELLULOOS, PARF\u00dc\u00dcM, BISABOLOOL, DINAATRIUM EDTA, KOFEIIN<\/li>\n<\/ul><\/div>\n<\/div>","protected":false},"excerpt":{"rendered":"<p>Kooriv geel, mis \u00fchendab keemilise koorimise kofeiiniga, sobib tselluliidi ja kangekaelse paikse rasu korral.<\/p>","protected":false},"featured_media":7617,"template":"","meta":[],"product_brand":[66],"product_cat":[73],"product_tag":[],"class_list":{"0":"post-7821","1":"product","2":"type-product","3":"status-publish","4":"has-post-thumbnail","6":"product_brand-juliette-armand","7":"product_cat-body","9":"first","10":"instock","11":"sale","12":"taxable","13":"shipping-taxable","14":"purchasable","15":"product-type-simple"},"_links":{"self":[{"href":"https:\/\/profskin.ee\/et\/wp-json\/wp\/v2\/product\/7821","targetHints":{"allow":["GET"]}}],"collection":[{"href":"https:\/\/profskin.ee\/et\/wp-json\/wp\/v2\/product"}],"about":[{"href":"https:\/\/profskin.ee\/et\/wp-json\/wp\/v2\/types\/product"}],"wp:featuredmedia":[{"embeddable":true,"href":"https:\/\/profskin.ee\/et\/wp-json\/wp\/v2\/media\/7617"}],"wp:attachment":[{"href":"https:\/\/profskin.ee\/et\/wp-json\/wp\/v2\/media?parent=7821"}],"wp:term":[{"taxonomy":"product_brand","embeddable":true,"href":"https:\/\/profskin.ee\/et\/wp-json\/wp\/v2\/product_brand?post=7821"},{"taxonomy":"product_cat","embeddable":true,"href":"https:\/\/profskin.ee\/et\/wp-json\/wp\/v2\/product_cat?post=7821"},{"taxonomy":"product_tag","embeddable":true,"href":"https:\/\/profskin.ee\/et\/wp-json\/wp\/v2\/product_tag?post=7821"}],"curies":[{"name":"t\u00f6\u00f6leht","href":"https:\/\/api.w.org\/{rel}","templated":true}]}}