{"id":7822,"date":"2025-07-03T21:22:58","date_gmt":"2025-07-03T21:22:58","guid":{"rendered":"https:\/\/profskin.ee\/?post_type=product&#038;p=7822"},"modified":"2026-03-18T15:25:00","modified_gmt":"2026-03-18T15:25:00","slug":"thavma-hydra-lifting-cream","status":"publish","type":"product","link":"https:\/\/profskin.ee\/et\/toode\/thavma-hydra-lifting-cream\/","title":{"rendered":"Thavma Hydra t\u00f5stev kreem"},"content":{"rendered":"<h6>Niisutav ja pinguldav n\u00e4okreem, mis sobib igale nahat\u00fc\u00fcbile<\/h6>\n<p>See niisutab ja parandab peente joonte ja kortsude n\u00e4htavust nahal, andes s\u00e4rava, s\u00e4rava ja pringim jume. \u201eCosmetic Drones\u201d tehnoloogiaga t\u00e4iustatud toode pakub peptiidide t\u00e4iustatud ja sihip\u00e4rast nahale toimetamise s\u00fcsteemi.<\/p>\n<div class=\"em-row\">\n<div class=\"em-lg-4 em-col\">\n<h6 class=\"em-font-medium\" style=\"margin-top: 1.2rem; margin-bottom: 1.2rem;\">Sobib<\/h6>\n<ul>\n<li>Peened jooned, s\u00e4ra, niisutus, lifting, kortsud.<\/li>\n<li>Kombineeritud, kuiv, normaalne, rasune nahk.<\/li>\n<li>K\u00f5ikidele nahat\u00fc\u00fcpidele (sega, kuiv, normaalne, rasune).<\/li>\n<\/ul>\n<h6 class=\"em-font-medium\" style=\"margin-top: 1.2rem; margin-bottom: 1.2rem;\">Kuidas kasutada<\/h6>\n<ul>\n<li>Kandke v\u00e4ike kogus ja masseerige \u00f5rnalt 1-2 korda p\u00e4evas.<\/li>\n<\/ul><\/div>\n<div class=\"em-lg-4 em-col\">\n<h6 class=\"em-font-medium\" style=\"margin-top: 1.2rem; margin-bottom: 1.2rem;\">Toimeained ja koostisosad<\/h6>\n<ul>\n<li><strong>Allantoiin<\/strong><\/li>\n<li><strong>Ameliox<\/strong><\/li>\n<li><strong>Argireliin<\/strong><\/li>\n<li><strong>Arnika\u00f5li<\/strong><\/li>\n<li><strong>Avokaado\u00f5li<\/strong><\/li>\n<li><strong>Leuphasyl<\/strong><\/li>\n<li><strong>F\u00fctoskvaal<\/strong><\/li>\n<li><strong>Sheav\u00f5i<\/strong><\/li>\n<li><strong>Trimoist<\/strong><\/li>\n<li><strong>E-vitamiin<\/strong><\/li>\n<li><strong>X50 Myocepti kosmeetiline droon<\/strong><\/li>\n<li><strong>Muud<\/strong>KOOSTISOSAD: VESI, KAPRIIL-\/KAPRIINTRIGL\u00dcTSERIID, GL\u00dcTSERIIN, KOKO-KAPRILAAT\/KAPRAAAT, ET\u00dc\u00dcLHEKS\u00dc\u00dcLSTEARAAT, PERSEA GRATISSIMA \u00d5LI, POL\u00dcISOPREEN, GL\u00dcTSIINISOA\u00d5LI, BUTYROSPERMUM PARKII V\u00d5I, TSETEAR\u00dc\u00dcLISONONANOAAAT, DIMETIKOON, NAATRIUMAKR\u00dcLAATIDE KOPOL\u00dcMEER, TOKOFER\u00dc\u00dcLATSETAAT, H\u00dcDROGENISEERITUD POL\u00dcDETSEEN, FENOKS\u00dcETANOOL, SKVALEEN, AKR\u00dcLAADID\/C10-30 ALK\u00dc\u00dcLAKR\u00dcLAADI RISTPOL\u00dcMEER, PARF\u00dc\u00dcM, KAPRIIL\u00dc\u00dcLGL\u00dcKOOL, KAALIUMH\u00dcDROKSIID, ALKOHOL, ET\u00dc\u00dcLHEKS\u00dc\u00dcLGL\u00dcTSERIIN, NAATRIUMSTEARO\u00dc\u00dcLGLUTAMAAT, P\u00c4HKLIP\u00d5LE \u00d5LI, HELIANTHUS ANNUUS SEEMNE\u00d5LI, FOSFOLIPIIDID POL\u00dcGL\u00dcTSER\u00dc\u00dcL-10 STEARAAT, NAATRIUMSTEARO\u00dc\u00dcLLAKTAAT, ALLANTOIIN, LETSITIIN, NAATRIUMLAKTAAT, KARNOSIIIN, ARNICA MONTANA \u00d5IE EKSTRAKT, TSET\u00dc\u00dcLALKOHOL, DINAATRIUM EDTA, VILK, NAATRIUMKARBOKS\u00dcMET\u00dc\u00dcL-BEETAGLUKAAN, CI 77891, GL\u00dcTSIINISOA STEROOLID, KSANTAANKUMM, PIIMHAPE, TOKOFEROOL, CI 77491, PENTAPEPTIID-18, ATSET\u00dc\u00dcLHEKSAPEPTIID-8, PIIMHAPPE\/GL\u00dcKOOLHAPPE KOPOL\u00dcMEER, SILIBIIN, PALMITOO\u00dcL SH-HEKSAPEPTIID-11 SP AMIID, POL\u00dcVIN\u00dc\u00dcLALKOHOL, PALMITOO\u00dcL SH-HEPTAPEPTIID-19 SP AMIID<\/li>\n<\/ul><\/div>\n<\/div>","protected":false},"excerpt":{"rendered":"<p>Niisutav ja pinguldav n\u00e4okreem, mis sobib k\u00f5ikidele nahat\u00fc\u00fcpidele.<\/p>","protected":false},"featured_media":7616,"template":"","meta":[],"product_brand":[67,66,68],"product_cat":[69],"product_tag":[],"class_list":{"0":"post-7822","1":"product","2":"type-product","3":"status-publish","4":"has-post-thumbnail","6":"product_brand-endor-technologies","7":"product_brand-juliette-armand","8":"product_brand-summe-cosmetics","9":"product_cat-cream","11":"first","12":"instock","13":"sale","14":"taxable","15":"shipping-taxable","16":"purchasable","17":"product-type-simple"},"_links":{"self":[{"href":"https:\/\/profskin.ee\/et\/wp-json\/wp\/v2\/product\/7822","targetHints":{"allow":["GET"]}}],"collection":[{"href":"https:\/\/profskin.ee\/et\/wp-json\/wp\/v2\/product"}],"about":[{"href":"https:\/\/profskin.ee\/et\/wp-json\/wp\/v2\/types\/product"}],"wp:featuredmedia":[{"embeddable":true,"href":"https:\/\/profskin.ee\/et\/wp-json\/wp\/v2\/media\/7616"}],"wp:attachment":[{"href":"https:\/\/profskin.ee\/et\/wp-json\/wp\/v2\/media?parent=7822"}],"wp:term":[{"taxonomy":"product_brand","embeddable":true,"href":"https:\/\/profskin.ee\/et\/wp-json\/wp\/v2\/product_brand?post=7822"},{"taxonomy":"product_cat","embeddable":true,"href":"https:\/\/profskin.ee\/et\/wp-json\/wp\/v2\/product_cat?post=7822"},{"taxonomy":"product_tag","embeddable":true,"href":"https:\/\/profskin.ee\/et\/wp-json\/wp\/v2\/product_tag?post=7822"}],"curies":[{"name":"t\u00f6\u00f6leht","href":"https:\/\/api.w.org\/{rel}","templated":true}]}}