{"id":7823,"date":"2025-07-03T21:22:58","date_gmt":"2025-07-03T21:22:58","guid":{"rendered":"https:\/\/profskin.ee\/?post_type=product&#038;p=7823"},"modified":"2026-03-18T15:23:38","modified_gmt":"2026-03-18T15:23:38","slug":"thavma-hydra-lifting-serum","status":"publish","type":"product","link":"https:\/\/profskin.ee\/et\/toode\/thavma-hydra-lifting-serum\/","title":{"rendered":"Thavma Hydra lifting seerum"},"content":{"rendered":"<h6>Niisutav ja pinguldav n\u00e4oseerum, mis sobib k\u00f5ikidele nahat\u00fc\u00fcpidele.<\/h6>\n<p>See niisutab s\u00fcgavuti ja v\u00e4hendab peente joonte ja kortsude n\u00e4htavust, j\u00e4ttes naha eriti pringiks ja terve s\u00e4rava jumega.<\/p>\n<div class=\"em-row\">\n<div class=\"em-lg-4 em-col\">\n<h6 class=\"em-font-medium\" style=\"margin-top: 1.2rem; margin-bottom: 1.2rem;\">Sobib<\/h6>\n<ul>\n<li>Peened jooned, s\u00e4ra, niisutus, lifting, kortsud.<\/li>\n<li>Kombineeritud, kuiv, normaalne, rasune nahk.<\/li>\n<li>K\u00f5ikidele nahat\u00fc\u00fcpidele (sega, kuiv, normaalne, rasune).<\/li>\n<\/ul>\n<h6 class=\"em-font-medium\" style=\"margin-top: 1.2rem; margin-bottom: 1.2rem;\">Kuidas kasutada<\/h6>\n<ul>\n<li>Kandke puhtale nahale ja masseerige \u00f5rnalt 1-2 korda p\u00e4evas.<\/li>\n<\/ul><\/div>\n<div class=\"em-lg-4 em-col\">\n<h6 class=\"em-font-medium\" style=\"margin-top: 1.2rem; margin-bottom: 1.2rem;\">Toimeained ja koostisosad<\/h6>\n<ul>\n<li><strong>A-bisabolool<\/strong><\/li>\n<li><strong>Argireliin<\/strong><\/li>\n<li><strong>Leuphasyl<\/strong><\/li>\n<li><strong>L\u039cW h\u00fcaluroonhape<\/strong><\/li>\n<li><strong>MMW h\u00fcaluroonhape<\/strong><\/li>\n<li><strong>F\u00fctoskvaal<\/strong><\/li>\n<li><strong>UV-filtrid<\/strong><\/li>\n<li><strong>A-vitamiin (retin\u00fc\u00fclpalmitaat)<\/strong><\/li>\n<li><strong>E-vitamiin<\/strong><\/li>\n<li><strong>Muud<\/strong>KOOSTIS: VESI, RITSINOLEET-40, BUT\u00dc\u00dcLEENGL\u00dcKOOL, PEG-40 H\u00dcDROGENISEERITUD RITSINUS\u00d5LI, BIS-PEG-18 MET\u00dc\u00dcLEETERDIMET\u00dc\u00dcLSILAAN, PEG-32, PEG-6, FENOKS\u00dcETANOOL, AMMOONIUMAKR\u00dcLO\u00dc\u00dcLDIMET\u00dc\u00dcLTAURAAT\/VP KOPOL\u00dcMEER, ET\u00dc\u00dcLHEKS\u00dc\u00dcLMETOKS\u00dcTINAMAAT, SKVALEEN, TOKOFER\u00dc\u00dcLATSETAAT, KAPRYL\u00dc\u00dcLGL\u00dcKOOL, ET\u00dc\u00dcLHEKS\u00dc\u00dcLGL\u00dcTSERIIN, GL\u00dcTSERIIN, PARF\u00dc\u00dcM, NAATRIUMH\u00dcALURONAAT, KSANTAANKUMM, BISABOLOOL, RETINY\u00dcLPALMITAAT, DINAATRIUMEDTA, ATSET\u00dc\u00dcLHEKSAPEPTIID-8, PENTAPEPTIID-18<br \/>\n(SISALDAB A-VITAMIINI. ENNE KASUTAMIST ARVESTAGE OMA P\u00c4EVASELT TARBITAVAT KOGUST.)<\/li>\n<\/ul><\/div>\n<\/div>","protected":false},"excerpt":{"rendered":"<p>Niisutav ja pinguldav n\u00e4oseerum, mis sobib k\u00f5ikidele nahat\u00fc\u00fcpidele.<\/p>","protected":false},"featured_media":7615,"template":"","meta":[],"product_brand":[66],"product_cat":[70],"product_tag":[],"class_list":{"0":"post-7823","1":"product","2":"type-product","3":"status-publish","4":"has-post-thumbnail","6":"product_brand-juliette-armand","7":"product_cat-serum","9":"first","10":"instock","11":"sale","12":"taxable","13":"shipping-taxable","14":"purchasable","15":"product-type-simple"},"_links":{"self":[{"href":"https:\/\/profskin.ee\/et\/wp-json\/wp\/v2\/product\/7823","targetHints":{"allow":["GET"]}}],"collection":[{"href":"https:\/\/profskin.ee\/et\/wp-json\/wp\/v2\/product"}],"about":[{"href":"https:\/\/profskin.ee\/et\/wp-json\/wp\/v2\/types\/product"}],"wp:featuredmedia":[{"embeddable":true,"href":"https:\/\/profskin.ee\/et\/wp-json\/wp\/v2\/media\/7615"}],"wp:attachment":[{"href":"https:\/\/profskin.ee\/et\/wp-json\/wp\/v2\/media?parent=7823"}],"wp:term":[{"taxonomy":"product_brand","embeddable":true,"href":"https:\/\/profskin.ee\/et\/wp-json\/wp\/v2\/product_brand?post=7823"},{"taxonomy":"product_cat","embeddable":true,"href":"https:\/\/profskin.ee\/et\/wp-json\/wp\/v2\/product_cat?post=7823"},{"taxonomy":"product_tag","embeddable":true,"href":"https:\/\/profskin.ee\/et\/wp-json\/wp\/v2\/product_tag?post=7823"}],"curies":[{"name":"t\u00f6\u00f6leht","href":"https:\/\/api.w.org\/{rel}","templated":true}]}}