{"id":7824,"date":"2025-07-03T21:22:58","date_gmt":"2025-07-03T21:22:58","guid":{"rendered":"https:\/\/profskin.ee\/?post_type=product&#038;p=7824"},"modified":"2026-03-18T15:25:00","modified_gmt":"2026-03-18T15:25:00","slug":"chronos-hydra-correct-cream","status":"publish","type":"product","link":"https:\/\/profskin.ee\/et\/toode\/chronos-hydra-correct-cream\/","title":{"rendered":"Chronos Hydra Correct kreem"},"content":{"rendered":"<h6>K\u00f5rgefektiivselt uuendav kreem k\u00fcpsele nahale.<\/h6>\n<p>See silub vananemisilminguid, andes niisutust, s\u00e4ra, pinguldust ja eluj\u00f5udu v\u00e4sinud jume noorendamiseks. \u201eCosmetic Drones\u201d tehnoloogiaga t\u00e4iustatud toode pakub peptiidide t\u00e4iustatud ja sihip\u00e4rast nahale toimetamise s\u00fcsteemi.<\/p>\n<div class=\"em-row\">\n<div class=\"em-lg-4 em-col\">\n<h6 class=\"em-font-medium\" style=\"margin-top: 1.2rem; margin-bottom: 1.2rem;\">Sobib<\/h6>\n<ul>\n<li>Vananemisvastane, niisutav, pinguldav.<\/li>\n<li>Kombineeritud, kuiv, normaalne nahk.<\/li>\n<li>K\u00f5ikidele nahat\u00fc\u00fcpidele (sega, kuiv, normaalne, rasune).<\/li>\n<\/ul>\n<h6 class=\"em-font-medium\" style=\"margin-top: 1.2rem; margin-bottom: 1.2rem;\">Kuidas kasutada<\/h6>\n<ul>\n<li>Kandke v\u00e4ike kogus ja masseerige \u00f5rnalt 1-2 korda p\u00e4evas.<\/li>\n<\/ul><\/div>\n<div class=\"em-lg-4 em-col\">\n<h6 class=\"em-font-medium\" style=\"margin-top: 1.2rem; margin-bottom: 1.2rem;\">Toimeained ja koostisosad<\/h6>\n<ul>\n<li><strong>Alistin<\/strong><\/li>\n<li><strong>Alfa-lipohape<\/strong><\/li>\n<li><strong>EUK-134<\/strong><\/li>\n<li><strong>Jojoba\u00f5li<\/strong><\/li>\n<li><strong>Kelifluo<\/strong><\/li>\n<li><strong>Malus Domestica<\/strong><\/li>\n<li><strong>F\u00fctoskvaal<\/strong><\/li>\n<li><strong>Soja isoflavonoidid<\/strong><\/li>\n<li><strong>E-vitamiin<\/strong><\/li>\n<li><strong>X50 Hyalufiller kosmeetiline droon<\/strong><\/li>\n<li><strong>XSMW h\u00fcaluroonhape<\/strong><\/li>\n<li><strong>Muud<\/strong>KOOSTIS: VESI, GL\u00dcTSER\u00dc\u00dcLSTEARAAT, GL\u00dcTSERIIN, TSETEAR\u00dc\u00dcLET\u00dc\u00dcLHEKSANOAATT, BUT\u00dcLEENGL\u00dcKOOL, C12-15 ALK\u00dc\u00dcLBENSOAAT, PEG-100 STEARAATT, SIMMONDSIA CHINENSIS&#039;E SEEMNE\u00d5LI, TRILAURETH-4 FOSFAAT, TSET\u00dc\u00dcLALKOHOL, DIMETIKOON, AMMOONIUMAKR\u00dcLO\u00dc\u00dcLDIMET\u00dc\u00dcLTAURAATT\/VP KOPOL\u00dcMEER, FENOKS\u00dcETANOOL, POL\u00dcPERFLUOROMET\u00dc\u00dcLISOPROP\u00dc\u00dcLEETER, TOKOFER\u00dc\u00dcLATSETAAT, KAPRU\u00dcL\u00dc\u00dcLGL\u00dcKOOL, ET\u00dc\u00dcLHEKS\u00dc\u00dcLGL\u00dcTSERIIN, PARF\u00dc\u00dcM, SKVALEEN, ALKOHOL, MALUS DOMESTICA VILJAKULTUURI EKSTRAKT, POL\u00dcSORBAAT 80, PROPAANDIOOL, NAATRIUMH\u00dcALURONAAT, DEKARBOKS\u00dcKARNOSIINHLOROLIIN, TIOKTHAPE, LETSITIIN, KSANTAANKUMM, ET\u00dc\u00dcLBISIMINOMET\u00dc\u00dcLGUAIKOOL, MANGAANKLORIID, TEE-LAUR\u00dc\u00dcLSULFAAT, SOJA ISOFLAVOONID, PIIMHAPPE\/GL\u00dcKOOLHAPPE KOPOL\u00dcMEER, PROL\u00dc\u00dcLH\u00dcDROKS\u00dcPROLIIN, POL\u00dcVIN\u00dc\u00dcLALKOHOL, PALMITO\u00dc\u00dcL SH-HEKSAPEPTIID-13 SERIIN SP AMIID<\/li>\n<\/ul><\/div>\n<\/div>","protected":false},"excerpt":{"rendered":"<p>K\u00f5rgefektiivselt uuendav kreem k\u00fcpsele nahale.<\/p>","protected":false},"featured_media":7614,"template":"","meta":[],"product_brand":[67,66,68],"product_cat":[69],"product_tag":[],"class_list":{"0":"post-7824","1":"product","2":"type-product","3":"status-publish","4":"has-post-thumbnail","6":"product_brand-endor-technologies","7":"product_brand-juliette-armand","8":"product_brand-summe-cosmetics","9":"product_cat-cream","11":"first","12":"instock","13":"sale","14":"taxable","15":"shipping-taxable","16":"purchasable","17":"product-type-simple"},"_links":{"self":[{"href":"https:\/\/profskin.ee\/et\/wp-json\/wp\/v2\/product\/7824","targetHints":{"allow":["GET"]}}],"collection":[{"href":"https:\/\/profskin.ee\/et\/wp-json\/wp\/v2\/product"}],"about":[{"href":"https:\/\/profskin.ee\/et\/wp-json\/wp\/v2\/types\/product"}],"wp:featuredmedia":[{"embeddable":true,"href":"https:\/\/profskin.ee\/et\/wp-json\/wp\/v2\/media\/7614"}],"wp:attachment":[{"href":"https:\/\/profskin.ee\/et\/wp-json\/wp\/v2\/media?parent=7824"}],"wp:term":[{"taxonomy":"product_brand","embeddable":true,"href":"https:\/\/profskin.ee\/et\/wp-json\/wp\/v2\/product_brand?post=7824"},{"taxonomy":"product_cat","embeddable":true,"href":"https:\/\/profskin.ee\/et\/wp-json\/wp\/v2\/product_cat?post=7824"},{"taxonomy":"product_tag","embeddable":true,"href":"https:\/\/profskin.ee\/et\/wp-json\/wp\/v2\/product_tag?post=7824"}],"curies":[{"name":"t\u00f6\u00f6leht","href":"https:\/\/api.w.org\/{rel}","templated":true}]}}