{"id":7825,"date":"2025-07-03T21:22:58","date_gmt":"2025-07-03T21:22:58","guid":{"rendered":"https:\/\/profskin.ee\/?post_type=product&#038;p=7825"},"modified":"2026-03-18T15:23:38","modified_gmt":"2026-03-18T15:23:38","slug":"chronos-hydra-correct-serum","status":"publish","type":"product","link":"https:\/\/profskin.ee\/et\/toode\/chronos-hydra-correct-serum\/","title":{"rendered":"Chronos Hydra Correct seerum"},"content":{"rendered":"<h6>Niisutav ja antioks\u00fcdantne seerum k\u00fcpsele ja v\u00e4sinud nahale.<\/h6>\n<p>Selle ristseotud h\u00fcaluroonhape t\u00e4idab nahka koheselt ja pakub n\u00e4htavalt p\u00fcsivat niisutust.<\/p>\n<div class=\"em-row\">\n<div class=\"em-lg-4 em-col\">\n<h6 class=\"em-font-medium\" style=\"margin-top: 1.2rem; margin-bottom: 1.2rem;\">Sobib<\/h6>\n<ul>\n<li>Vananemisvastane, antioks\u00fcdant, niisutav.<\/li>\n<li>Kombineeritud, kuiv, normaalne nahk.<\/li>\n<li>K\u00f5ikidele nahat\u00fc\u00fcpidele (sega, kuiv, normaalne, rasune).<\/li>\n<\/ul>\n<h6 class=\"em-font-medium\" style=\"margin-top: 1.2rem; margin-bottom: 1.2rem;\">Kuidas kasutada<\/h6>\n<ul>\n<li>Kandke puhtale nahale ja masseerige \u00f5rnalt 1-2 korda p\u00e4evas.<\/li>\n<\/ul><\/div>\n<div class=\"em-lg-4 em-col\">\n<h6 class=\"em-font-medium\" style=\"margin-top: 1.2rem; margin-bottom: 1.2rem;\">Toimeained ja koostisosad<\/h6>\n<ul>\n<li><strong>A-bisabolool<\/strong><\/li>\n<li><strong>Aldeniin<\/strong><\/li>\n<li><strong>EL\u039cW h\u00fcaluroonhape<\/strong><\/li>\n<li><strong>HMW h\u00fcaluroonhape<\/strong><\/li>\n<li><strong>H\u00fcaluroonhape ristseotud<\/strong><\/li>\n<li><strong>L\u039cW h\u00fcaluroonhape<\/strong><\/li>\n<li><strong>Maatriks\u00fc\u00fclmorfoomika<\/strong><\/li>\n<li><strong>MMW h\u00fcaluroonhape<\/strong><\/li>\n<li><strong>F\u00fctoskvaal<\/strong><\/li>\n<li><strong>UV-filtrid<\/strong><\/li>\n<li><strong>A-vitamiin (retin\u00fc\u00fclpalmitaat)<\/strong><\/li>\n<li><strong>E-vitamiin<\/strong><\/li>\n<li><strong>XSMW h\u00fcaluroonhape<\/strong><\/li>\n<li><strong>Muud<\/strong>KOOSTIS: VESI, PEG-40 H\u00dcDROGENISEERITUD RITSINOOLI\u00d5LI, RITSINOLEET-40, TS\u00dcKLOPENTASILOKSAAN, PEG-32, PEG-6, BIS-PEG-18 MET\u00dc\u00dcLEETERDIMET\u00dc\u00dcLSILAANI, BUT\u00dcLEENGL\u00dcKOOL, FENOKS\u00dcETANOOL, C30-45 ALK\u00dc\u00dcLTSETEAR\u00dc\u00dcLDIMETIKOONI RISTPOL\u00dcMEER, PEG-6 MET\u00dc\u00dcLEETER, AMMOONIUMAKR\u00dcLO\u00dc\u00dcLDIMET\u00dc\u00dcLTAURAAT\/VP KOPOL\u00dcMEER, ET\u00dc\u00dcLHEKS\u00dc\u00dcLMETOKS\u00dcTSIINAMAAT, SKVALEEN, TOKOFER\u00dc\u00dcLATSETAAT, NAATRIUMH\u00dcALURONAAT, KAPRU\u00dcL\u00dc\u00dcLGL\u00dcKOOL, ET\u00dc\u00dcLHEKS\u00dc\u00dcLGL\u00dcTSERIIN, H\u00dcDROL\u00dc\u00dcSITUD SOJAVALK, PENT\u00dcLEENGL\u00dcKOOL, KSANTAANKUMM, BISABOLOOL, PARF\u00dc\u00dcM, NAATRIUMH\u00dcALURONAAT RISTPOL\u00dcMEER-3, H\u00dcDROL\u00dc\u00dcSITUD NISUVALK, RETINY\u00dcLPALMITAAT, DINAATRIUM-EDTA, GL\u00dcTSIINISOA\u00d5LI, ISOPROP\u00dc\u00dcLALKOHOL, TRIPEPTIID-1, N-PROP\u00dc\u00dcLPALMITOO\u00dcLTRIPEPTIID-56 ATSETAAT<\/li>\n<\/ul><\/div>\n<\/div>","protected":false},"excerpt":{"rendered":"<p>Niisutav ja antioks\u00fcdantne seerum k\u00fcpsele ja v\u00e4sinud nahale.<\/p>","protected":false},"featured_media":7613,"template":"","meta":[],"product_brand":[66],"product_cat":[70],"product_tag":[],"class_list":{"0":"post-7825","1":"product","2":"type-product","3":"status-publish","4":"has-post-thumbnail","6":"product_brand-juliette-armand","7":"product_cat-serum","9":"first","10":"instock","11":"sale","12":"taxable","13":"shipping-taxable","14":"purchasable","15":"product-type-simple"},"_links":{"self":[{"href":"https:\/\/profskin.ee\/et\/wp-json\/wp\/v2\/product\/7825","targetHints":{"allow":["GET"]}}],"collection":[{"href":"https:\/\/profskin.ee\/et\/wp-json\/wp\/v2\/product"}],"about":[{"href":"https:\/\/profskin.ee\/et\/wp-json\/wp\/v2\/types\/product"}],"wp:featuredmedia":[{"embeddable":true,"href":"https:\/\/profskin.ee\/et\/wp-json\/wp\/v2\/media\/7613"}],"wp:attachment":[{"href":"https:\/\/profskin.ee\/et\/wp-json\/wp\/v2\/media?parent=7825"}],"wp:term":[{"taxonomy":"product_brand","embeddable":true,"href":"https:\/\/profskin.ee\/et\/wp-json\/wp\/v2\/product_brand?post=7825"},{"taxonomy":"product_cat","embeddable":true,"href":"https:\/\/profskin.ee\/et\/wp-json\/wp\/v2\/product_cat?post=7825"},{"taxonomy":"product_tag","embeddable":true,"href":"https:\/\/profskin.ee\/et\/wp-json\/wp\/v2\/product_tag?post=7825"}],"curies":[{"name":"t\u00f6\u00f6leht","href":"https:\/\/api.w.org\/{rel}","templated":true}]}}