{"id":7827,"date":"2025-07-03T21:23:01","date_gmt":"2025-07-03T21:23:01","guid":{"rendered":"https:\/\/profskin.ee\/?post_type=product&#038;p=7827"},"modified":"2026-03-18T15:27:40","modified_gmt":"2026-03-18T15:27:40","slug":"opsis-eye-cream","status":"publish","type":"product","link":"https:\/\/profskin.ee\/et\/toode\/opsis-eye-cream\/","title":{"rendered":"Opsis silmakreem"},"content":{"rendered":"<h6>Nahahoolduskreem silmade \u00fcmbrusele.<\/h6>\n<p>See niisutab ja parandab kortsude, tursete ja tumedate silmaalustega naha v\u00e4limust, taastades selle pringuse, eluj\u00f5u ja s\u00e4ra. \u201eCosmetic Drones\u201d tehnoloogiaga t\u00e4iustatud toode pakub peptiidide t\u00e4iustatud ja sihip\u00e4rast nahale toimetamise s\u00fcsteemi.<\/p>\n<div class=\"em-row\">\n<div class=\"em-lg-4 em-col\">\n<h6 class=\"em-font-medium\" style=\"margin-top: 1.2rem; margin-bottom: 1.2rem;\">Sobib<\/h6>\n<ul>\n<li>Silma\u00fcmbruse hooldus, s\u00e4ra, niisutus, pinguldamine, kortsud.<\/li>\n<li>Kombineeritud, kuiv, normaalne nahk.<\/li>\n<li>K\u00f5ikidele nahat\u00fc\u00fcpidele (sega, kuiv, normaalne, rasune).<\/li>\n<\/ul>\n<h6 class=\"em-font-medium\" style=\"margin-top: 1.2rem; margin-bottom: 1.2rem;\">Kuidas kasutada<\/h6>\n<ul>\n<li>Kanna v\u00e4ike kogus silmade \u00fcmbrusele (mitte silmalaugudele) ja masseeri \u00f5rnalt, kuni see on imendunud.<\/li>\n<\/ul><\/div>\n<div class=\"em-lg-4 em-col\">\n<h6 class=\"em-font-medium\" style=\"margin-top: 1.2rem; margin-bottom: 1.2rem;\">Toimeained ja koostisosad<\/h6>\n<ul>\n<li><strong>A-bisabolool<\/strong><\/li>\n<li><strong>Albatiin<\/strong><\/li>\n<li><strong>Arginiin (L-arginiin)<\/strong><\/li>\n<li><strong>Argireliin<\/strong><\/li>\n<li><strong>H\u00fcdroks\u00fcprolisilaan<\/strong><\/li>\n<li><strong>Matrixyl 3000<\/strong><\/li>\n<li><strong>Unisooth Eg-28<\/strong><\/li>\n<li><strong>C-vitamiin (AA2G)<\/strong><\/li>\n<li><strong>E-vitamiin<\/strong><\/li>\n<li><strong>X50 vananemisvastane kosmeetiline droon<\/strong><\/li>\n<li><strong>Muud<\/strong>: VESI, C12-15 ALK\u00dc\u00dcLBENSOAAT, TS\u00dcKLOPENTASILOKSAAN, TSETEAR\u00dc\u00dcLALKOHOL, GL\u00dcTSER\u00dc\u00dcLSTEARAAT, PEG-100 STEARAATI<br \/>\nGL\u00dcTSERIIN, PPG-3 BENS\u00dc\u00dcLEETERM\u00dcRISTAAT, SORBITOOL, TSETEARETH-33, C30-45 ALK\u00dc\u00dcLTSETEAR\u00dc\u00dcLDIMETIKOON<br \/>\nRISTPOL\u00dcMEER, TSET\u00dc\u00dcLPALMITAAT, FENOKS\u00dcETANOOL, ASKORB\u00dc\u00dcLGL\u00dcKOSIID, TOKOFER\u00dc\u00dcLATSETAAT, BUT\u00dcLEENGL\u00dcKOOL,<br \/>\nPEG-20 STEARAT, ARGINIIN, KAPRYL\u00dc\u00dcLGL\u00dcKOOL, ET\u00dc\u00dcLHEKS\u00dc\u00dcLGL\u00dcTSERIIN, AKR\u00dcLAADID\/C10-30 ALK\u00dc\u00dcLAKR\u00dcLAAT<br \/>\nRISTPOL\u00dcMEER, AMINOET\u00dc\u00dcLFOSFIINHAPE, BISABOLOOL, DINAATRIUM EDTA, PARF\u00dc\u00dcM, KAALIUMH\u00dcDROKSIID, NAATRIUMTSITRAAT, MET\u00dc\u00dcLSILANOOL-H\u00dcDROKS\u00dcPROLIINASPARTAAT, KARBOMEER, NAATRIUMLAKTAAT, POL\u00dcSORBAAT 20, SALITS\u00dc\u00dcLHAPE, SIDRUNHAPE, KSANTAANKUMM, KAALIUMSORBAAT, GAL\u00dc\u00dcLGL\u00dcKOSIID, PROP\u00dc\u00dcLGALLAAT, PENTAER\u00dcTRIT\u00dc\u00dcLTETRA-DI-TBUT\u00dc\u00dcLH\u00dcDROKS\u00dcH\u00dcDROTSIINAMAAT, ATSET\u00dc\u00dcLHEKSAPEPTIID-8, GL\u00dcTSER\u00dc\u00dcLKAP\u00dcLAAT, EPIGALLOKATEHIIN-GALLAT\u00dc\u00dcLGL\u00dcKOSIID, PIIMHAPPE\/GL\u00dcKOOLHAPPE KOPOL\u00dcMEER, POL\u00dcVIN\u00dc\u00dcLALKOHOL, FEN\u00dc\u00dcLPROPANOOL, PALMITO\u00dc\u00dcLTRIPEPTIID-1, PALMITOO\u00dcL TETRAPEPTIID-7, VASKHEPTAPEPTIID-14 PANTOTENAAT, HEPTAPEPTIID-15 PALMITAAT<\/li>\n<\/ul><\/div>\n<\/div>","protected":false},"excerpt":{"rendered":"<p>Nahahoolduskreem silmade \u00fcmbrusele.<\/p>","protected":false},"featured_media":7611,"template":"","meta":[],"product_brand":[67,66,68],"product_cat":[15,73,71,69,74,75,76],"product_tag":[],"class_list":{"0":"post-7827","1":"product","2":"type-product","3":"status-publish","4":"has-post-thumbnail","6":"product_brand-endor-technologies","7":"product_brand-juliette-armand","8":"product_brand-summe-cosmetics","9":"product_cat-all-products","10":"product_cat-body","11":"product_cat-cleansers","12":"product_cat-cream","13":"product_cat-exfoliant","14":"product_cat-eye","15":"product_cat-fluid","17":"first","18":"instock","19":"sale","20":"taxable","21":"shipping-taxable","22":"purchasable","23":"product-type-simple"},"_links":{"self":[{"href":"https:\/\/profskin.ee\/et\/wp-json\/wp\/v2\/product\/7827","targetHints":{"allow":["GET"]}}],"collection":[{"href":"https:\/\/profskin.ee\/et\/wp-json\/wp\/v2\/product"}],"about":[{"href":"https:\/\/profskin.ee\/et\/wp-json\/wp\/v2\/types\/product"}],"wp:featuredmedia":[{"embeddable":true,"href":"https:\/\/profskin.ee\/et\/wp-json\/wp\/v2\/media\/7611"}],"wp:attachment":[{"href":"https:\/\/profskin.ee\/et\/wp-json\/wp\/v2\/media?parent=7827"}],"wp:term":[{"taxonomy":"product_brand","embeddable":true,"href":"https:\/\/profskin.ee\/et\/wp-json\/wp\/v2\/product_brand?post=7827"},{"taxonomy":"product_cat","embeddable":true,"href":"https:\/\/profskin.ee\/et\/wp-json\/wp\/v2\/product_cat?post=7827"},{"taxonomy":"product_tag","embeddable":true,"href":"https:\/\/profskin.ee\/et\/wp-json\/wp\/v2\/product_tag?post=7827"}],"curies":[{"name":"t\u00f6\u00f6leht","href":"https:\/\/api.w.org\/{rel}","templated":true}]}}