{"id":7828,"date":"2025-07-03T21:23:01","date_gmt":"2025-07-03T21:23:01","guid":{"rendered":"https:\/\/profskin.ee\/?post_type=product&#038;p=7828"},"modified":"2026-03-18T15:34:27","modified_gmt":"2026-03-18T15:34:27","slug":"apocalypsis-rejuvenating-cream","status":"publish","type":"product","link":"https:\/\/profskin.ee\/et\/toode\/apocalypsis-rejuvenating-cream\/","title":{"rendered":"Apocalypsis noorendav kreem"},"content":{"rendered":"<h6>Noorendav kreem armide, m\u00e4rkidega ja kortsudega nahale.<\/h6>\n<p>See parandab kortsude ja armidega naha v\u00e4limust ja kvaliteeti ning \u00fchtlustab nahka, j\u00e4ttes selle n\u00e4htavalt siledamaks. Sellel on spetsiaalne ja kergesti imenduv tekstuur.<\/p>\n<div class=\"em-row\">\n<div class=\"em-lg-4 em-col\">\n<h6 class=\"em-font-medium\" style=\"margin-top: 1.2rem; margin-bottom: 1.2rem;\">Sobib<\/h6>\n<ul>\n<li>Taastamine, kortsud.<\/li>\n<li>Kuiv, normaalne nahk.<\/li>\n<li>K\u00f5ikidele nahat\u00fc\u00fcpidele (sega, kuiv, normaalne, rasune).<\/li>\n<\/ul>\n<h6 class=\"em-font-medium\" style=\"margin-top: 1.2rem; margin-bottom: 1.2rem;\">Kuidas kasutada<\/h6>\n<ul>\n<li>Kandke v\u00e4ike kogus ja masseerige \u00f5rnalt 1-2 korda p\u00e4evas. Kuiva naha puhul on soovitatav kasutada iga p\u00e4ev.<\/li>\n<\/ul><\/div>\n<div class=\"em-lg-4 em-col\">\n<h6 class=\"em-font-medium\" style=\"margin-top: 1.2rem; margin-bottom: 1.2rem;\">Toimeained ja koostisosad<\/h6>\n<ul>\n<li><strong>A-bisabolool<\/strong><\/li>\n<li><strong>Dermonektiin<\/strong><\/li>\n<li><strong>Drieliin<\/strong><\/li>\n<li><strong>Kelifluo<\/strong><\/li>\n<li><strong>Malus Domestica<\/strong><\/li>\n<li><strong>Pantenool<\/strong><\/li>\n<li><strong>Pentavitiin<\/strong><\/li>\n<li><strong>Sheav\u00f5i<\/strong><\/li>\n<li><strong>Muud<\/strong>KOOSTIS: VESI, C12-20 HAPPE PEG-8 ESTER, TS\u00dcKLOPENTASILOKSAAN, GL\u00dcTSERIIN, PANTENOOL, BUT\u00dcLEENGL\u00dcKOOL, TSET\u00dc\u00dcLALKOHOL, ET\u00dc\u00dcLHEKS\u00dc\u00dcLSTEARAAT, POL\u00dcGL\u00dcTSER\u00dc\u00dcL-3 MET\u00dc\u00dcLGL\u00dcKOOSDISTEARAAT, BOORNITRIID, BUTYROSPERMUM PARKII V\u00d5I, H\u00dcDROGENISEERITUD POL\u00dcDETSEEN, PEG-20 STEARAT, FENOKS\u00dcETANOOL, SAHHARIIDISOMERAAT, H\u00dcDROGENISEERITUD T\u00c4RKLISE H\u00dcDROL\u00dcSAAT, BISABOLOOL, POL\u00dcPERFLUOROMET\u00dc\u00dcLISOPROP\u00dc\u00dcLEETER, KAPRYL\u00dc\u00dcLGL\u00dcKOOL, DIMETIKOON, ET\u00dc\u00dcLHEKS\u00dc\u00dcLGL\u00dcTSERIIN, MALUS DOMESTICA VILJAKULTUURI EKSTRAKT, GL\u00dcTSER\u00dc\u00dcLPOL\u00dcAKR\u00dcLAAT, OLIGOPEPTIID-5, PARF\u00dc\u00dcM, PEG-8, KSANTAANKUMM, TOKOFEROOL, FAEXI EKSTRAKT, NAATRIUMFOSFAAT, SIDRUNHAPE, NAATRIUMTSITRAAT, TEE-LAUR\u00dc\u00dcLSULFAAT, LETSITIIN, ASKORB\u00dc\u00dcLPALMITAAT, ASKORBIINHAPPE<\/li>\n<\/ul><\/div>\n<\/div>","protected":false},"excerpt":{"rendered":"<p>Noorendav kreem armide, m\u00e4rkidega ja kortsudega nahale.<\/p>","protected":false},"featured_media":7610,"template":"","meta":[],"product_brand":[67,66,68],"product_cat":[15,73,71,69,74,75,76],"product_tag":[],"class_list":{"0":"post-7828","1":"product","2":"type-product","3":"status-publish","4":"has-post-thumbnail","6":"product_brand-endor-technologies","7":"product_brand-juliette-armand","8":"product_brand-summe-cosmetics","9":"product_cat-all-products","10":"product_cat-body","11":"product_cat-cleansers","12":"product_cat-cream","13":"product_cat-exfoliant","14":"product_cat-eye","15":"product_cat-fluid","17":"first","18":"instock","19":"sale","20":"taxable","21":"shipping-taxable","22":"purchasable","23":"product-type-simple"},"_links":{"self":[{"href":"https:\/\/profskin.ee\/et\/wp-json\/wp\/v2\/product\/7828","targetHints":{"allow":["GET"]}}],"collection":[{"href":"https:\/\/profskin.ee\/et\/wp-json\/wp\/v2\/product"}],"about":[{"href":"https:\/\/profskin.ee\/et\/wp-json\/wp\/v2\/types\/product"}],"wp:featuredmedia":[{"embeddable":true,"href":"https:\/\/profskin.ee\/et\/wp-json\/wp\/v2\/media\/7610"}],"wp:attachment":[{"href":"https:\/\/profskin.ee\/et\/wp-json\/wp\/v2\/media?parent=7828"}],"wp:term":[{"taxonomy":"product_brand","embeddable":true,"href":"https:\/\/profskin.ee\/et\/wp-json\/wp\/v2\/product_brand?post=7828"},{"taxonomy":"product_cat","embeddable":true,"href":"https:\/\/profskin.ee\/et\/wp-json\/wp\/v2\/product_cat?post=7828"},{"taxonomy":"product_tag","embeddable":true,"href":"https:\/\/profskin.ee\/et\/wp-json\/wp\/v2\/product_tag?post=7828"}],"curies":[{"name":"t\u00f6\u00f6leht","href":"https:\/\/api.w.org\/{rel}","templated":true}]}}