{"id":7829,"date":"2025-07-03T21:23:01","date_gmt":"2025-07-03T21:23:01","guid":{"rendered":"https:\/\/profskin.ee\/?post_type=product&#038;p=7829"},"modified":"2026-03-18T15:27:40","modified_gmt":"2026-03-18T15:27:40","slug":"dna-rna-rejuvenation-cream","status":"publish","type":"product","link":"https:\/\/profskin.ee\/et\/toode\/dna-rna-rejuvenation-cream\/","title":{"rendered":"DNA-RNA noorendav kreem"},"content":{"rendered":"<h6>Nahka noorendav n\u00e4okreem h\u00fcdrol\u00fc\u00fcsitud DNA-RNA nukleotiidide kompleksiga, rikastatud h\u00fcaluroonhappe, peptiidide ja vitamiinidega. Sobib k\u00f5ikidele nahat\u00fc\u00fcpidele.<\/h6>\n<p>Koostisainete s\u00fcnergia noorendab nahka ning suurendab niisutust ja elastsust, parandades tekstuuri ja nahatooni.<\/p>\n<div class=\"em-row\">\n<div class=\"em-lg-4 em-col\">\n<h6 class=\"em-font-medium\" style=\"margin-top: 1.2rem; margin-bottom: 1.2rem;\">Sobib<\/h6>\n<ul>\n<li>Noorendamine.<\/li>\n<li>Kombineeritud, kuiv, normaalne, rasune nahk.<\/li>\n<li>K\u00f5ikidele nahat\u00fc\u00fcpidele (sega, kuiv, normaalne, rasune).<\/li>\n<\/ul>\n<h6 class=\"em-font-medium\" style=\"margin-top: 1.2rem; margin-bottom: 1.2rem;\">Kuidas kasutada<\/h6>\n<ul>\n<li>Kandke peale 1-2 korda p\u00e4evas. Soovitatav on kasutada p\u00e4rast PDRN noorendavat seerumit.<\/li>\n<\/ul><\/div>\n<div class=\"em-lg-4 em-col\">\n<h6 class=\"em-font-medium\" style=\"margin-top: 1.2rem; margin-bottom: 1.2rem;\">Toimeained ja koostisosad<\/h6>\n<ul>\n<li><strong>Aloe vera<\/strong><\/li>\n<li><strong>Vaskpeptiid<\/strong><\/li>\n<li><strong>DNA-RNA kompleks<\/strong><\/li>\n<li><strong>Jojoba\u00f5li<\/strong><\/li>\n<li><strong>L\u039cW h\u00fcaluroonhape<\/strong><\/li>\n<li><strong>MMW h\u00fcaluroonhape<\/strong><\/li>\n<li><strong>Pentavitiin<\/strong><\/li>\n<li><strong>Sheav\u00f5i<\/strong><\/li>\n<li><strong>Vitamiin B3 (PP ja niatsiinamiid)<\/strong><\/li>\n<li><strong>Vitamiin B5<\/strong><\/li>\n<li><strong>Muud<\/strong>KOOSTISOSAD: VESI, BUT\u00dcLEENGL\u00dcKOOL, POL\u00dcGL\u00dcTSER\u00dc\u00dcL-3 MET\u00dc\u00dcLGL\u00dcKOOSDISTEARAAT, GL\u00dcTSERIIN, ALOE BARBADENSIS&#039;E LEHE EKSTRAKT, TSET\u00dc\u00dcLALKOHOL, SAHHARIIDISOMERAAT, GL\u00dcTSER\u00dc\u00dcLSTEARAAT, POL\u00dcISOPREEN, UNDEKAAN, PANTENOOL, BUTYROSPERMUM PARKII V\u00d5I, NIATSIINAMIID, SIMMONDSIA CHINENSIS&#039;E SEEMNE\u00d5LI, TRIDEKAAN, DIMETIKOON, TOKOFER\u00dc\u00dcLATSETAAT, FENOKS\u00dcETANOOL, NAATRIUMH\u00dcALURONAAT, KAPRYL\u00dc\u00dcLGL\u00dcKOOL, AKR\u00dcLAADID\/C10-30 ALK\u00dc\u00dcLAKR\u00dcLAADI RISTPOL\u00dcMEER, ET\u00dc\u00dcLHEKS\u00dc\u00dcLGL\u00dcTSERIIN, GL\u00dcTSER\u00dc\u00dcLPOL\u00dcAKR\u00dcLAAT, POL\u00dcAKR\u00dc\u00dcLAMIID, DINAATRIUMEDTA, C13-14 ISOPARAFIIN, H\u00dcDROL\u00dc\u00dcSITUD DNA, H\u00dcDROL\u00dc\u00dcSITUD RNA, NAATRIUMH\u00dcDROKSIID, LEUKONOSTOKI\/REDISJUURTE FERMENTI FILTRAAT, LAURETH-7, VASKTRIPEPTIID-1<\/li>\n<\/ul><\/div>\n<\/div>","protected":false},"excerpt":{"rendered":"<p>Nahka noorendav n\u00e4okreem h\u00fcdrol\u00fc\u00fcsitud DNA-RNA nukleotiidide kompleksiga, rikastatud h\u00fcaluroonhappe, peptiidide ja vitamiinidega. Sobib k\u00f5ikidele nahat\u00fc\u00fcpidele.<\/p>","protected":false},"featured_media":7609,"template":"","meta":[],"product_brand":[67,66,68],"product_cat":[15,73,71,69,74,75,76],"product_tag":[],"class_list":{"0":"post-7829","1":"product","2":"type-product","3":"status-publish","4":"has-post-thumbnail","6":"product_brand-endor-technologies","7":"product_brand-juliette-armand","8":"product_brand-summe-cosmetics","9":"product_cat-all-products","10":"product_cat-body","11":"product_cat-cleansers","12":"product_cat-cream","13":"product_cat-exfoliant","14":"product_cat-eye","15":"product_cat-fluid","17":"first","18":"instock","19":"sale","20":"taxable","21":"shipping-taxable","22":"purchasable","23":"product-type-simple"},"_links":{"self":[{"href":"https:\/\/profskin.ee\/et\/wp-json\/wp\/v2\/product\/7829","targetHints":{"allow":["GET"]}}],"collection":[{"href":"https:\/\/profskin.ee\/et\/wp-json\/wp\/v2\/product"}],"about":[{"href":"https:\/\/profskin.ee\/et\/wp-json\/wp\/v2\/types\/product"}],"wp:featuredmedia":[{"embeddable":true,"href":"https:\/\/profskin.ee\/et\/wp-json\/wp\/v2\/media\/7609"}],"wp:attachment":[{"href":"https:\/\/profskin.ee\/et\/wp-json\/wp\/v2\/media?parent=7829"}],"wp:term":[{"taxonomy":"product_brand","embeddable":true,"href":"https:\/\/profskin.ee\/et\/wp-json\/wp\/v2\/product_brand?post=7829"},{"taxonomy":"product_cat","embeddable":true,"href":"https:\/\/profskin.ee\/et\/wp-json\/wp\/v2\/product_cat?post=7829"},{"taxonomy":"product_tag","embeddable":true,"href":"https:\/\/profskin.ee\/et\/wp-json\/wp\/v2\/product_tag?post=7829"}],"curies":[{"name":"t\u00f6\u00f6leht","href":"https:\/\/api.w.org\/{rel}","templated":true}]}}