{"id":7830,"date":"2025-07-03T21:23:01","date_gmt":"2025-07-03T21:23:01","guid":{"rendered":"https:\/\/profskin.ee\/?post_type=product&#038;p=7830"},"modified":"2026-03-18T15:27:40","modified_gmt":"2026-03-18T15:27:40","slug":"pdrn-rejuvenation-cream","status":"publish","type":"product","link":"https:\/\/profskin.ee\/et\/toode\/pdrn-rejuvenation-cream\/","title":{"rendered":"PDRN Rejuvenation Cream"},"content":{"rendered":"<h6>Nahka noorendav n\u00e4okreem PDRN pol\u00fcnukleotiidiga, rikastatud peptiidide, keramiidide, vitamiinide ja h\u00fcaluroonhappega. Normaalsele, kuivale ja k\u00fcpsele nahale.<\/h6>\n<p>Koostisainete s\u00fcnergia noorendab nahka ning tugevdab selle kaitsekihti ja elastsust, parandades tekstuuri ja nahatooni.<\/p>\n<div class=\"em-row\">\n<div class=\"em-lg-4 em-col\">\n<h6 class=\"em-font-medium\" style=\"margin-top: 1.2rem; margin-bottom: 1.2rem;\">Sobib<\/h6>\n<ul>\n<li>L\u00f5tvunud nahk, pigmentatsioon, noorendamine, uuenemine, kortsud.<\/li>\n<li>Kuiv, k\u00fcps, normaalne nahk.<\/li>\n<li>K\u00f5ikidele nahat\u00fc\u00fcpidele (sega, kuiv, normaalne, rasune).<\/li>\n<\/ul>\n<h6 class=\"em-font-medium\" style=\"margin-top: 1.2rem; margin-bottom: 1.2rem;\">Kuidas kasutada<\/h6>\n<ul>\n<li>Kandke peale 1-2 korda p\u00e4evas. Soovitatav on kasutada p\u00e4rast PDRN noorendavat seerumit.<\/li>\n<\/ul><\/div>\n<div class=\"em-lg-4 em-col\">\n<h6 class=\"em-font-medium\" style=\"margin-top: 1.2rem; margin-bottom: 1.2rem;\">Toimeained ja koostisosad<\/h6>\n<ul>\n<li><strong>Aloe vera<\/strong><\/li>\n<li><strong>Avokaado\u00f5li<\/strong><\/li>\n<li><strong>Bifidus (paranduskompleks)<\/strong><\/li>\n<li><strong>Keramiid 3B<\/strong><\/li>\n<li><strong>Vaskpeptiid<\/strong><\/li>\n<li><strong>MMW h\u00fcaluroonhape<\/strong><\/li>\n<li><strong>Oligopeptiid-51<\/strong><\/li>\n<li><strong>PDRN<\/strong><\/li>\n<li><strong>Peptilift<\/strong><\/li>\n<li><strong>Sheav\u00f5i<\/strong><\/li>\n<li><strong>Vitamiin B3 (PP ja niatsiinamiid)<\/strong><\/li>\n<li><strong>E-vitamiin<\/strong><\/li>\n<li><strong>Muud<\/strong>KOOSTISOSAD: VESI, GL\u00dcTSERIIN, KAPRIIL-\/KAPRIINTRIGL\u00dcTSERIID, BIFIDA K\u00c4\u00c4RITUSL\u00dcSAAT, BUTYROSPERMUM PARKII V\u00d5I, KOKO-KAPRILAAT\/KAPRAAAT, ALOE BARBADENSIS&#039;E LEHE EKSTRAKT, PERSEA GRATISSIMA \u00d5LI, POL\u00dcISOPREEN, SAHHARIIDISOMERAAT, UNDEKAAN, TSET\u00dc\u00dcLALKOHOL, BEHENY\u00dcLALKOHOL, GL\u00dcTSER\u00dc\u00dcLBEHENAAT, BETAIN, DIMETIKOON, NIATSIINAMIID, SKVALEEN, LETSITIIN, TRIDEKAAN, FENOKS\u00dcETANOOL, AMMOONIUMAKR\u00dcLO\u00dc\u00dcLDIMET\u00dc\u00dcLTAURAAT\/VP KOPOL\u00dcMEER, NAATRIUMSTEARO\u00dc\u00dcLGLUTAMAAT, TOKOFER\u00dc\u00dcLATSETAAT, ET\u00dc\u00dcLHEKS\u00dc\u00dcLGL\u00dcTSERIIN, KAPRIIL\u00dc\u00dcLGL\u00dcKOOL, NAATRIUMH\u00dcALURONAAT, GL\u00dcTSER\u00dc\u00dcLPOL\u00dcAKR\u00dcLAAT, KSANTAAN VAIK, DINAATRIUM EDTA, NAATRIUM-DNA, TRIH\u00dcDROKS\u00dcPALMITAMIDOH\u00dcDROKS\u00dcPROP\u00dc\u00dcLM\u00dcRIST\u00dc\u00dcLEETER, 1,2-HEKSAANDIOOL, KAALIUMGLUTATIOONI ISOMERISEERITUD LINOLEAAT, PROPAANDIOOL, KAALIUMKLORIID, SH-PENTAPEPTIID-5, TETRANAATRIUMGLUTAMAATDIATSETAAT, VASKTRIPEPTIID-1, OLIGOPEPTIID-51<\/li>\n<\/ul><\/div>\n<\/div>","protected":false},"excerpt":{"rendered":"<p>Nahka noorendav n\u00e4okreem PDRN pol\u00fcnukleotiidiga, rikastatud peptiidide, keramiidide, vitamiinide ja h\u00fcaluroonhappega. Normaalsele, kuivale ja k\u00fcpsele nahale.<\/p>","protected":false},"featured_media":7608,"template":"","meta":[],"product_brand":[67,66,68],"product_cat":[15,73,71,69,74,75,76],"product_tag":[],"class_list":{"0":"post-7830","1":"product","2":"type-product","3":"status-publish","4":"has-post-thumbnail","6":"product_brand-endor-technologies","7":"product_brand-juliette-armand","8":"product_brand-summe-cosmetics","9":"product_cat-all-products","10":"product_cat-body","11":"product_cat-cleansers","12":"product_cat-cream","13":"product_cat-exfoliant","14":"product_cat-eye","15":"product_cat-fluid","17":"first","18":"instock","19":"sale","20":"taxable","21":"shipping-taxable","22":"purchasable","23":"product-type-simple"},"_links":{"self":[{"href":"https:\/\/profskin.ee\/et\/wp-json\/wp\/v2\/product\/7830","targetHints":{"allow":["GET"]}}],"collection":[{"href":"https:\/\/profskin.ee\/et\/wp-json\/wp\/v2\/product"}],"about":[{"href":"https:\/\/profskin.ee\/et\/wp-json\/wp\/v2\/types\/product"}],"wp:featuredmedia":[{"embeddable":true,"href":"https:\/\/profskin.ee\/et\/wp-json\/wp\/v2\/media\/7608"}],"wp:attachment":[{"href":"https:\/\/profskin.ee\/et\/wp-json\/wp\/v2\/media?parent=7830"}],"wp:term":[{"taxonomy":"product_brand","embeddable":true,"href":"https:\/\/profskin.ee\/et\/wp-json\/wp\/v2\/product_brand?post=7830"},{"taxonomy":"product_cat","embeddable":true,"href":"https:\/\/profskin.ee\/et\/wp-json\/wp\/v2\/product_cat?post=7830"},{"taxonomy":"product_tag","embeddable":true,"href":"https:\/\/profskin.ee\/et\/wp-json\/wp\/v2\/product_tag?post=7830"}],"curies":[{"name":"t\u00f6\u00f6leht","href":"https:\/\/api.w.org\/{rel}","templated":true}]}}