{"id":7831,"date":"2025-07-03T21:23:01","date_gmt":"2025-07-03T21:23:01","guid":{"rendered":"https:\/\/profskin.ee\/?post_type=product&#038;p=7831"},"modified":"2026-03-18T15:27:40","modified_gmt":"2026-03-18T15:27:40","slug":"pdrn-rejuvenation-serum","status":"publish","type":"product","link":"https:\/\/profskin.ee\/et\/toode\/pdrn-rejuvenation-serum\/","title":{"rendered":"PDRN noorendav seerum"},"content":{"rendered":"<h6>Nahka noorendav n\u00e4oseerum PDRN pol\u00fcnukleotiidiga, mis on rikastatud peptiidide, vitamiinide ja h\u00fcaluroonhappega. Sobib k\u00f5ikidele nahat\u00fc\u00fcpidele.<\/h6>\n<p>Koostisainete s\u00fcnergia noorendab nahka, suurendades elastsust ning parandades tekstuuri ja nahatooni.<\/p>\n<div class=\"em-row\">\n<div class=\"em-lg-4 em-col\">\n<h6 class=\"em-font-medium\" style=\"margin-top: 1.2rem; margin-bottom: 1.2rem;\">Sobib<\/h6>\n<ul>\n<li>Pigmentatsioon, noorendamine, uuendamine.<\/li>\n<li>Kombineeritud, kuiv, normaalne, rasune nahk.<\/li>\n<li>K\u00f5ikidele nahat\u00fc\u00fcpidele (sega, kuiv, normaalne, rasune).<\/li>\n<\/ul>\n<h6 class=\"em-font-medium\" style=\"margin-top: 1.2rem; margin-bottom: 1.2rem;\">Kuidas kasutada<\/h6>\n<ul>\n<li>Kandke puhtale ja kuivale nahale \u00f5rnade ringjate liigutustega kuni imendumiseni. Hoidke toodet p\u00e4ikesevalguse eest kaitstult.<\/li>\n<\/ul><\/div>\n<div class=\"em-lg-4 em-col\">\n<h6 class=\"em-font-medium\" style=\"margin-top: 1.2rem; margin-bottom: 1.2rem;\">Toimeained ja koostisosad<\/h6>\n<ul>\n<li><strong>Aloe vera<\/strong><\/li>\n<li><strong>Centella ekstrakt<\/strong><\/li>\n<li><strong>Vaskpeptiid<\/strong><\/li>\n<li><strong>L\u039cW h\u00fcaluroonhape<\/strong><\/li>\n<li><strong>MMW h\u00fcaluroonhape<\/strong><\/li>\n<li><strong>Oligopeptiid-51<\/strong><\/li>\n<li><strong>PDRN<\/strong><\/li>\n<li><strong>Pentavitiin<\/strong><\/li>\n<li><strong>Vitamiin B5<\/strong><\/li>\n<li><strong>C-vitamiin (AA2G)<\/strong><\/li>\n<li><strong>Muud<\/strong>KOOSTIS: VESI, AALOE BARBADENSIS&#039;E LEHE EKSTRAKT, BUT\u00dcLEENGL\u00dcKOOL, GL\u00dcTSERIIN, PANTENOOL, PROPAANDIOOL, NIATSIINAMIID, SAHHARIIDI ISOMERAAT, MET\u00dc\u00dcLPROPAANDIOOL, ASKORB\u00dc\u00dcLGL\u00dcKOSIID, BETAIN, H\u00dcDROKS\u00dcET\u00dc\u00dcLAKR\u00dcLAAT\/NAATRIUMAKR\u00dcLO\u00dc\u00dcLDIMET\u00dc\u00dcLTAURAADI KOPOL\u00dcMEER, ARGINIIN, KAPRU\u00dcL\u00dc\u00dcLGL\u00dcKOOL, NAATRIUMH\u00dcALURONAAT, NAATRIUM-DNA, CENTELLA ASIATICA LEHE EKSTRAKT, GL\u00dcTSER\u00dc\u00dcLPOL\u00dcAKR\u00dcLAAT, DINAATRIUM-EDTA, FEN\u00dc\u00dcLPROPANOOL, 1,2-HEKSAANDIOOL, KAALIUMGLUTATIOONI ISOMERISEERITUD LINOLEAAT, ET\u00dc\u00dcLHEKS\u00dc\u00dcLGL\u00dcTSERIIN, KAALIUMKLORIID, SH-PENTAPEPTIID-5, TETRANAATRIUMGLUTAMAATDIATSETAAT TS\u00dcANOKOBALAMIIN, VASKTRIPEPTIID-1, OLIGOPEPTIID-51<\/li>\n<\/ul><\/div>\n<\/div>","protected":false},"excerpt":{"rendered":"<p>Nahka noorendav n\u00e4oseerum PDRN pol\u00fcnukleotiidiga, mis on rikastatud peptiidide, vitamiinide ja h\u00fcaluroonhappega. Sobib k\u00f5ikidele nahat\u00fc\u00fcpidele.<\/p>","protected":false},"featured_media":7607,"template":"","meta":[],"product_brand":[67,66,68],"product_cat":[15,73,71,69,74,75,76,70],"product_tag":[],"class_list":{"0":"post-7831","1":"product","2":"type-product","3":"status-publish","4":"has-post-thumbnail","6":"product_brand-endor-technologies","7":"product_brand-juliette-armand","8":"product_brand-summe-cosmetics","9":"product_cat-all-products","10":"product_cat-body","11":"product_cat-cleansers","12":"product_cat-cream","13":"product_cat-exfoliant","14":"product_cat-eye","15":"product_cat-fluid","16":"product_cat-serum","18":"first","19":"instock","20":"sale","21":"taxable","22":"shipping-taxable","23":"purchasable","24":"product-type-simple"},"_links":{"self":[{"href":"https:\/\/profskin.ee\/et\/wp-json\/wp\/v2\/product\/7831","targetHints":{"allow":["GET"]}}],"collection":[{"href":"https:\/\/profskin.ee\/et\/wp-json\/wp\/v2\/product"}],"about":[{"href":"https:\/\/profskin.ee\/et\/wp-json\/wp\/v2\/types\/product"}],"wp:featuredmedia":[{"embeddable":true,"href":"https:\/\/profskin.ee\/et\/wp-json\/wp\/v2\/media\/7607"}],"wp:attachment":[{"href":"https:\/\/profskin.ee\/et\/wp-json\/wp\/v2\/media?parent=7831"}],"wp:term":[{"taxonomy":"product_brand","embeddable":true,"href":"https:\/\/profskin.ee\/et\/wp-json\/wp\/v2\/product_brand?post=7831"},{"taxonomy":"product_cat","embeddable":true,"href":"https:\/\/profskin.ee\/et\/wp-json\/wp\/v2\/product_cat?post=7831"},{"taxonomy":"product_tag","embeddable":true,"href":"https:\/\/profskin.ee\/et\/wp-json\/wp\/v2\/product_tag?post=7831"}],"curies":[{"name":"t\u00f6\u00f6leht","href":"https:\/\/api.w.org\/{rel}","templated":true}]}}