{"id":7832,"date":"2025-07-03T21:23:01","date_gmt":"2025-07-03T21:23:01","guid":{"rendered":"https:\/\/profskin.ee\/?post_type=product&#038;p=7832"},"modified":"2026-03-18T15:27:40","modified_gmt":"2026-03-18T15:27:40","slug":"pdrn-rejuvenation-microneedling","status":"publish","type":"product","link":"https:\/\/profskin.ee\/et\/toode\/pdrn-rejuvenation-microneedling\/","title":{"rendered":"PDRN noorendav mikroneelamine"},"content":{"rendered":"<h6>T\u00e4iustatud n\u00e4onaha noorendamise s\u00fcsteem, mis \u00fchendab mikron\u00f5eltehnoloogia PDRN pol\u00fcnukleotiidseerumiga, mis on rikastatud peptiidide, vitamiinide ja h\u00fcaluroonhappega. Sobib k\u00f5ikidele nahat\u00fc\u00fcpidele.<\/h6>\n<p>Pealekandmise ajal tekitatud kontrollitud mikrotrauma stimuleerib naha loomulikke uuenemismehhanisme aktiivsete koostisosade kohese ja kiirema imendumisega. Mikron\u00f5eltehnoloogia ja seerumi koostisosade koostoime taastab nahka, suurendades selle elastsust ning parandades tekstuuri ja tooni.<\/p>\n<div class=\"em-row\">\n<div class=\"em-lg-4 em-col\">\n<h6 class=\"em-font-medium\" style=\"margin-top: 1.2rem; margin-bottom: 1.2rem;\">Sobib<\/h6>\n<ul>\n<li>L\u00f5tv nahk, pigmentatsioon, noorendamine, kortsud.<\/li>\n<li>Kombineeritud, kuiv, normaalne, rasune nahk.<\/li>\n<li>K\u00f5ikidele nahat\u00fc\u00fcpidele (sega, kuiv, normaalne, rasune).<\/li>\n<\/ul>\n<h6 class=\"em-font-medium\" style=\"margin-top: 1.2rem; margin-bottom: 1.2rem;\">Kuidas kasutada<\/h6>\n<ul>\n<li>Toodet on soovitatav kasutada n\u00e4ol 10 korda, v\u00e4hemalt iga 7 p\u00e4eva tagant. Teise v\u00f5imalusena v\u00f5ib seda kasutada n\u00e4ol ja kaelal 8 korda.<\/li>\n<\/ul><\/div>\n<div class=\"em-lg-4 em-col\">\n<h6 class=\"em-font-medium\" style=\"margin-top: 1.2rem; margin-bottom: 1.2rem;\">Toimeained ja koostisosad<\/h6>\n<ul>\n<li><strong>Aloe vera<\/strong><\/li>\n<li><strong>Argireliin<\/strong><\/li>\n<li><strong>Centella ekstrakt<\/strong><\/li>\n<li><strong>Vaskpeptiid<\/strong><\/li>\n<li><strong>MMW h\u00fcaluroonhape<\/strong><\/li>\n<li><strong>PDRN<\/strong><\/li>\n<li><strong>Vitamiin B3 (PP ja niatsiinamiid)<\/strong><\/li>\n<li><strong>Vitamiin B5<\/strong><\/li>\n<li><strong>C-vitamiin (AA2G)<\/strong><\/li>\n<li><strong>Muud<\/strong>KOOSTIS: VESI, AALOE BARBADENSIS&#039;E LEHE EKSTRAKT, BUT\u00dcLEENGL\u00dcKOOL, PROPAANDIOOL, MET\u00dc\u00dcLPROPAANDIOOL, GL\u00dcTSERIIN, PANTENOOL, NIATSIINAMIID, H\u00dcDROKS\u00dcET\u00dc\u00dcLAKR\u00dcLAAT\/NAATRIUMAKR\u00dcLO\u00dc\u00dcLDIMET\u00dc\u00dcLTAURAADI KOPOL\u00dcMEER, ASKORB\u00dc\u00dcLGL\u00dcKOSIID, BETAIN, ARGINIIN, KAPRU\u00dcL\u00dc\u00dcLGL\u00dcKOOL, NAATRIUM-DNA, NAATRIUMH\u00dcALURONAAT, AASIATICA CENTELLA LEHE EKSTRAKT, GL\u00dcTSER\u00dc\u00dcLPOL\u00dcAKR\u00dcLAAT, DINAATRIUM-EDTA, FEN\u00dc\u00dcLPROPANOOL, TS\u00dcANOKOBALAMIIN, ATSET\u00dc\u00dcLHEKSAPEPTIID-8, VASKTRIPEPTIID-1<\/li>\n<\/ul><\/div>\n<\/div>","protected":false},"excerpt":{"rendered":"<p>T\u00e4iustatud n\u00e4onaha noorendamise s\u00fcsteem, mis \u00fchendab mikron\u00f5eltehnoloogia PDRN pol\u00fcnukleotiidseerumiga, mis on rikastatud peptiidide, vitamiinide ja h\u00fcaluroonhappega. Sobib k\u00f5ikidele nahat\u00fc\u00fcpidele.<\/p>","protected":false},"featured_media":7606,"template":"","meta":[],"product_brand":[67,66,68],"product_cat":[15,73,71,69,74,75,76,70],"product_tag":[],"class_list":{"0":"post-7832","1":"product","2":"type-product","3":"status-publish","4":"has-post-thumbnail","6":"product_brand-endor-technologies","7":"product_brand-juliette-armand","8":"product_brand-summe-cosmetics","9":"product_cat-all-products","10":"product_cat-body","11":"product_cat-cleansers","12":"product_cat-cream","13":"product_cat-exfoliant","14":"product_cat-eye","15":"product_cat-fluid","16":"product_cat-serum","18":"first","19":"instock","20":"sale","21":"taxable","22":"shipping-taxable","23":"purchasable","24":"product-type-simple"},"_links":{"self":[{"href":"https:\/\/profskin.ee\/et\/wp-json\/wp\/v2\/product\/7832","targetHints":{"allow":["GET"]}}],"collection":[{"href":"https:\/\/profskin.ee\/et\/wp-json\/wp\/v2\/product"}],"about":[{"href":"https:\/\/profskin.ee\/et\/wp-json\/wp\/v2\/types\/product"}],"wp:featuredmedia":[{"embeddable":true,"href":"https:\/\/profskin.ee\/et\/wp-json\/wp\/v2\/media\/7606"}],"wp:attachment":[{"href":"https:\/\/profskin.ee\/et\/wp-json\/wp\/v2\/media?parent=7832"}],"wp:term":[{"taxonomy":"product_brand","embeddable":true,"href":"https:\/\/profskin.ee\/et\/wp-json\/wp\/v2\/product_brand?post=7832"},{"taxonomy":"product_cat","embeddable":true,"href":"https:\/\/profskin.ee\/et\/wp-json\/wp\/v2\/product_cat?post=7832"},{"taxonomy":"product_tag","embeddable":true,"href":"https:\/\/profskin.ee\/et\/wp-json\/wp\/v2\/product_tag?post=7832"}],"curies":[{"name":"t\u00f6\u00f6leht","href":"https:\/\/api.w.org\/{rel}","templated":true}]}}