{"id":7833,"date":"2025-07-03T21:23:01","date_gmt":"2025-07-03T21:23:01","guid":{"rendered":"https:\/\/profskin.ee\/?post_type=product&#038;p=7833"},"modified":"2026-03-18T15:34:27","modified_gmt":"2026-03-18T15:34:27","slug":"calming-bliss","status":"publish","type":"product","link":"https:\/\/profskin.ee\/et\/toode\/calming-bliss\/","title":{"rendered":"Rahustav \u00f5ndsus"},"content":{"rendered":"<h6>Kohese toimega rahustav kreemgeel \u00e4rritunud nahale.<\/h6>\n<p>See leevendab punetust, p\u00f5letustunnet ja turset, soodustab nahabarj\u00e4\u00e4ri taastumist, pakub niisutust ja s\u00e4ilitab naha niiskustasakaalu. Spetsiaalselt loodud hooldusj\u00e4rgseks taastumiseks.<\/p>\n<div class=\"em-row\">\n<div class=\"em-lg-4 em-col\">\n<h6 class=\"em-font-medium\" style=\"margin-top: 1.2rem; margin-bottom: 1.2rem;\">Sobib<\/h6>\n<ul>\n<li>Niisutamine, taastamine, uuendamine, parandamine, rahustamine.<\/li>\n<li>Kombineeritud, kuiv, normaalne, rasune nahk.<\/li>\n<li>K\u00f5ikidele nahat\u00fc\u00fcpidele (sega, kuiv, normaalne, rasune).<\/li>\n<\/ul>\n<h6 class=\"em-font-medium\" style=\"margin-top: 1.2rem; margin-bottom: 1.2rem;\">Kuidas kasutada<\/h6>\n<ul>\n<li>Kandke \u00e4rritunud nahale v\u00e4ike kogus \u00f5rnade ringjate liigutustega, kuni see imendub.<\/li>\n<\/ul><\/div>\n<div class=\"em-lg-4 em-col\">\n<h6 class=\"em-font-medium\" style=\"margin-top: 1.2rem; margin-bottom: 1.2rem;\">Toimeained ja koostisosad<\/h6>\n<ul>\n<li><strong>A-bisabolool<\/strong><\/li>\n<li><strong>Aloe vera<\/strong><\/li>\n<li><strong>Beetagl\u00fckaan<\/strong><\/li>\n<li><strong>Saialilleekstrakt<\/strong><\/li>\n<li><strong>Centella ekstrakt<\/strong><\/li>\n<li><strong>Keramiid 3B<\/strong><\/li>\n<li><strong>Dermasooth<\/strong><\/li>\n<li><strong>Lecigel<\/strong><\/li>\n<li><strong>Met\u00fc\u00fclsalits\u00fclaat<\/strong><\/li>\n<li><strong>Pantenool<\/strong><\/li>\n<li><strong>Provital D3<\/strong><\/li>\n<li><strong>Muud<\/strong>KOOSTISOSAD: VESI, GL\u00dcTSERIIN, ALOE BARBADENSIS&#039;E LEHE EKSTRAKT, KAPR\u00dc\u00dcL-\/KAPRIINTRIGL\u00dcTSERIID, BUTYROSPERMUM PARKII V\u00d5I, KOKO-KAPRULAAT\/KAPRAAAT, TRITICUM VULGARE IDU\u00d5LI, PANTENOOL, NAATRIUMAKR\u00dcLAATIDE KOPOL\u00dcMEER, PROPAANDIOOL, FENOKS\u00dcETANOOL, LETSITIIN, BISABOLOOL, DIMETIKOON, BUT\u00dcLEENGL\u00dcKOOL, H\u00dcDROKS\u00dcPROP\u00dc\u00dcLTS\u00dcKLODEKSTRIIN, ET\u00dc\u00dcLHEKS\u00dc\u00dcLGL\u00dcTSERIIN, SAIALILLE \u00d5IE EKSTRAKT, AASIA CENTELLA ASIATICA LEHE EKSTRAKT, KSANTAANKUMM, MET\u00dc\u00dcLSALITS\u00dcLAAT, SKLEROOTSIUMKUMM, NAATRIUMKARBOKS\u00dcMET\u00dc\u00dcL-BEETAGLUKAAN, NAATRIUMF\u00dcTAAT, PULLULAAN, ENTEROMORPHA COMPRESSA EKSTRAKT 1,2-HEKSAANDIOOL, H\u00dcDROGENISEERITUD LETSITIIN, KERAMIID NP, OCIMUM SANCTUMI LEHE EKSTRAKT, SILYBUM MARIANUMI VILJA EKSTRAKT, GL\u00dcKOLIPIIDID, SAHHAROOSTEARAAT, 7-DEH\u00dcDROKOLESTEROON<\/li>\n<\/ul><\/div>\n<\/div>","protected":false},"excerpt":{"rendered":"<p>Kohese toimega rahustav kreemgeel \u00e4rritunud nahale.<\/p>","protected":false},"featured_media":7605,"template":"","meta":[],"product_brand":[67,66,68],"product_cat":[15,73,71,69,74,75,76],"product_tag":[],"class_list":{"0":"post-7833","1":"product","2":"type-product","3":"status-publish","4":"has-post-thumbnail","6":"product_brand-endor-technologies","7":"product_brand-juliette-armand","8":"product_brand-summe-cosmetics","9":"product_cat-all-products","10":"product_cat-body","11":"product_cat-cleansers","12":"product_cat-cream","13":"product_cat-exfoliant","14":"product_cat-eye","15":"product_cat-fluid","17":"first","18":"instock","19":"sale","20":"taxable","21":"shipping-taxable","22":"purchasable","23":"product-type-simple"},"_links":{"self":[{"href":"https:\/\/profskin.ee\/et\/wp-json\/wp\/v2\/product\/7833","targetHints":{"allow":["GET"]}}],"collection":[{"href":"https:\/\/profskin.ee\/et\/wp-json\/wp\/v2\/product"}],"about":[{"href":"https:\/\/profskin.ee\/et\/wp-json\/wp\/v2\/types\/product"}],"wp:featuredmedia":[{"embeddable":true,"href":"https:\/\/profskin.ee\/et\/wp-json\/wp\/v2\/media\/7605"}],"wp:attachment":[{"href":"https:\/\/profskin.ee\/et\/wp-json\/wp\/v2\/media?parent=7833"}],"wp:term":[{"taxonomy":"product_brand","embeddable":true,"href":"https:\/\/profskin.ee\/et\/wp-json\/wp\/v2\/product_brand?post=7833"},{"taxonomy":"product_cat","embeddable":true,"href":"https:\/\/profskin.ee\/et\/wp-json\/wp\/v2\/product_cat?post=7833"},{"taxonomy":"product_tag","embeddable":true,"href":"https:\/\/profskin.ee\/et\/wp-json\/wp\/v2\/product_tag?post=7833"}],"curies":[{"name":"t\u00f6\u00f6leht","href":"https:\/\/api.w.org\/{rel}","templated":true}]}}