{"id":7834,"date":"2025-07-03T21:23:01","date_gmt":"2025-07-03T21:23:01","guid":{"rendered":"https:\/\/profskin.ee\/?post_type=product&#038;p=7834"},"modified":"2026-03-18T15:27:40","modified_gmt":"2026-03-18T15:27:40","slug":"bio-cellulose-mask","status":"publish","type":"product","link":"https:\/\/profskin.ee\/et\/toode\/bio-cellulose-mask\/","title":{"rendered":"Biotselluloosist mask"},"content":{"rendered":"<h6>Niisutav mask, mis on valmistatud peentest tsellulooskiududest ja rikastatud aktiivsete koostisosadega, mis rahustavad isegi k\u00f5ige \u00e4rritunud nahka.<\/h6>\n<p>See pakub \u00e4rritunud nahale kohest niisutust, jahutavat tunnet ja leevendust ning kohandub t\u00e4ielikult n\u00e4okujuga.<\/p>\n<div class=\"em-row\">\n<div class=\"em-lg-4 em-col\">\n<h6 class=\"em-font-medium\" style=\"margin-top: 1.2rem; margin-bottom: 1.2rem;\">Sobib<\/h6>\n<ul>\n<li>Niisutav, rahustav.<\/li>\n<li>Kombineeritud, kuiv, normaalne, rasune nahk.<\/li>\n<li>K\u00f5ikidele nahat\u00fc\u00fcpidele (sega, kuiv, normaalne, rasune).<\/li>\n<\/ul>\n<h6 class=\"em-font-medium\" style=\"margin-top: 1.2rem; margin-bottom: 1.2rem;\">Kuidas kasutada<\/h6>\n<ul>\n<li>Maski pealekandmiseks tuleb nahk p\u00f5hjalikult puhastada. K\u00f5igepealt v\u00f5tke mask kotikesest v\u00e4lja ja voltige see lahti. Eemaldage \u00fchelt k\u00fcljelt kaitsekile ja kandke mask n\u00e4ole, silmadele ja ninale vastavalt olemasolevatele s\u00e4lkudele. Seej\u00e4rel eemaldage teine kaitsekile. Kandke kotikesest \u00fclej\u00e4\u00e4nud seerum kaelale ja maski peale. Laske 15\u201320 minutit m\u00f5juda ja eemaldage. Kandke \u00fclej\u00e4\u00e4nud seerum n\u00e4ole kergete liigutustega, kuni see on imendunud.<\/li>\n<\/ul><\/div>\n<div class=\"em-lg-4 em-col\">\n<h6 class=\"em-font-medium\" style=\"margin-top: 1.2rem; margin-bottom: 1.2rem;\">Toimeained ja koostisosad<\/h6>\n<ul>\n<li><strong>H\u00fcaluroonhape<\/strong><\/li>\n<li><strong>Kollageen<\/strong><\/li>\n<li><strong>Matrixyl 3000<\/strong><\/li>\n<li><strong>Keramiid<\/strong><\/li>\n<li><strong>Skvalaan<\/strong><\/li>\n<li><strong>Aloe vera<\/strong><\/li>\n<li><strong>Allantoiin<\/strong><\/li>\n<li><strong>Oliivi\u00f5li<\/strong><\/li>\n<li><strong>Muud<\/strong>KOOSTISOSAD: VESI, GL\u00dcTSERIIN, PROPAANDIOOL, SKVALAAN, BUT\u00dcLEENGL\u00dcKOOL, ORYZA SATIVA EKSTRAKT, ALOE BARBADENSIS&#039;E LEHE EKSTRAKT, ET\u00dc\u00dcLMAKADAMIAATT, ISOSTEAR\u00dc\u00dcLALKOHOL, C18-36 HAPPE TRIGL\u00dcTSERIID, ALGIIN, JOJOBA ESTRID, PENT\u00dcLEENGL\u00dcKOOL, KLORFENESIIN, FENOKS\u00dcETANOOL, C12-18 HAPPE TRIGL\u00dcTSERIID, SKVALEEN, ALLANTOIIN, DIKAALIUMGL\u00dcTS\u00dcRRISAAT, H\u00dcDROKS\u00dcET\u00dc\u00dcLTSELLULOOS, OLEA EUROPAEA VILJA\u00d5LI, NAATRIUMH\u00dcALURONAAT, SPIRULINA PLATENSIS&#039;E EKSTRAKT, KSANTAANKUMM, H\u00dcDROGEENITUD OLIIVI\u00d5LI MITTESEIBISTUVAD OSAD, O-TS\u00dcMEEN-5-OOL, H\u00dcDROKS\u00dcFEN\u00dc\u00dcL PROPAMIDOBENSOEHAPE, TASMANNIA LANCEOLATA VILJA-\/LEHE EKSTRAKT, 1,2-HEKSAANDIOOL, F\u00dcTOSTER\u00dc\u00dcLMAKADAMIAATI, KERAMIID NP, LEUKONOSTOKI\/REDISE JUURTE FERMENTAAT, PRUNUSE YEDOENSIS&#039;E LEHE EKSTRAKT, KARBOMEER, SIDRUNHAPE, F\u00dcTOSTEROOLID, POL\u00dcSORBAAT 20, NAATRIUMTSITRAAT, LAHUSTUV KOLLAGEEN, TOKOFEROOLI, NAATRIUMBENSOAAT, ASKORB\u00dc\u00dcLPALMITAAT, SUPEROKSIIDDISMUTAAS, PALMITO\u00dc\u00dcLTRIPEPTIID-1, PALMITO\u00dc\u00dcLTETRAPEPTIID-7<\/li>\n<\/ul><\/div>\n<\/div>","protected":false},"excerpt":{"rendered":"<p>Niisutav mask, mis on valmistatud peentest tsellulooskiududest ja rikastatud aktiivsete koostisosadega, mis rahustavad isegi k\u00f5ige \u00e4rritunud nahka.<\/p>","protected":false},"featured_media":7604,"template":"","meta":[],"product_brand":[67,66,68],"product_cat":[15,73,71,69,74,75,76,72],"product_tag":[],"class_list":{"0":"post-7834","1":"product","2":"type-product","3":"status-publish","4":"has-post-thumbnail","6":"product_brand-endor-technologies","7":"product_brand-juliette-armand","8":"product_brand-summe-cosmetics","9":"product_cat-all-products","10":"product_cat-body","11":"product_cat-cleansers","12":"product_cat-cream","13":"product_cat-exfoliant","14":"product_cat-eye","15":"product_cat-fluid","16":"product_cat-masks","18":"first","19":"instock","20":"sale","21":"taxable","22":"shipping-taxable","23":"purchasable","24":"product-type-simple"},"_links":{"self":[{"href":"https:\/\/profskin.ee\/et\/wp-json\/wp\/v2\/product\/7834","targetHints":{"allow":["GET"]}}],"collection":[{"href":"https:\/\/profskin.ee\/et\/wp-json\/wp\/v2\/product"}],"about":[{"href":"https:\/\/profskin.ee\/et\/wp-json\/wp\/v2\/types\/product"}],"wp:featuredmedia":[{"embeddable":true,"href":"https:\/\/profskin.ee\/et\/wp-json\/wp\/v2\/media\/7604"}],"wp:attachment":[{"href":"https:\/\/profskin.ee\/et\/wp-json\/wp\/v2\/media?parent=7834"}],"wp:term":[{"taxonomy":"product_brand","embeddable":true,"href":"https:\/\/profskin.ee\/et\/wp-json\/wp\/v2\/product_brand?post=7834"},{"taxonomy":"product_cat","embeddable":true,"href":"https:\/\/profskin.ee\/et\/wp-json\/wp\/v2\/product_cat?post=7834"},{"taxonomy":"product_tag","embeddable":true,"href":"https:\/\/profskin.ee\/et\/wp-json\/wp\/v2\/product_tag?post=7834"}],"curies":[{"name":"t\u00f6\u00f6leht","href":"https:\/\/api.w.org\/{rel}","templated":true}]}}