{"id":7835,"date":"2025-07-03T21:23:01","date_gmt":"2025-07-03T21:23:01","guid":{"rendered":"https:\/\/profskin.ee\/?post_type=product&#038;p=7835"},"modified":"2026-03-18T15:27:40","modified_gmt":"2026-03-18T15:27:40","slug":"face-fluid-spf50","status":"publish","type":"product","link":"https:\/\/profskin.ee\/et\/toode\/face-fluid-spf50\/","title":{"rendered":"N\u00e4ovedelik SPF50"},"content":{"rendered":"<h6>K\u00f5rge kaitsega p\u00e4ikesekaitsekreem n\u00e4ole kerge ja mitte\u00f5lise tekstuuriga, sobib k\u00f5ikidele nahat\u00fc\u00fcpidele.<\/h6>\n<p>See pakub laia spektriga p\u00e4ikesekaitset UVA, UVB, infrapuna (IR), n\u00e4htava (HEV) ja sinise valguse eest. V\u00e4rvivaba. Veekindel.<\/p>\n<div class=\"em-row\">\n<div class=\"em-lg-4 em-col\">\n<h6 class=\"em-font-medium\" style=\"margin-top: 1.2rem; margin-bottom: 1.2rem;\">Sobib<\/h6>\n<ul>\n<li>UV-kaitse.<\/li>\n<li>Kombineeritud, kuiv, normaalne, rasune nahk.<\/li>\n<li>K\u00f5ikidele nahat\u00fc\u00fcpidele (sega, kuiv, normaalne, rasune).<\/li>\n<\/ul>\n<h6 class=\"em-font-medium\" style=\"margin-top: 1.2rem; margin-bottom: 1.2rem;\">Kuidas kasutada<\/h6>\n<ul>\n<li>Kandke nahale rikkalikult ja \u00fchtlaselt 15 minutit enne p\u00e4ikese k\u00e4tte minekut. Kandke sageli uuesti peale, eriti p\u00e4rast higistamist, ujumist v\u00f5i r\u00e4tikuga kuivatamist.<\/li>\n<\/ul><\/div>\n<div class=\"em-lg-4 em-col\">\n<h6 class=\"em-font-medium\" style=\"margin-top: 1.2rem; margin-bottom: 1.2rem;\">Toimeained ja koostisosad<\/h6>\n<ul>\n<li><strong>Celligent<\/strong><\/li>\n<li><strong>Pentavitiin<\/strong><\/li>\n<li><strong>Veneetsia<\/strong><\/li>\n<li><strong>E-vitamiin<\/strong><\/li>\n<li><strong>Muud<\/strong>KOOSTIS: VESI, GL\u00dcTSERIIN, KAPRIIL-\/KAPRIINTRIGL\u00dcTSERIID, KOKO-KAPRILAAT, DIBUT\u00dc\u00dcLADIPAAT, DIET\u00dc\u00dcLAMINOH\u00dcDROKS\u00dcBENSOO\u00dc\u00dcLHEKS\u00dc\u00dcLBENSOAAT, ET\u00dc\u00dcLHEKS\u00dc\u00dcLSALITS\u00dcLAAT, MET\u00dc\u00dcLEENBIS-BENSOTRIASOL\u00dc\u00dcLTETRAMET\u00dc\u00dcLBUT\u00dc\u00dcLFENOOL (NANO), BIS-ET\u00dc\u00dcLHEKS\u00dc\u00dcLOKS\u00dcFENOOLMETOKS\u00dcFEN\u00dc\u00dcLTRIASIIN, FEN\u00dc\u00dcLBENSIMIDASOOLSULFOONHAPPE, DIKAPR\u00dc\u00dcL\u00dc\u00dcLEETER, ET\u00dc\u00dcLHEKS\u00dc\u00dcLTRIASOOON, R\u00c4NIDIOKSIID, POL\u00dcGL\u00dcTSER\u00dc\u00dcL-3 STEARAAT\/SEBATSAADI RISTPOL\u00dcMEER, UNDEKAAN, NAATRIUMSTEARO\u00dc\u00dcLGLUTAMAAT, SAHHARIIDISOMERAAT, MIKROKRISTALLILINE TSELLULOOS, LAURIILGL\u00dcKOSIID, POL\u00dcGL\u00dcTSER\u00dc\u00dcL-2 DIPOL\u00dcH\u00dcDROKS\u00dcSTEARAAT, TRIDEKAAN, DETS\u00dc\u00dcLGL\u00dcKOSIID, HELIANTHUS ANNUUS&#039;E SEEMNE\u00d5LI, POL\u00dcMET\u00dc\u00dcLMETAKR\u00dcLAAT, THERMUS THERMOPHILLUS&#039;E K\u00c4\u00c4RITUS, FENOKS\u00dcETANOOL, NAATRIUMH\u00dcDROKSIID, ET\u00dc\u00dcLHEKS\u00dc\u00dcLGL\u00dcTSERIIN, PARF\u00dc\u00dcM, TSELLULOOSKUMM, KAPRYL\u00dc\u00dcLGL\u00dcKOOL, KSANTAANKUMM, DINAATRIUM EDTA, ET\u00dc\u00dcLFERULAAT, ROSMARINUS OFFICINALIS&#039;E LEHE EKSTRAKT, TOKOFEROOL<\/li>\n<\/ul><\/div>\n<\/div>","protected":false},"excerpt":{"rendered":"<p>K\u00f5rge kaitsega p\u00e4ikesekaitsekreem n\u00e4ole kerge ja mitte\u00f5lise tekstuuriga, sobib k\u00f5ikidele nahat\u00fc\u00fcpidele.<\/p>","protected":false},"featured_media":7603,"template":"","meta":[],"product_brand":[67,66,68],"product_cat":[15,73,71,69,74,75,76],"product_tag":[],"class_list":{"0":"post-7835","1":"product","2":"type-product","3":"status-publish","4":"has-post-thumbnail","6":"product_brand-endor-technologies","7":"product_brand-juliette-armand","8":"product_brand-summe-cosmetics","9":"product_cat-all-products","10":"product_cat-body","11":"product_cat-cleansers","12":"product_cat-cream","13":"product_cat-exfoliant","14":"product_cat-eye","15":"product_cat-fluid","17":"first","18":"instock","19":"sale","20":"taxable","21":"shipping-taxable","22":"purchasable","23":"product-type-simple"},"_links":{"self":[{"href":"https:\/\/profskin.ee\/et\/wp-json\/wp\/v2\/product\/7835","targetHints":{"allow":["GET"]}}],"collection":[{"href":"https:\/\/profskin.ee\/et\/wp-json\/wp\/v2\/product"}],"about":[{"href":"https:\/\/profskin.ee\/et\/wp-json\/wp\/v2\/types\/product"}],"wp:featuredmedia":[{"embeddable":true,"href":"https:\/\/profskin.ee\/et\/wp-json\/wp\/v2\/media\/7603"}],"wp:attachment":[{"href":"https:\/\/profskin.ee\/et\/wp-json\/wp\/v2\/media?parent=7835"}],"wp:term":[{"taxonomy":"product_brand","embeddable":true,"href":"https:\/\/profskin.ee\/et\/wp-json\/wp\/v2\/product_brand?post=7835"},{"taxonomy":"product_cat","embeddable":true,"href":"https:\/\/profskin.ee\/et\/wp-json\/wp\/v2\/product_cat?post=7835"},{"taxonomy":"product_tag","embeddable":true,"href":"https:\/\/profskin.ee\/et\/wp-json\/wp\/v2\/product_tag?post=7835"}],"curies":[{"name":"t\u00f6\u00f6leht","href":"https:\/\/api.w.org\/{rel}","templated":true}]}}