{"id":7837,"date":"2025-07-03T21:23:01","date_gmt":"2025-07-03T21:23:01","guid":{"rendered":"https:\/\/profskin.ee\/?post_type=product&#038;p=7837"},"modified":"2026-03-18T15:27:40","modified_gmt":"2026-03-18T15:27:40","slug":"face-mineral-fluid-tinted-spf50","status":"publish","type":"product","link":"https:\/\/profskin.ee\/et\/toode\/face-mineral-fluid-tinted-spf50\/","title":{"rendered":"Toonitud SPF50 mineraalvedelik n\u00e4ole"},"content":{"rendered":"<h6>Toonitud ja k\u00f5rge kaitsega n\u00e4ole m\u00f5eldud p\u00e4ikesekaitsekreem 100% mineraalfiltritega. Sobib k\u00f5ikidele nahat\u00fc\u00fcpidele, sh tundlikule nahale.<\/h6>\n<p>See pakub laia spektriga p\u00e4ikesekaitset UVA, UVB, infrapuna (IR), n\u00e4htava (HEV) ja sinise valguse eest.<\/p>\n<div class=\"em-row\">\n<div class=\"em-lg-4 em-col\">\n<h6 class=\"em-font-medium\" style=\"margin-top: 1.2rem; margin-bottom: 1.2rem;\">Sobib<\/h6>\n<ul>\n<li>UV-kaitse.<\/li>\n<li>Kombineeritud, kuiv, normaalne, rasune nahk.<\/li>\n<li>K\u00f5ikidele nahat\u00fc\u00fcpidele (sega, kuiv, normaalne, rasune).<\/li>\n<\/ul>\n<h6 class=\"em-font-medium\" style=\"margin-top: 1.2rem; margin-bottom: 1.2rem;\">Kuidas kasutada<\/h6>\n<ul>\n<li>Kanna nahale rikkalikult ja \u00fchtlaselt enne p\u00e4ikese k\u00e4tte minekut. Kanna sageli uuesti peale, eriti p\u00e4rast higistamist, ujumist v\u00f5i r\u00e4tikuga kuivatamist.<\/li>\n<\/ul><\/div>\n<div class=\"em-lg-4 em-col\">\n<h6 class=\"em-font-medium\" style=\"margin-top: 1.2rem; margin-bottom: 1.2rem;\">Toimeained ja koostisosad<\/h6>\n<ul>\n<li><strong>A-bisabolool<\/strong><\/li>\n<li><strong>Argaania\u00f5li<\/strong><\/li>\n<li><strong>Betaiin<\/strong><\/li>\n<li><strong>Celligent<\/strong><\/li>\n<li><strong>Niatsiinamiid<\/strong><\/li>\n<li><strong>Titaandioksiid<\/strong><\/li>\n<li><strong>Veneetsia<\/strong><\/li>\n<li><strong>E-vitamiin<\/strong><\/li>\n<li><strong>Tsinkoksiid<\/strong><\/li>\n<li><strong>Muud<\/strong>KOOSTISOSAD: TSINKOKSIID (NANO), VESI, UNDEKAAN, KAPRY\u00dcL-\/KAPRIINTRIGL\u00dcTSERIID, CI 77891, BUT\u00dcLEENGL\u00dcKOOL, TRIDEKAAN, BUT\u00dcLOKT\u00dc\u00dcLSALITS\u00dcLAAT, LAURYL PEG-9 POL\u00dcDIMET\u00dc\u00dcLSILOKS\u00dcET\u00dc\u00dcLDIMETIKOON, C13-15 ALKAAN, SACCHAROMYCES FERMENT, R\u00c4NIDIOKSIID, MET\u00dc\u00dcLPROPAANDIOOL, TITAANDIOKSIID (NANO), ISONON\u00dc\u00dcLISONONANOAATT, ISODODEKAAN, POL\u00dcGL\u00dcTSER\u00dc\u00dcL-3 POL\u00dcRITSINOLEAAT, CI 77492, ARGANIA SPINOSA TUUMA\u00d5LI, NAATRIUMKLORIID, THERMUS THERMOPHILLUS FERMENT, TOKOFER\u00dc\u00dcLATSETAAT, DISTEARDIMOONIUMHEKTORIIT, TRIETOKS\u00dcKSIKAPR\u00dc\u00dcLSILAANI, KAPRYL\u00dc\u00dcLGL\u00dcKOOL, BETAIN, NIATSIINAMIID, PEG-15\/LAUR\u00dc\u00dcLDIMETIKOONI RISTPOL\u00dcMEER, HELIANTHUS ANNUUS&#039;E SEEMNE\u00d5LI, ALUMIINIUMOKSIID, FENOKS\u00dcETANOOL, LAUROO\u00dcLL\u00dcSIIN, CI 77491, POL\u00dcH\u00dcDROKS\u00dcSTEARHAPE, ET\u00dc\u00dcLHEKS\u00dc\u00dcLGL\u00dcTSERIIN, VESINIKDIMETIKOON, STEARO\u00dc\u00dcLGLUTAMHAPE, CI 77499, FEN\u00dc\u00dcLPROPANOOL, BISABOLOOL, GL\u00dcTSERIIN, ET\u00dc\u00dcLFERULAAT, ROSMARINUS OFFICINALIS&#039;E LEHE EKSTRAKT, TOKOFEROOL<\/li>\n<\/ul><\/div>\n<\/div>","protected":false},"excerpt":{"rendered":"<p>Toonitud ja k\u00f5rge kaitsega n\u00e4ole m\u00f5eldud p\u00e4ikesekaitsekreem 100% mineraalfiltritega. Sobib k\u00f5ikidele nahat\u00fc\u00fcpidele, sh tundlikule nahale.<\/p>","protected":false},"featured_media":7601,"template":"","meta":[],"product_brand":[67,66,68],"product_cat":[15,73,71,69,74,75,76],"product_tag":[],"class_list":{"0":"post-7837","1":"product","2":"type-product","3":"status-publish","4":"has-post-thumbnail","6":"product_brand-endor-technologies","7":"product_brand-juliette-armand","8":"product_brand-summe-cosmetics","9":"product_cat-all-products","10":"product_cat-body","11":"product_cat-cleansers","12":"product_cat-cream","13":"product_cat-exfoliant","14":"product_cat-eye","15":"product_cat-fluid","17":"first","18":"instock","19":"sale","20":"taxable","21":"shipping-taxable","22":"purchasable","23":"product-type-simple"},"_links":{"self":[{"href":"https:\/\/profskin.ee\/et\/wp-json\/wp\/v2\/product\/7837","targetHints":{"allow":["GET"]}}],"collection":[{"href":"https:\/\/profskin.ee\/et\/wp-json\/wp\/v2\/product"}],"about":[{"href":"https:\/\/profskin.ee\/et\/wp-json\/wp\/v2\/types\/product"}],"wp:featuredmedia":[{"embeddable":true,"href":"https:\/\/profskin.ee\/et\/wp-json\/wp\/v2\/media\/7601"}],"wp:attachment":[{"href":"https:\/\/profskin.ee\/et\/wp-json\/wp\/v2\/media?parent=7837"}],"wp:term":[{"taxonomy":"product_brand","embeddable":true,"href":"https:\/\/profskin.ee\/et\/wp-json\/wp\/v2\/product_brand?post=7837"},{"taxonomy":"product_cat","embeddable":true,"href":"https:\/\/profskin.ee\/et\/wp-json\/wp\/v2\/product_cat?post=7837"},{"taxonomy":"product_tag","embeddable":true,"href":"https:\/\/profskin.ee\/et\/wp-json\/wp\/v2\/product_tag?post=7837"}],"curies":[{"name":"t\u00f6\u00f6leht","href":"https:\/\/api.w.org\/{rel}","templated":true}]}}