{"id":7838,"date":"2025-07-03T21:23:01","date_gmt":"2025-07-03T21:23:01","guid":{"rendered":"https:\/\/profskin.ee\/?post_type=product&#038;p=7838"},"modified":"2026-03-18T15:27:40","modified_gmt":"2026-03-18T15:27:40","slug":"face-mineral-fluid-spf50","status":"publish","type":"product","link":"https:\/\/profskin.ee\/et\/toode\/face-mineral-fluid-spf50\/","title":{"rendered":"Face Mineral Fluid SPF50"},"content":{"rendered":"<h6>K\u00f5rge kaitsega p\u00e4ikesekaitsekreem n\u00e4ole 100% mineraalfiltritega, sobib k\u00f5ikidele nahat\u00fc\u00fcpidele, sh tundlikule nahale.<\/h6>\n<p>See pakub laia spektriga p\u00e4ikesekaitset UVA, UVB, infrapuna (IR), n\u00e4htava (HEV) ja sinise valguse eest.<\/p>\n<div class=\"em-row\">\n<div class=\"em-lg-4 em-col\">\n<h6 class=\"em-font-medium\" style=\"margin-top: 1.2rem; margin-bottom: 1.2rem;\">Sobib<\/h6>\n<ul>\n<li>Antioks\u00fcdant, kaitse, UV-kaitse.<\/li>\n<li>Kombineeritud, kuiv, normaalne, rasune nahk.<\/li>\n<li>K\u00f5ikidele nahat\u00fc\u00fcpidele (sega, kuiv, normaalne, rasune).<\/li>\n<\/ul>\n<h6 class=\"em-font-medium\" style=\"margin-top: 1.2rem; margin-bottom: 1.2rem;\">Kuidas kasutada<\/h6>\n<ul>\n<li>Kanna nahale rikkalikult ja \u00fchtlaselt enne p\u00e4ikese k\u00e4tte minekut. Kanna sageli uuesti peale, eriti p\u00e4rast higistamist, ujumist v\u00f5i r\u00e4tikuga kuivatamist.<\/li>\n<\/ul><\/div>\n<div class=\"em-lg-4 em-col\">\n<h6 class=\"em-font-medium\" style=\"margin-top: 1.2rem; margin-bottom: 1.2rem;\">Toimeained ja koostisosad<\/h6>\n<ul>\n<li><strong>A-bisabolool<\/strong><\/li>\n<li><strong>Argaania\u00f5li<\/strong><\/li>\n<li><strong>Betaiin<\/strong><\/li>\n<li><strong>Celligent<\/strong><\/li>\n<li><strong>MMW h\u00fcaluroonhape<\/strong><\/li>\n<li><strong>Niatsiinamiid<\/strong><\/li>\n<li><strong>Sheav\u00f5i<\/strong><\/li>\n<li><strong>Titaandioksiid<\/strong><\/li>\n<li><strong>Veneetsia<\/strong><\/li>\n<li><strong>E-vitamiin<\/strong><\/li>\n<li><strong>Tsinkoksiid<\/strong><\/li>\n<li><strong>Muud<\/strong>KOOSTISOSAD: TS\u00dcKLOPENTASILOKSAAN, TSINKOKSIID (NANO), VESI, PEG-10 DIMETIKOON, POL\u00dcGL\u00dcTSER\u00dc\u00dcL-3 POL\u00dcDIMET\u00dc\u00dcLSILOKS\u00dcET\u00dc\u00dcLDIMETIKOON, TITAANDIOKSIID (NANO), DIMETIKOON, POL\u00dcMET\u00dc\u00dcLSILSESKVIOKSAANI, PROPAANDIOOL, ALUMIINIUMOKSIID, THERMUS THERMOPHILLUS FERMENT, NAATRIUMKLORIID, TRIETOKS\u00dcKSIKAPR\u00dc\u00dcLSILAANI, ARGANIA SPINOSA TUUMA\u00d5LI, BETAIN, DIVIN\u00dc\u00dcLDIMETIKOON\/DIMETIKOON\/FEN\u00dc\u00dcLSILSESKVIOKSAANI RISTPOL\u00dcMEER, NIATSIINAMIID, AED-PUNANE \u00d5LI, FENOKS\u00dcETANOOL, TOKOFER\u00dc\u00dcLATSETAAT, STEAROKS\u00dcMETIKOONI\/DIMETIKOONI KOPOL\u00dcMEER, POL\u00dcSILIKOO-11, KAPRY\u00dcL GL\u00dcKOOL, METIKOON, BUTYROSPERMUM PARKII V\u00d5I, ET\u00dc\u00dcLHEKS\u00dc\u00dcLGL\u00dcTSERIIN, NAATRIUMH\u00dcALURONAAT, GL\u00dcTSERIIN, BISABOLOOL, ET\u00dc\u00dcLFERULAAT, ROSMARINUS OFFICINALIS LEHE EKSTRAKT, TOKOFEROOL<\/li>\n<\/ul><\/div>\n<\/div>","protected":false},"excerpt":{"rendered":"<p>K\u00f5rge kaitsega p\u00e4ikesekaitsekreem n\u00e4ole 100% mineraalfiltritega, sobib k\u00f5ikidele nahat\u00fc\u00fcpidele, sh tundlikule nahale.<\/p>","protected":false},"featured_media":7857,"template":"","meta":[],"product_brand":[67,66,68],"product_cat":[15,73,71,69,74,75,76],"product_tag":[],"class_list":{"0":"post-7838","1":"product","2":"type-product","3":"status-publish","4":"has-post-thumbnail","6":"product_brand-endor-technologies","7":"product_brand-juliette-armand","8":"product_brand-summe-cosmetics","9":"product_cat-all-products","10":"product_cat-body","11":"product_cat-cleansers","12":"product_cat-cream","13":"product_cat-exfoliant","14":"product_cat-eye","15":"product_cat-fluid","17":"first","18":"instock","19":"sale","20":"taxable","21":"shipping-taxable","22":"purchasable","23":"product-type-simple"},"_links":{"self":[{"href":"https:\/\/profskin.ee\/et\/wp-json\/wp\/v2\/product\/7838","targetHints":{"allow":["GET"]}}],"collection":[{"href":"https:\/\/profskin.ee\/et\/wp-json\/wp\/v2\/product"}],"about":[{"href":"https:\/\/profskin.ee\/et\/wp-json\/wp\/v2\/types\/product"}],"wp:featuredmedia":[{"embeddable":true,"href":"https:\/\/profskin.ee\/et\/wp-json\/wp\/v2\/media\/7857"}],"wp:attachment":[{"href":"https:\/\/profskin.ee\/et\/wp-json\/wp\/v2\/media?parent=7838"}],"wp:term":[{"taxonomy":"product_brand","embeddable":true,"href":"https:\/\/profskin.ee\/et\/wp-json\/wp\/v2\/product_brand?post=7838"},{"taxonomy":"product_cat","embeddable":true,"href":"https:\/\/profskin.ee\/et\/wp-json\/wp\/v2\/product_cat?post=7838"},{"taxonomy":"product_tag","embeddable":true,"href":"https:\/\/profskin.ee\/et\/wp-json\/wp\/v2\/product_tag?post=7838"}],"curies":[{"name":"t\u00f6\u00f6leht","href":"https:\/\/api.w.org\/{rel}","templated":true}]}}