{"id":7839,"date":"2025-07-03T21:23:01","date_gmt":"2025-07-03T21:23:01","guid":{"rendered":"https:\/\/profskin.ee\/?post_type=product&#038;p=7839"},"modified":"2026-03-18T15:32:51","modified_gmt":"2026-03-18T15:32:51","slug":"face-gel-spf30","status":"publish","type":"product","link":"https:\/\/profskin.ee\/et\/toode\/face-gel-spf30\/","title":{"rendered":"N\u00e4ogeel SPF30"},"content":{"rendered":"<h6>K\u00f5rge kaitsega, heleda tooniga p\u00e4ikesekaitsekreem n\u00e4ole mitte\u00f5lise tekstuuriga, igale nahat\u00fc\u00fcbile.<\/h6>\n<p>See pakub laia spektriga p\u00e4ikesekaitset UVA, UVB ja infrapunakiirguse (IR) eest.<\/p>\n<div class=\"em-row\">\n<div class=\"em-lg-4 em-col\">\n<h6 class=\"em-font-medium\" style=\"margin-top: 1.2rem; margin-bottom: 1.2rem;\">Sobib<\/h6>\n<ul>\n<li>Antioks\u00fcdant, katvus, kaitse, UV-kaitse.<\/li>\n<li>Kombineeritud, kuiv, normaalne, rasune nahk.<\/li>\n<li>K\u00f5ikidele nahat\u00fc\u00fcpidele (sega, kuiv, normaalne, rasune).<\/li>\n<\/ul>\n<h6 class=\"em-font-medium\" style=\"margin-top: 1.2rem; margin-bottom: 1.2rem;\">Kuidas kasutada<\/h6>\n<ul>\n<li>Kandke nahale rikkalikult ja \u00fchtlaselt 15 minutit enne p\u00e4ikese k\u00e4tte minekut. Kandke sageli uuesti peale, eriti p\u00e4rast higistamist, ujumist v\u00f5i r\u00e4tikuga kuivatamist.<\/li>\n<\/ul><\/div>\n<div class=\"em-lg-4 em-col\">\n<h6 class=\"em-font-medium\" style=\"margin-top: 1.2rem; margin-bottom: 1.2rem;\">Toimeained ja koostisosad<\/h6>\n<ul>\n<li><strong>Aloe vera<\/strong><\/li>\n<li><strong>Antaron<\/strong><\/li>\n<li><strong>Bemotrisinool<\/strong><\/li>\n<li><strong>EUK-134<\/strong><\/li>\n<li><strong>Helioguard<\/strong><\/li>\n<li><strong>Oktinoksaat<\/strong><\/li>\n<li><strong>Oktokr\u00fcleen<\/strong><\/li>\n<li><strong>Pantenool<\/strong><\/li>\n<li><strong>Titaandioksiid<\/strong><\/li>\n<li><strong>Veneetsia<\/strong><\/li>\n<li><strong>Tsinkoksiid<\/strong><\/li>\n<li><strong>Muud<\/strong>KOOSTIS: VESI, MET\u00dcLEENBISM-BENSOTRIASOL\u00dc\u00dcLTETRAMET\u00dc\u00dcLBUT\u00dc\u00dcLFENOOL (NANO), AALOE BARBADENSIS&#039;E LEHE EKSTRAKT, ET\u00dc\u00dcLHEKS\u00dc\u00dcLMETOKS\u00dcTINAMAAT, OKTOKR\u00dcLEEN, BUT\u00dcLEENGL\u00dcKOOL, DIMETIKOON, POL\u00dcAKR\u00dc\u00dcLAMIID, PANTENOOL, C13-14 ISOPARAFIIN, BIS-ET\u00dc\u00dcLHEKS\u00dc\u00dcLOKS\u00dcFENOOLMETOKS\u00dcFEN\u00dc\u00dcLTRIASIIN, VP\/EIKOSEENI KOPOL\u00dcMEER, THERMUS THERMOPHILLUS FERMENT, C12-15 ALK\u00dc\u00dcLBENSOAAT, DETS\u00dc\u00dcLGL\u00dcKOSIID, FENOKS\u00dcETANOOL, PARF\u00dc\u00dcM, POL\u00dcSORBAAT 20, TSINKOKSIID (NANO), TITAANDIOKSIID (NANO), SIDRUNHAPE, ET\u00dc\u00dcLHEKS\u00dc\u00dcLGL\u00dcTSERIIN, KAPRY\u00dcL\u00dcLGL\u00dcKOOL, GL\u00dcTSERIIN LAURETH-7, CI 77492, ALUMIINIUMOKSIID, POL\u00dcH\u00dcDROKS\u00dcSTEARHAPE, CI 77491, ALKOHOL, METIKOON, KSANTAANKUMM, TRIETOKS\u00dcKAP\u00dc\u00dcLSILAANI, CI 77499, LETSITIIN, PORPHYRA UMBILICALIS EKSTRAKT, ET\u00dc\u00dcLBISIMINOMET\u00dc\u00dcLGUAIKOOL, MANGAANKLORIID, NAATRIUMTSITRAAT, NAATRIUMLAKTAAT<\/li>\n<\/ul><\/div>\n<\/div>","protected":false},"excerpt":{"rendered":"<p>K\u00f5rge kaitsega, heleda tooniga p\u00e4ikesekaitsekreem n\u00e4ole mitte\u00f5lise tekstuuriga, igale nahat\u00fc\u00fcbile.<\/p>","protected":false},"featured_media":7858,"template":"","meta":[],"product_brand":[67,66,68],"product_cat":[15,73,71,69,74,75,76],"product_tag":[],"class_list":{"0":"post-7839","1":"product","2":"type-product","3":"status-publish","4":"has-post-thumbnail","6":"product_brand-endor-technologies","7":"product_brand-juliette-armand","8":"product_brand-summe-cosmetics","9":"product_cat-all-products","10":"product_cat-body","11":"product_cat-cleansers","12":"product_cat-cream","13":"product_cat-exfoliant","14":"product_cat-eye","15":"product_cat-fluid","17":"first","18":"instock","19":"sale","20":"taxable","21":"shipping-taxable","22":"purchasable","23":"product-type-simple"},"_links":{"self":[{"href":"https:\/\/profskin.ee\/et\/wp-json\/wp\/v2\/product\/7839","targetHints":{"allow":["GET"]}}],"collection":[{"href":"https:\/\/profskin.ee\/et\/wp-json\/wp\/v2\/product"}],"about":[{"href":"https:\/\/profskin.ee\/et\/wp-json\/wp\/v2\/types\/product"}],"wp:featuredmedia":[{"embeddable":true,"href":"https:\/\/profskin.ee\/et\/wp-json\/wp\/v2\/media\/7858"}],"wp:attachment":[{"href":"https:\/\/profskin.ee\/et\/wp-json\/wp\/v2\/media?parent=7839"}],"wp:term":[{"taxonomy":"product_brand","embeddable":true,"href":"https:\/\/profskin.ee\/et\/wp-json\/wp\/v2\/product_brand?post=7839"},{"taxonomy":"product_cat","embeddable":true,"href":"https:\/\/profskin.ee\/et\/wp-json\/wp\/v2\/product_cat?post=7839"},{"taxonomy":"product_tag","embeddable":true,"href":"https:\/\/profskin.ee\/et\/wp-json\/wp\/v2\/product_tag?post=7839"}],"curies":[{"name":"t\u00f6\u00f6leht","href":"https:\/\/api.w.org\/{rel}","templated":true}]}}