{"id":7840,"date":"2025-07-03T21:23:01","date_gmt":"2025-07-03T21:23:01","guid":{"rendered":"https:\/\/profskin.ee\/?post_type=product&#038;p=7840"},"modified":"2026-03-18T15:32:51","modified_gmt":"2026-03-18T15:32:51","slug":"hydra-sun-shield-pre-sunspf30","status":"publish","type":"product","link":"https:\/\/profskin.ee\/et\/toode\/hydra-sun-shield-pre-sunspf30\/","title":{"rendered":"Hydra Sun Shield Pre Sun&amp;SPF30"},"content":{"rendered":"<h6>Two-product set for hydration &#038; light tinted SPF 30 sun protection in travel size packaging, for all skin types.<\/h6>\n<p>It moisturizes and offers a wide range of sun protection from UVA, UVB and infrared (IR) radiation.<\/p>\n<div class=\"\"em-row\"\">\n<div class=\"\"em-lg-4 em-col\"\">\n<h6 class=\"\"em-font-medium\"\" style=\"\"margin-top: 1.2rem; margin-bottom: 1.2rem;\"\">Sobib<\/h6>\n<ul>\n<li>UV-kaitse.<\/li>\n<li>Kombineeritud, kuiv, normaalne, rasune nahk.<\/li>\n<li>K\u00f5ikidele nahat\u00fc\u00fcpidele (sega, kuiv, normaalne, rasune).<\/li>\n<\/ul>\n<h6 class=\"\"em-font-medium\"\" style=\"\"margin-top: 1.2rem; margin-bottom: 1.2rem;\"\">Pakend sisaldab<\/h6>\n<ul>\n<li>Pre Sun niisutav kaitsegeel 15ml<\/li>\n<li>Face Gel SPF 30 15ml<\/li>\n<\/ul><\/div>\n<\/div>","protected":false},"excerpt":{"rendered":"<p>Two-product set for hydration &#038; light tinted SPF 30 sun protection in travel size packaging, for all skin types.<\/p>","protected":false},"featured_media":7859,"template":"","meta":[],"product_brand":[67,66,68],"product_cat":[15,73,71,69,74,75,76],"product_tag":[],"class_list":{"0":"post-7840","1":"product","2":"type-product","3":"status-publish","4":"has-post-thumbnail","6":"product_brand-endor-technologies","7":"product_brand-juliette-armand","8":"product_brand-summe-cosmetics","9":"product_cat-all-products","10":"product_cat-body","11":"product_cat-cleansers","12":"product_cat-cream","13":"product_cat-exfoliant","14":"product_cat-eye","15":"product_cat-fluid","17":"first","18":"instock","19":"sale","20":"taxable","21":"shipping-taxable","22":"purchasable","23":"product-type-simple"},"_links":{"self":[{"href":"https:\/\/profskin.ee\/et\/wp-json\/wp\/v2\/product\/7840","targetHints":{"allow":["GET"]}}],"collection":[{"href":"https:\/\/profskin.ee\/et\/wp-json\/wp\/v2\/product"}],"about":[{"href":"https:\/\/profskin.ee\/et\/wp-json\/wp\/v2\/types\/product"}],"wp:featuredmedia":[{"embeddable":true,"href":"https:\/\/profskin.ee\/et\/wp-json\/wp\/v2\/media\/7859"}],"wp:attachment":[{"href":"https:\/\/profskin.ee\/et\/wp-json\/wp\/v2\/media?parent=7840"}],"wp:term":[{"taxonomy":"product_brand","embeddable":true,"href":"https:\/\/profskin.ee\/et\/wp-json\/wp\/v2\/product_brand?post=7840"},{"taxonomy":"product_cat","embeddable":true,"href":"https:\/\/profskin.ee\/et\/wp-json\/wp\/v2\/product_cat?post=7840"},{"taxonomy":"product_tag","embeddable":true,"href":"https:\/\/profskin.ee\/et\/wp-json\/wp\/v2\/product_tag?post=7840"}],"curies":[{"name":"t\u00f6\u00f6leht","href":"https:\/\/api.w.org\/{rel}","templated":true}]}}