{"id":7841,"date":"2025-07-03T21:23:02","date_gmt":"2025-07-03T21:23:02","guid":{"rendered":"https:\/\/profskin.ee\/?post_type=product&#038;p=7841"},"modified":"2026-03-18T15:32:51","modified_gmt":"2026-03-18T15:32:51","slug":"hydra-sun-shield-pre-sunspf50","status":"publish","type":"product","link":"https:\/\/profskin.ee\/et\/toode\/hydra-sun-shield-pre-sunspf50\/","title":{"rendered":"Hydra Sun Shield enne p\u00e4ikesep\u00f5letust ja SPF50"},"content":{"rendered":"<h6>Kahe tootega komplekt niisutuseks ja SPF 50 k\u00f5rge p\u00e4ikesekaitsefaktoriga reisipakendis, igale nahat\u00fc\u00fcbile.<\/h6>\n<p>See niisutab ja pakub laia valikut p\u00e4ikesekaitset UVA, UVB, infrapuna (IR), n\u00e4htava (HEV) ja sinise valguse eest.<\/p>\n<div class=\"\"em-row\"\">\n<div class=\"\"em-lg-4 em-col\"\">\n<h6 class=\"\"em-font-medium\"\" style=\"\"margin-top: 1.2rem; margin-bottom: 1.2rem;\"\">Sobib<\/h6>\n<ul>\n<li>UV-kaitse.<\/li>\n<li>Kombineeritud, kuiv, normaalne, rasune nahk.<\/li>\n<li>K\u00f5ikidele nahat\u00fc\u00fcpidele (sega, kuiv, normaalne, rasune).<\/li>\n<\/ul>\n<h6 class=\"\"em-font-medium\"\" style=\"\"margin-top: 1.2rem; margin-bottom: 1.2rem;\"\">Pakend sisaldab<\/h6>\n<ul>\n<li>Pre Sun niisutav kaitsegeel 15ml<\/li>\n<li>N\u00e4ovedelik SPF50 15ml<\/li>\n<\/ul><\/div>\n<\/div>","protected":false},"excerpt":{"rendered":"<p>Kahe tootega komplekt niisutuseks ja SPF 50 k\u00f5rge p\u00e4ikesekaitsefaktoriga reisipakendis, igale nahat\u00fc\u00fcbile.<\/p>","protected":false},"featured_media":7860,"template":"","meta":[],"product_brand":[67,66,68],"product_cat":[15,73,71,69,74,75,76,72,77,70],"product_tag":[],"class_list":{"0":"post-7841","1":"product","2":"type-product","3":"status-publish","4":"has-post-thumbnail","6":"product_brand-endor-technologies","7":"product_brand-juliette-armand","8":"product_brand-summe-cosmetics","9":"product_cat-all-products","10":"product_cat-body","11":"product_cat-cleansers","12":"product_cat-cream","13":"product_cat-exfoliant","14":"product_cat-eye","15":"product_cat-fluid","16":"product_cat-masks","17":"product_cat-oil","18":"product_cat-serum","20":"first","21":"instock","22":"sale","23":"taxable","24":"shipping-taxable","25":"purchasable","26":"product-type-simple"},"_links":{"self":[{"href":"https:\/\/profskin.ee\/et\/wp-json\/wp\/v2\/product\/7841","targetHints":{"allow":["GET"]}}],"collection":[{"href":"https:\/\/profskin.ee\/et\/wp-json\/wp\/v2\/product"}],"about":[{"href":"https:\/\/profskin.ee\/et\/wp-json\/wp\/v2\/types\/product"}],"wp:featuredmedia":[{"embeddable":true,"href":"https:\/\/profskin.ee\/et\/wp-json\/wp\/v2\/media\/7860"}],"wp:attachment":[{"href":"https:\/\/profskin.ee\/et\/wp-json\/wp\/v2\/media?parent=7841"}],"wp:term":[{"taxonomy":"product_brand","embeddable":true,"href":"https:\/\/profskin.ee\/et\/wp-json\/wp\/v2\/product_brand?post=7841"},{"taxonomy":"product_cat","embeddable":true,"href":"https:\/\/profskin.ee\/et\/wp-json\/wp\/v2\/product_cat?post=7841"},{"taxonomy":"product_tag","embeddable":true,"href":"https:\/\/profskin.ee\/et\/wp-json\/wp\/v2\/product_tag?post=7841"}],"curies":[{"name":"t\u00f6\u00f6leht","href":"https:\/\/api.w.org\/{rel}","templated":true}]}}