{"id":7844,"date":"2025-07-03T21:23:02","date_gmt":"2025-07-03T21:23:02","guid":{"rendered":"https:\/\/profskin.ee\/?post_type=product&#038;p=7844"},"modified":"2026-03-18T15:27:24","modified_gmt":"2026-03-18T15:27:24","slug":"body-fluid-spray-spf-30","status":"publish","type":"product","link":"https:\/\/profskin.ee\/et\/toode\/body-fluid-spray-spf-30\/","title":{"rendered":"Kehasprei SPF 30"},"content":{"rendered":"<h6>P\u00e4ikesekaitsekreem kehale sprei kujul, sobib k\u00f5ikidele nahat\u00fc\u00fcpidele.<\/h6>\n<p>See pakub laia kaitsespektrit UVA, UVB ja infrapunakiirguse (IR) eest. Veekindel.<\/p>\n<div class=\"em-row\">\n<div class=\"em-lg-4 em-col\">\n<h6 class=\"em-font-medium\" style=\"margin-top: 1.2rem; margin-bottom: 1.2rem;\">Sobib<\/h6>\n<ul>\n<li>Antioks\u00fcdant, kaitse, UV-kaitse.<\/li>\n<li>Kombineeritud, kuiv, normaalne, rasune nahk.<\/li>\n<li>K\u00f5ikidele nahat\u00fc\u00fcpidele (sega, kuiv, normaalne, rasune).<\/li>\n<\/ul>\n<h6 class=\"em-font-medium\" style=\"margin-top: 1.2rem; margin-bottom: 1.2rem;\">Kuidas kasutada<\/h6>\n<ul>\n<li>Kandke nahale 15 minutit enne p\u00e4ikese k\u00e4tte minekut. Korrake pealekandmist vastavalt p\u00e4ikese k\u00e4es viibimise ajale ja kestusele.<\/li>\n<\/ul><\/div>\n<div class=\"em-lg-4 em-col\">\n<h6 class=\"em-font-medium\" style=\"margin-top: 1.2rem; margin-bottom: 1.2rem;\">Toimeained ja koostisosad<\/h6>\n<ul>\n<li><strong>DHHB<\/strong><\/li>\n<li><strong>Oktinoksaat<\/strong><\/li>\n<li><strong>Oktisalaat<\/strong><\/li>\n<li><strong>Oktokr\u00fcleen<\/strong><\/li>\n<li><strong>Veneetsia<\/strong><\/li>\n<li><strong>Muud<\/strong>KOOSTIS: VESI, OKTOKR\u00dcLEEN, ET\u00dc\u00dcLHEKS\u00dc\u00dcLMETOKS\u00dcTSINNAMAAT, DIET\u00dc\u00dcLAMINOH\u00dcDROKS\u00dcBENSOO\u00dcLHEKS\u00dc\u00dcLBENSOAAT, ET\u00dc\u00dcLHEKS\u00dc\u00dcLSALITS\u00dcLAAT, POL\u00dcGL\u00dcTSER\u00dc\u00dcL-2 DIPOL\u00dcH\u00dcDROKS\u00dcSTEARAAAT, DENATURNE ALKOHOL, DIBUT\u00dc\u00dcLADIPAAT, GL\u00dcTSERIIN, THERMUS THERMOPHILLUS FERMENT, NAATRIUMLAUR\u00dc\u00dcLGL\u00dcKOOSKARBOKS\u00dcLAAT, NAATRIUMPOL\u00dcAKR\u00dcLAAT, LAURYLGL\u00dcKOSIID, FENOKS\u00dcETANOOL, KAPRYL\u00dc\u00dcLGL\u00dcKOOL, ET\u00dc\u00dcLHEKS\u00dc\u00dcLGL\u00dcTSERIIN<\/li>\n<\/ul><\/div>\n<\/div>","protected":false},"excerpt":{"rendered":"<p>P\u00e4ikesekaitsekreem kehale sprei kujul, sobib k\u00f5ikidele nahat\u00fc\u00fcpidele.<\/p>","protected":false},"featured_media":7863,"template":"","meta":[],"product_brand":[67,66,68],"product_cat":[15,73,71,69,74,75,76,72,77,70],"product_tag":[],"class_list":{"0":"post-7844","1":"product","2":"type-product","3":"status-publish","4":"has-post-thumbnail","6":"product_brand-endor-technologies","7":"product_brand-juliette-armand","8":"product_brand-summe-cosmetics","9":"product_cat-all-products","10":"product_cat-body","11":"product_cat-cleansers","12":"product_cat-cream","13":"product_cat-exfoliant","14":"product_cat-eye","15":"product_cat-fluid","16":"product_cat-masks","17":"product_cat-oil","18":"product_cat-serum","20":"first","21":"instock","22":"sale","23":"taxable","24":"shipping-taxable","25":"purchasable","26":"product-type-simple"},"_links":{"self":[{"href":"https:\/\/profskin.ee\/et\/wp-json\/wp\/v2\/product\/7844","targetHints":{"allow":["GET"]}}],"collection":[{"href":"https:\/\/profskin.ee\/et\/wp-json\/wp\/v2\/product"}],"about":[{"href":"https:\/\/profskin.ee\/et\/wp-json\/wp\/v2\/types\/product"}],"wp:featuredmedia":[{"embeddable":true,"href":"https:\/\/profskin.ee\/et\/wp-json\/wp\/v2\/media\/7863"}],"wp:attachment":[{"href":"https:\/\/profskin.ee\/et\/wp-json\/wp\/v2\/media?parent=7844"}],"wp:term":[{"taxonomy":"product_brand","embeddable":true,"href":"https:\/\/profskin.ee\/et\/wp-json\/wp\/v2\/product_brand?post=7844"},{"taxonomy":"product_cat","embeddable":true,"href":"https:\/\/profskin.ee\/et\/wp-json\/wp\/v2\/product_cat?post=7844"},{"taxonomy":"product_tag","embeddable":true,"href":"https:\/\/profskin.ee\/et\/wp-json\/wp\/v2\/product_tag?post=7844"}],"curies":[{"name":"t\u00f6\u00f6leht","href":"https:\/\/api.w.org\/{rel}","templated":true}]}}