{"id":7846,"date":"2025-07-03T21:23:02","date_gmt":"2025-07-03T21:23:02","guid":{"rendered":"https:\/\/profskin.ee\/?post_type=product&#038;p=7846"},"modified":"2026-03-18T15:27:24","modified_gmt":"2026-03-18T15:27:24","slug":"after-sun-hydra-calming-cream","status":"publish","type":"product","link":"https:\/\/profskin.ee\/et\/toode\/after-sun-hydra-calming-cream\/","title":{"rendered":"P\u00e4ikesep\u00f5letusej\u00e4rgne niisutav rahustav kreem"},"content":{"rendered":"<h6>Niisutav ja rahustav n\u00e4o- ja kehakreem p\u00e4rast p\u00e4evitamist, sobib k\u00f5ikidele nahat\u00fc\u00fcpidele.<\/h6>\n<p>See leevendab nahka p\u00e4ikese k\u00e4es viibimisest tingitud \u00e4rrituste ja p\u00f5letike eest.<\/p>\n<div class=\"em-row\">\n<div class=\"em-lg-4 em-col\">\n<h6 class=\"em-font-medium\" style=\"margin-top: 1.2rem; margin-bottom: 1.2rem;\">Sobib<\/h6>\n<ul>\n<li>Niisutav, rahustav.<\/li>\n<li>Kombineeritud, kuiv, normaalne, rasune nahk.<\/li>\n<li>K\u00f5ikidele nahat\u00fc\u00fcpidele (sega, kuiv, normaalne, rasune).<\/li>\n<\/ul>\n<h6 class=\"em-font-medium\" style=\"margin-top: 1.2rem; margin-bottom: 1.2rem;\">Kuidas kasutada<\/h6>\n<ul>\n<li>Kandke \u00f5rnalt, kuni see on imendunud. Korda, kuni nahk on t\u00e4iesti rahulik.<\/li>\n<\/ul><\/div>\n<div class=\"em-lg-4 em-col\">\n<h6 class=\"em-font-medium\" style=\"margin-top: 1.2rem; margin-bottom: 1.2rem;\">Toimeained ja koostisosad<\/h6>\n<ul>\n<li><strong>A-bisabolool<\/strong><\/li>\n<li><strong>Allantoiin<\/strong><\/li>\n<li><strong>Aloe vera<\/strong><\/li>\n<li><strong>Saialilleekstrakt<\/strong><\/li>\n<li><strong>Centella ekstrakt<\/strong><\/li>\n<li><strong>Met\u00fc\u00fclsalits\u00fclaat<\/strong><\/li>\n<li><strong>Pantenool<\/strong><\/li>\n<li><strong>Nisuidu\u00f5li<\/strong><\/li>\n<li><strong>Muud<\/strong>KOOSTIS: VESI, BUT\u00dcLEENGL\u00dcKOOL, C12-20 HAPPE PEG-8 ESTER, GL\u00dcTSER\u00dc\u00dcLSTEARAAT, ALOE BARBADENSIS&#039;E LEHE EKSTRAKT, POL\u00dcISOPREEN, TRITICUM VULGARE IDU\u00d5LI, PEG-100 STEARAT, TS\u00dcKLOPENTASILOKSAAN, PANTENOOL, GL\u00dcTSERIIN, BISABOLOOL, FENOKS\u00dcETANOOL, NAATRIUMPOL\u00dcAKR\u00dcLAAT, KAPRYL\u00dc\u00dcLGL\u00dcKOOL, ALLANTOIIN, DIMETIKOON, ET\u00dc\u00dcLHEKS\u00dc\u00dcLGL\u00dcTSERIIN, KSANTAANKUMM, H\u00dcDROGENISEERITUD POL\u00dcDETSEEN, CENTELLA ASIATICA LEHE EKSTRAKT, MET\u00dc\u00dcLSALITS\u00dcLAAT, SAIALILLE \u00d5IE EKSTRAKT, BHT, TRIDETSET-6, NAATRIUMBENSOAAT, NAATRIUMTSITRAAT, SIDRUNHAPE<\/li>\n<\/ul><\/div>\n<\/div>","protected":false},"excerpt":{"rendered":"<p>Niisutav ja rahustav n\u00e4o- ja kehakreem p\u00e4rast p\u00e4evitamist, sobib k\u00f5ikidele nahat\u00fc\u00fcpidele.<\/p>","protected":false},"featured_media":7865,"template":"","meta":[],"product_brand":[67,66,68],"product_cat":[15,73,71,69,74,75,76,72,77,70],"product_tag":[],"class_list":{"0":"post-7846","1":"product","2":"type-product","3":"status-publish","4":"has-post-thumbnail","6":"product_brand-endor-technologies","7":"product_brand-juliette-armand","8":"product_brand-summe-cosmetics","9":"product_cat-all-products","10":"product_cat-body","11":"product_cat-cleansers","12":"product_cat-cream","13":"product_cat-exfoliant","14":"product_cat-eye","15":"product_cat-fluid","16":"product_cat-masks","17":"product_cat-oil","18":"product_cat-serum","20":"first","21":"instock","22":"sale","23":"taxable","24":"shipping-taxable","25":"purchasable","26":"product-type-simple"},"_links":{"self":[{"href":"https:\/\/profskin.ee\/et\/wp-json\/wp\/v2\/product\/7846","targetHints":{"allow":["GET"]}}],"collection":[{"href":"https:\/\/profskin.ee\/et\/wp-json\/wp\/v2\/product"}],"about":[{"href":"https:\/\/profskin.ee\/et\/wp-json\/wp\/v2\/types\/product"}],"wp:featuredmedia":[{"embeddable":true,"href":"https:\/\/profskin.ee\/et\/wp-json\/wp\/v2\/media\/7865"}],"wp:attachment":[{"href":"https:\/\/profskin.ee\/et\/wp-json\/wp\/v2\/media?parent=7846"}],"wp:term":[{"taxonomy":"product_brand","embeddable":true,"href":"https:\/\/profskin.ee\/et\/wp-json\/wp\/v2\/product_brand?post=7846"},{"taxonomy":"product_cat","embeddable":true,"href":"https:\/\/profskin.ee\/et\/wp-json\/wp\/v2\/product_cat?post=7846"},{"taxonomy":"product_tag","embeddable":true,"href":"https:\/\/profskin.ee\/et\/wp-json\/wp\/v2\/product_tag?post=7846"}],"curies":[{"name":"t\u00f6\u00f6leht","href":"https:\/\/api.w.org\/{rel}","templated":true}]}}