{"id":7847,"date":"2025-07-03T21:23:02","date_gmt":"2025-07-03T21:23:02","guid":{"rendered":"https:\/\/profskin.ee\/?post_type=product&#038;p=7847"},"modified":"2026-03-18T15:25:15","modified_gmt":"2026-03-18T15:25:15","slug":"pre-sun-hydra-protecting-gel","status":"publish","type":"product","link":"https:\/\/profskin.ee\/et\/toode\/pre-sun-hydra-protecting-gel\/","title":{"rendered":"Enne p\u00e4ikesep\u00f5letust niisutav kaitsegeel"},"content":{"rendered":"<h6>Niisutav n\u00e4ogeel, mis pakub kaitset enne p\u00e4ikese k\u00e4tte minekut k\u00f5ikidele nahat\u00fc\u00fcpidele.<\/h6>\n<p>See niisutab ja parandab naha loomulikku kaitset p\u00e4ikese eest. Sobib kasutamiseks enne p\u00e4ikesekaitsekreemi kasutamist. Ei sisalda p\u00e4ikesefiltreid.<\/p>\n<div class=\"em-row\">\n<div class=\"em-lg-4 em-col\">\n<h6 class=\"em-font-medium\" style=\"margin-top: 1.2rem; margin-bottom: 1.2rem;\">Sobib<\/h6>\n<ul>\n<li>Niisutus, kaitse, noorendamine.<\/li>\n<li>Kombineeritud, kuiv, normaalne, rasune nahk.<\/li>\n<li>K\u00f5ikidele nahat\u00fc\u00fcpidele (sega, kuiv, normaalne, rasune).<\/li>\n<\/ul>\n<h6 class=\"em-font-medium\" style=\"margin-top: 1.2rem; margin-bottom: 1.2rem;\">Kuidas kasutada<\/h6>\n<ul>\n<li>Kanna puhtale n\u00e4ole kergelt masseerides ja lase paar minutit imenduda. J\u00e4tka p\u00e4ikesekaitsetoodetega.<\/li>\n<\/ul><\/div>\n<div class=\"em-lg-4 em-col\">\n<h6 class=\"em-font-medium\" style=\"margin-top: 1.2rem; margin-bottom: 1.2rem;\">Toimeained ja koostisosad<\/h6>\n<ul>\n<li><strong>Drieliin<\/strong><\/li>\n<li><strong>Helioguard<\/strong><\/li>\n<li><strong>Kelifluo<\/strong><\/li>\n<li><strong>Melanopronks<\/strong><\/li>\n<li><strong>MMW h\u00fcaluroonhape<\/strong><\/li>\n<li><strong>Pantenool<\/strong><\/li>\n<li><strong>Pentavitiin<\/strong><\/li>\n<li><strong>Provital D3<\/strong><\/li>\n<li><strong>Muud<\/strong>KOOSTIS: VESI, GL\u00dcTSERIIN, BUT\u00dcLEENGL\u00dcKOOL, POL\u00dcAKR\u00dc\u00dcLAMIID, PPG-26-BUTETH-26, PANTENOOL, PRUNUSH ARMENIACA TUUMA\u00d5LI, C13-14 ISOPARAFIIN, PEG-40 H\u00dcDROGENISEERITUD RITSINUS\u00d5LI, VITEX AGNUS CASTUS EKSTRAKT, SAHHARIIDISOMERAAT, H\u00dcDROGENISEERITUD T\u00c4RKLISE H\u00dcDROL\u00dcSAAT, FENOKS\u00dcETANOOL, POL\u00dcPERFLUOROMET\u00dc\u00dcLISOPROP\u00dc\u00dcLEETER, ALKOHOL, KAPRU\u00dcL\u00dc\u00dcLGL\u00dcKOOL, ET\u00dc\u00dcLHEKS\u00dc\u00dcLGL\u00dcTSERIIN, LAURETH-7, NAATRIUMH\u00dcALURONAAT, MET\u00dc\u00dcLTS\u00dcKLODEKSTRIIN, ATSET\u00dc\u00dcLT\u00dcROSIIN, BENSOFENOON-4, DINAATRIUM EDTA, FAEX EKSTRAKT, NAATRIUMFOSFAAT, LETSITIIN, SIDRUNHAPE, NAATRIUM TSITRAAT, SOLANUM LYCOPERSICUM&#039;I VILJADE\/LEHE\/VARRE EKSTRAKT, PORPHYRA UMBILICALIS&#039;E EKSTRAKT, TEE-LAUR\u00dc\u00dcLSULFAAT, NAATRIUMLAKTAAT, 7-DEH\u00dcDROKOLESTEROOL<\/li>\n<\/ul><\/div>\n<\/div>","protected":false},"excerpt":{"rendered":"<p>Niisutav n\u00e4ogeel, mis pakub kaitset enne p\u00e4ikese k\u00e4tte minekut k\u00f5ikidele nahat\u00fc\u00fcpidele.<\/p>","protected":false},"featured_media":7875,"template":"","meta":[],"product_brand":[66],"product_cat":[69],"product_tag":[],"class_list":{"0":"post-7847","1":"product","2":"type-product","3":"status-publish","4":"has-post-thumbnail","6":"product_brand-juliette-armand","7":"product_cat-cream","9":"first","10":"instock","11":"sale","12":"taxable","13":"shipping-taxable","14":"purchasable","15":"product-type-simple"},"_links":{"self":[{"href":"https:\/\/profskin.ee\/et\/wp-json\/wp\/v2\/product\/7847","targetHints":{"allow":["GET"]}}],"collection":[{"href":"https:\/\/profskin.ee\/et\/wp-json\/wp\/v2\/product"}],"about":[{"href":"https:\/\/profskin.ee\/et\/wp-json\/wp\/v2\/types\/product"}],"wp:featuredmedia":[{"embeddable":true,"href":"https:\/\/profskin.ee\/et\/wp-json\/wp\/v2\/media\/7875"}],"wp:attachment":[{"href":"https:\/\/profskin.ee\/et\/wp-json\/wp\/v2\/media?parent=7847"}],"wp:term":[{"taxonomy":"product_brand","embeddable":true,"href":"https:\/\/profskin.ee\/et\/wp-json\/wp\/v2\/product_brand?post=7847"},{"taxonomy":"product_cat","embeddable":true,"href":"https:\/\/profskin.ee\/et\/wp-json\/wp\/v2\/product_cat?post=7847"},{"taxonomy":"product_tag","embeddable":true,"href":"https:\/\/profskin.ee\/et\/wp-json\/wp\/v2\/product_tag?post=7847"}],"curies":[{"name":"t\u00f6\u00f6leht","href":"https:\/\/api.w.org\/{rel}","templated":true}]}}