{"id":7848,"date":"2025-07-03T21:23:02","date_gmt":"2025-07-03T21:23:02","guid":{"rendered":"https:\/\/profskin.ee\/?post_type=product&#038;p=7848"},"modified":"2026-03-18T15:18:22","modified_gmt":"2026-03-18T15:18:22","slug":"ecc-remover-micellar-eye-and-face","status":"publish","type":"product","link":"https:\/\/profskin.ee\/et\/toode\/ecc-remover-micellar-eye-and-face\/","title":{"rendered":"ECC eemaldaja Micellar-Eye ja Face"},"content":{"rendered":"<h6>Prebiootiline n\u00e4omeigi eemaldaja emulsioon silmadele ja n\u00e4ole.<\/h6>\n<p>J\u00e4\u00e4dvustab isegi k\u00f5ige vastupidavama meigi.<\/p>\n<div class=\"em-row\">\n<div class=\"em-lg-4 em-col\">\n<h6 class=\"em-font-medium\" style=\"margin-top: 1.2rem; margin-bottom: 1.2rem;\">Toimingud<\/h6>\n<ul>\n<li>Puhastamine<\/li>\n<li>H\u00fcdrolipideeriv<\/li>\n<\/ul>\n<h6 class=\"em-font-medium\" style=\"margin-top: 1.2rem; margin-bottom: 1.2rem;\">Kuidas kasutada<\/h6>\n<ul>\n<li>Enne kasutamist loksutada.<\/li>\n<li>Niisuta kaks vatipadjakest tootega ja puhasta nahk.<\/li>\n<\/ul><\/div>\n<div class=\"em-lg-4 em-col\">\n<h6 class=\"em-font-medium\" style=\"margin-top: 1.2rem; margin-bottom: 1.2rem;\">Toimeained ja koostisosad<\/h6>\n<ul>\n<li><strong>Beetagl\u00fckaan<\/strong>Prebiootikum, mis stimuleerib keratinots\u00fc\u00fctide poolt \u03b2-defensiinide tootmist.<\/li>\n<li><strong>DETS\u00dc\u00dcLGL\u00dcKOSIID<\/strong>Gl\u00fckoosist saadud mitteioonne looduslik pindaktiivne aine. \u00d5rn ja nahas\u00f5bralik.<\/li>\n<li><strong>Muud<\/strong>KOOSTIS: VESI, ISOHEKSADEKAAN, PEG-6 KAP\u00dc\u00dcL-\/KAPRIINGL\u00dcTSERIIDID, POL\u00dcGL\u00dcTSER\u00dc\u00dcL-4 KAPRAAAT, DETS\u00dc\u00dcLGL\u00dcKOSIID, BEEKAAN, NAATRIUMKLORIID, NAATRIUMBENSOAAT, GL\u00dcTSERIIN, PARF\u00dc\u00dcM, POL\u00dcAMINOPROP\u00dc\u00dcLBIGUANIID, KAALIUMSORBAAT, SIDRUNHAPE<\/li>\n<\/ul><\/div>\n<\/div>","protected":false},"excerpt":{"rendered":"<p>Prebiootiline n\u00e4omeigi eemaldaja emulsioon silmadele ja n\u00e4ole.<\/p>","protected":false},"featured_media":7876,"template":"","meta":[],"product_brand":[68],"product_cat":[71],"product_tag":[],"class_list":{"0":"post-7848","1":"product","2":"type-product","3":"status-publish","4":"has-post-thumbnail","6":"product_brand-summe-cosmetics","7":"product_cat-cleansers","9":"first","10":"instock","11":"sale","12":"taxable","13":"shipping-taxable","14":"purchasable","15":"product-type-simple"},"_links":{"self":[{"href":"https:\/\/profskin.ee\/et\/wp-json\/wp\/v2\/product\/7848","targetHints":{"allow":["GET"]}}],"collection":[{"href":"https:\/\/profskin.ee\/et\/wp-json\/wp\/v2\/product"}],"about":[{"href":"https:\/\/profskin.ee\/et\/wp-json\/wp\/v2\/types\/product"}],"wp:featuredmedia":[{"embeddable":true,"href":"https:\/\/profskin.ee\/et\/wp-json\/wp\/v2\/media\/7876"}],"wp:attachment":[{"href":"https:\/\/profskin.ee\/et\/wp-json\/wp\/v2\/media?parent=7848"}],"wp:term":[{"taxonomy":"product_brand","embeddable":true,"href":"https:\/\/profskin.ee\/et\/wp-json\/wp\/v2\/product_brand?post=7848"},{"taxonomy":"product_cat","embeddable":true,"href":"https:\/\/profskin.ee\/et\/wp-json\/wp\/v2\/product_cat?post=7848"},{"taxonomy":"product_tag","embeddable":true,"href":"https:\/\/profskin.ee\/et\/wp-json\/wp\/v2\/product_tag?post=7848"}],"curies":[{"name":"t\u00f6\u00f6leht","href":"https:\/\/api.w.org\/{rel}","templated":true}]}}