{"id":7849,"date":"2025-07-03T21:23:02","date_gmt":"2025-07-03T21:23:02","guid":{"rendered":"https:\/\/profskin.ee\/?post_type=product&#038;p=7849"},"modified":"2026-03-18T15:18:08","modified_gmt":"2026-03-18T15:18:08","slug":"ecc-remover-milk","status":"publish","type":"product","link":"https:\/\/profskin.ee\/et\/toode\/ecc-remover-milk\/","title":{"rendered":"ECC eemaldaja piim"},"content":{"rendered":"<h6>\u00dclimalt niisutav prebiootiline n\u00e4opuhastuspiim. Sulatab t\u00e4ielikult rasvlahustuvad lisandid, n\u00e4iteks meigi ja n\u00e4orasu, kahjustamata naha loomulikku pH-tasakaalu v\u00f5i mikrobioomi, mis toimib kaitsebarj\u00e4\u00e4rina igap\u00e4evaste keskkonnaoks\u00fcdantide vastu. Rikastatud niisutavate h\u00fcgroskoopsete toimeainetega, mis hoiavad veemolekule sarvkihis, et v\u00e4ltida veekaotust ja s\u00e4ilitada naha optimaalset loomulikku niiskustaset. J\u00e4tab l\u00f5\u00f5gastava pehmuse tunde.<\/h6>\n<p>T\u00e4iesti meigi- ja n\u00e4o\u00f5livaba nahk.<\/p>\n<div class=\"em-row\">\n<div class=\"em-lg-4 em-col\">\n<h6 class=\"em-font-medium\" style=\"margin-top: 1.2rem; margin-bottom: 1.2rem;\">Toimingud<\/h6>\n<ul>\n<li>Puhastamine.<\/li>\n<li>Detoksifitseeriv.<\/li>\n<li>Kaitsmine.<\/li>\n<\/ul>\n<h6 class=\"em-font-medium\" style=\"margin-top: 1.2rem; margin-bottom: 1.2rem;\">Kuidas kasutada<\/h6>\n<ul>\n<li>Kanna 4-5 pumpamist toodet peopesale ja kanna see n\u00e4ole, kaelale ja dekolteele, h\u00f5\u00f5rudes toodet kiirete ringjate liigutustega, kuni meik ja k\u00f5ik lisandid on eemaldatud. Loputa veega ja kuivata.<\/li>\n<li>nan<\/li>\n<\/ul><\/div>\n<div class=\"em-lg-4 em-col\">\n<h6 class=\"em-font-medium\" style=\"margin-top: 1.2rem; margin-bottom: 1.2rem;\">Toimeained ja koostisosad<\/h6>\n<ul>\n<li><strong>Beetagl\u00fckaan<\/strong>Prebiootikum, mis stimuleerib naha kaitsva floora vohamist, tugevdades loomulikku barj\u00e4\u00e4ri, mis kaitseb nahka keskkonnastressi eest ja parandab naha immuunsust.<\/li>\n<li><strong>BETAIIN<\/strong>Ainult \u00fcks betaiini molekul suudab sarvkihis siduda kuni 10 veemolekuli, s\u00e4ilitades seega naha niiskustasakaalu k\u00f5rgel tasemel, v\u00e4hendades naha\u00e4rrituse ja kuivuse tunnet.<\/li>\n<li><strong>Muud<\/strong>KOOSTIS: VESI, ISOPROP\u00dc\u00dcLM\u00dcRISTAAT, GL\u00dcTSERIIN, TSET\u00dc\u00dcLSTEARY\u00dcLALKOHOL, BETAIN, FENOKS\u00dcETANOOL, KSANTAANKUMM, NAATRIUMLAUR\u00dc\u00dcLSULFAAT, ALOE BARBADENSIS&#039;E LEHE MAHL, KAALIUMSORBAAT, NAATRIUMBENSOAAT, PARF\u00dc\u00dcM, BEEKAAN, DINAATRIUM EDTA, ET\u00dc\u00dcLHEKS\u00dc\u00dcLGL\u00dcTSERIIN, NAATRIUMH\u00dcDROKSIID.<\/li>\n<\/ul><\/div>\n<\/div>","protected":false},"excerpt":{"rendered":"<p>\u00dclimalt niisutav prebiootiline n\u00e4opuhastuspiim.<\/p>","protected":false},"featured_media":7877,"template":"","meta":[],"product_brand":[68],"product_cat":[71],"product_tag":[],"class_list":{"0":"post-7849","1":"product","2":"type-product","3":"status-publish","4":"has-post-thumbnail","6":"product_brand-summe-cosmetics","7":"product_cat-cleansers","9":"first","10":"instock","11":"sale","12":"taxable","13":"shipping-taxable","14":"purchasable","15":"product-type-simple"},"_links":{"self":[{"href":"https:\/\/profskin.ee\/et\/wp-json\/wp\/v2\/product\/7849","targetHints":{"allow":["GET"]}}],"collection":[{"href":"https:\/\/profskin.ee\/et\/wp-json\/wp\/v2\/product"}],"about":[{"href":"https:\/\/profskin.ee\/et\/wp-json\/wp\/v2\/types\/product"}],"wp:featuredmedia":[{"embeddable":true,"href":"https:\/\/profskin.ee\/et\/wp-json\/wp\/v2\/media\/7877"}],"wp:attachment":[{"href":"https:\/\/profskin.ee\/et\/wp-json\/wp\/v2\/media?parent=7849"}],"wp:term":[{"taxonomy":"product_brand","embeddable":true,"href":"https:\/\/profskin.ee\/et\/wp-json\/wp\/v2\/product_brand?post=7849"},{"taxonomy":"product_cat","embeddable":true,"href":"https:\/\/profskin.ee\/et\/wp-json\/wp\/v2\/product_cat?post=7849"},{"taxonomy":"product_tag","embeddable":true,"href":"https:\/\/profskin.ee\/et\/wp-json\/wp\/v2\/product_tag?post=7849"}],"curies":[{"name":"t\u00f6\u00f6leht","href":"https:\/\/api.w.org\/{rel}","templated":true}]}}