{"id":7850,"date":"2025-07-03T21:23:02","date_gmt":"2025-07-03T21:23:02","guid":{"rendered":"https:\/\/profskin.ee\/?post_type=product&#038;p=7850"},"modified":"2026-03-18T15:32:51","modified_gmt":"2026-03-18T15:32:51","slug":"ecc-remover-gel","status":"publish","type":"product","link":"https:\/\/profskin.ee\/et\/toode\/ecc-remover-gel\/","title":{"rendered":"ECC eemaldav geel"},"content":{"rendered":"<h6>T\u00f5husalt detoksifitseeriv prebiootiline n\u00e4opuhastusgeel. Eemaldab s\u00fcgavuti nahale igap\u00e4evaselt kleepuvad lisandid ja saasteosakesed, ummistades poore ja p\u00f5hjustades l\u00e4mbumist. Selle pH-neutraalne koostis hoiab naha mikrobioomi tervena, tugevdades immuunbarj\u00e4\u00e4ri keskkonnatoksiinide vastu. J\u00e4tab meeldiva v\u00e4rskustunde. Geel, mis veega kokkupuutel muutub meeldivaks vahuks.<\/h6>\n<p>Eemaldab s\u00fcgavuti nahalt lisandid ja saasteosakesed.<\/p>\n<div class=\"em-row\">\n<div class=\"em-lg-4 em-col\">\n<h6 class=\"em-font-medium\" style=\"margin-top: 1.2rem; margin-bottom: 1.2rem;\">Toimingud<\/h6>\n<ul>\n<li>Puhastamine<\/li>\n<li>Detoksifitseeriv<\/li>\n<li>Rasu reguleerimine<\/li>\n<\/ul>\n<h6 class=\"em-font-medium\" style=\"margin-top: 1.2rem; margin-bottom: 1.2rem;\">Kuidas kasutada<\/h6>\n<ul>\n<li>Kanna 5 ml peopesale ja hajuta n\u00e4ole, kaelale ja dekolteele. H\u00f5\u00f5ru toodet kergelt niisutatud k\u00e4tega kiirete ringjate liigutustega nahka, kuni meik ja muud lisandid on eemaldatud. Loputa rohke veega, kuni meik on t\u00e4ielikult eemaldatud, ja kuivata.<\/li>\n<li>nan<\/li>\n<\/ul><\/div>\n<div class=\"em-lg-4 em-col\">\n<h6 class=\"em-font-medium\" style=\"margin-top: 1.2rem; margin-bottom: 1.2rem;\">Toimeained ja koostisosad<\/h6>\n<ul>\n<li><strong>Beetagl\u00fckaan<\/strong>Prebiootikum, mis stimuleerib naha kaitsva floora vohamist, tugevdades loomulikku barj\u00e4\u00e4ri, mis kaitseb nahka keskkonnastressi eest ja parandab naha immuunsust.<\/li>\n<li><strong>BETAIIN<\/strong>Ainult \u00fcks betaiini molekul suudab sarvkihis siduda kuni 10 veemolekuli, s\u00e4ilitades seega naha niiskustasakaalu k\u00f5rgel tasemel, v\u00e4hendades naha\u00e4rrituse ja kuivuse tunnet.<\/li>\n<li><strong>Muud<\/strong>KOOSTIS: VESI, NAATRIUMLAUR\u00dc\u00dcLEETERSULFAAT, KOKAMIIDOPROP\u00dc\u00dcLBETAINA, KOKAMIID DEA, FENOKS\u00dcETANOOL, PEG-7 GL\u00dcTSER\u00dc\u00dcLKOKOAAT, NAATRIUMKLORIID, NAATRIUMLAUREETSULFAAT, GL\u00dcKOOLDISTEARAAT, KOKAMIID MEA, LAURETH-10, GL\u00dcTSERIIN, PARF\u00dc\u00dcM, ST\u00dcREEN\/AKR\u00dcLAATIDE KOPOL\u00dcMEER, BEEKAAN, AALOE BARBADENSIS&#039;E LEHE MAHL, KAALIUMSORBAAT, NAATRIUMBENSOAAT, ET\u00dc\u00dcLHEKS\u00dc\u00dcLGL\u00dcTSERIIN, PIIMHAPE.<\/li>\n<\/ul><\/div>\n<\/div>","protected":false},"excerpt":{"rendered":"<p>T\u00f5husalt detoksifitseeriv prebiootiline n\u00e4opuhastusgeel.<\/p>","protected":false},"featured_media":7878,"template":"","meta":[],"product_brand":[67,66,68],"product_cat":[15,73,71,69,74,75,76,72,77,70],"product_tag":[],"class_list":{"0":"post-7850","1":"product","2":"type-product","3":"status-publish","4":"has-post-thumbnail","6":"product_brand-endor-technologies","7":"product_brand-juliette-armand","8":"product_brand-summe-cosmetics","9":"product_cat-all-products","10":"product_cat-body","11":"product_cat-cleansers","12":"product_cat-cream","13":"product_cat-exfoliant","14":"product_cat-eye","15":"product_cat-fluid","16":"product_cat-masks","17":"product_cat-oil","18":"product_cat-serum","20":"first","21":"instock","22":"sale","23":"taxable","24":"shipping-taxable","25":"purchasable","26":"product-type-simple"},"_links":{"self":[{"href":"https:\/\/profskin.ee\/et\/wp-json\/wp\/v2\/product\/7850","targetHints":{"allow":["GET"]}}],"collection":[{"href":"https:\/\/profskin.ee\/et\/wp-json\/wp\/v2\/product"}],"about":[{"href":"https:\/\/profskin.ee\/et\/wp-json\/wp\/v2\/types\/product"}],"wp:featuredmedia":[{"embeddable":true,"href":"https:\/\/profskin.ee\/et\/wp-json\/wp\/v2\/media\/7878"}],"wp:attachment":[{"href":"https:\/\/profskin.ee\/et\/wp-json\/wp\/v2\/media?parent=7850"}],"wp:term":[{"taxonomy":"product_brand","embeddable":true,"href":"https:\/\/profskin.ee\/et\/wp-json\/wp\/v2\/product_brand?post=7850"},{"taxonomy":"product_cat","embeddable":true,"href":"https:\/\/profskin.ee\/et\/wp-json\/wp\/v2\/product_cat?post=7850"},{"taxonomy":"product_tag","embeddable":true,"href":"https:\/\/profskin.ee\/et\/wp-json\/wp\/v2\/product_tag?post=7850"}],"curies":[{"name":"t\u00f6\u00f6leht","href":"https:\/\/api.w.org\/{rel}","templated":true}]}}