{"id":7851,"date":"2025-07-03T21:23:02","date_gmt":"2025-07-03T21:23:02","guid":{"rendered":"https:\/\/profskin.ee\/?post_type=product&#038;p=7851"},"modified":"2026-03-18T15:34:27","modified_gmt":"2026-03-18T15:34:27","slug":"ecc-remover-mist","status":"publish","type":"product","link":"https:\/\/profskin.ee\/et\/toode\/ecc-remover-mist\/","title":{"rendered":"ECC eemaldamise udu"},"content":{"rendered":"<h6>Tasakaalustav prebiootiline n\u00e4otoonik. P\u00e4rast puhastust taastab see naha neutraalse pH taseme ja optimaalse h\u00fcdrolipiidkihi. Taastab naha mikrobioomi \u00f6kos\u00fcsteemi tasakaalu, soodustades kaitsva mikrofloora kasvu ja korrektset toimimist. Metsiku roosi vesi toimib ilukreemina, ergutades v\u00e4sinud nahka, niisutades seda nagu kohene sprei ja ergutades meeli imeliseks hetkeks.<\/h6>\n<p>Nahk, mis taastab oma loomuliku pH tasakaalu.<\/p>\n<div class=\"em-row\">\n<div class=\"em-lg-4 em-col\">\n<h6 class=\"em-font-medium\" style=\"margin-top: 1.2rem; margin-bottom: 1.2rem;\">Toimingud<\/h6>\n<ul>\n<li>pH tasakaalustamine<\/li>\n<li>Rahustav<\/li>\n<li>Kaitsmine<\/li>\n<\/ul>\n<h6 class=\"em-font-medium\" style=\"margin-top: 1.2rem; margin-bottom: 1.2rem;\">Kuidas kasutada<\/h6>\n<ul>\n<li>Pihusta n\u00e4ole, kaelale ja dekolteele, kuni nahk j\u00e4\u00e4b kergelt niiskeks. Stimuleerimiseks patsuta \u00f5rnalt ja lase loomulikult kuivada.<\/li>\n<li>nan<\/li>\n<\/ul><\/div>\n<div class=\"em-lg-4 em-col\">\n<h6 class=\"em-font-medium\" style=\"margin-top: 1.2rem; margin-bottom: 1.2rem;\">Toimeained ja koostisosad<\/h6>\n<ul>\n<li><strong>ROOSIVESI (Rosa Canina ekstrakt)<\/strong>Rikas B- ja E-vitamiinide poolest, suurendab naha lipiidide sidumisv\u00f5imet, moodustades naha pinnale niisutava kile. Omab antioks\u00fcdantset toimet t\u00e4nu k\u00f5rgele fen\u00fc\u00fclhappe sisaldusele.<\/li>\n<li><strong>H\u00dcALUROONHAPPE<\/strong>Gl\u00fckosaminogl\u00fckaan, mis saadakse taimsete substraatide k\u00e4\u00e4ritamisel. See struktureerib nahka loomulikult, s\u00e4ilitades selle elastsuse ja pingulduse. Selle niisutav ja vettpeetav v\u00f5ime annab nahale tiheduse, t\u00e4iteefekti ja s\u00fcgava niisutuse ning hoiab \u00e4ra epidermise deh\u00fcdratsiooni.<\/li>\n<li><strong>Muud<\/strong>KOOSTIS: VESI, KOERAPUNA EKSTRAKT, GL\u00dcTSERIIN, AALOE BARBADENSIS&#039;E LEHE MAHL, PIIMAVAHENDI EKSTRAKT, H\u00dcALUROONHAPPE, ST\u00dcREEN\/AKR\u00dcLAATIDE KOPOL\u00dcMEER, PEG-40 H\u00dcDROGENISEERITUD RITSINUS\u00d5LI, BEEKAAN, NAATRIUMBENSOAAT, KAALIUMSORBAAT, PARF\u00dc\u00dcM, DINAATRIUM EDTA, BIFIDA FERMENTATSIOONILISAAT, KSANTAANKUMM.<\/li>\n<\/ul><\/div>\n<\/div>","protected":false},"excerpt":{"rendered":"<p>T\u00f5husalt tasakaalustav prebiootiline n\u00e4otoonik.<\/p>","protected":false},"featured_media":7879,"template":"","meta":[],"product_brand":[67,66,68],"product_cat":[15,73,71,69,74,75,76,72,77,70],"product_tag":[],"class_list":{"0":"post-7851","1":"product","2":"type-product","3":"status-publish","4":"has-post-thumbnail","6":"product_brand-endor-technologies","7":"product_brand-juliette-armand","8":"product_brand-summe-cosmetics","9":"product_cat-all-products","10":"product_cat-body","11":"product_cat-cleansers","12":"product_cat-cream","13":"product_cat-exfoliant","14":"product_cat-eye","15":"product_cat-fluid","16":"product_cat-masks","17":"product_cat-oil","18":"product_cat-serum","20":"first","21":"instock","22":"sale","23":"taxable","24":"shipping-taxable","25":"purchasable","26":"product-type-simple"},"_links":{"self":[{"href":"https:\/\/profskin.ee\/et\/wp-json\/wp\/v2\/product\/7851","targetHints":{"allow":["GET"]}}],"collection":[{"href":"https:\/\/profskin.ee\/et\/wp-json\/wp\/v2\/product"}],"about":[{"href":"https:\/\/profskin.ee\/et\/wp-json\/wp\/v2\/types\/product"}],"wp:featuredmedia":[{"embeddable":true,"href":"https:\/\/profskin.ee\/et\/wp-json\/wp\/v2\/media\/7879"}],"wp:attachment":[{"href":"https:\/\/profskin.ee\/et\/wp-json\/wp\/v2\/media?parent=7851"}],"wp:term":[{"taxonomy":"product_brand","embeddable":true,"href":"https:\/\/profskin.ee\/et\/wp-json\/wp\/v2\/product_brand?post=7851"},{"taxonomy":"product_cat","embeddable":true,"href":"https:\/\/profskin.ee\/et\/wp-json\/wp\/v2\/product_cat?post=7851"},{"taxonomy":"product_tag","embeddable":true,"href":"https:\/\/profskin.ee\/et\/wp-json\/wp\/v2\/product_tag?post=7851"}],"curies":[{"name":"t\u00f6\u00f6leht","href":"https:\/\/api.w.org\/{rel}","templated":true}]}}