{"id":7852,"date":"2025-07-03T21:23:02","date_gmt":"2025-07-03T21:23:02","guid":{"rendered":"https:\/\/profskin.ee\/?post_type=product&#038;p=7852"},"modified":"2026-03-18T15:26:00","modified_gmt":"2026-03-18T15:26:00","slug":"ecc-renewal-peel-pads","status":"publish","type":"product","link":"https:\/\/profskin.ee\/et\/toode\/ecc-renewal-peel-pads\/","title":{"rendered":"ECC uuendavad koorimispadjad"},"content":{"rendered":"<h6>\u00d5rnade koorivate puuviljahapete seguga immutatud puuvillased n\u00e4opadjad. Pidev pealekandmine p\u00f5hjustab \u00f5rna, j\u00e4rkj\u00e4rgulise ja talutava mikroabrasiooni, austades samal ajal naha h\u00fcdrolipiidkihti. Need eemaldavad surnud naharakud, parandades tekstuuri, siludes leevendust, suurendades l\u00e4bilaskvust ning stimuleerides rakkude hapnikuga varustatust ja uuenemist. Nahk on uuenenud ning n\u00e4eb v\u00e4lja peen, sile, \u00fchtlane ja s\u00e4rav \u2013 ideaalne alus igap\u00e4evaseks nahahooldusrutiiniks.<\/h6>\n<p>Nahk uueneb ja rikastub uuesti hapnikuga.<\/p>\n<div class=\"em-row\">\n<div class=\"em-lg-4 em-col\">\n<h6 class=\"em-font-medium\" style=\"margin-top: 1.2rem; margin-bottom: 1.2rem;\">Toimingud<\/h6>\n<ul>\n<li>Koorimine<\/li>\n<li>Katlakivi eemaldamine<\/li>\n<li>Antikeratol\u00fc\u00fctiline<\/li>\n<\/ul>\n<h6 class=\"em-font-medium\" style=\"margin-top: 1.2rem; margin-bottom: 1.2rem;\">Kuidas kasutada<\/h6>\n<ul>\n<li>H\u00f5\u00f5ruge t\u00e4iuslikult puhta ja toonuses nahaga padja tekstuurilist k\u00fclge kindlate, pidevate ja ringjate liigutustega \u00fcle n\u00e4o, kaela ja dekoltee. Laske padjal loomulikult imenduda; \u00e4rge eemaldage.<\/li>\n<li>nan<\/li>\n<\/ul><\/div>\n<div class=\"em-lg-4 em-col\">\n<h6 class=\"em-font-medium\" style=\"margin-top: 1.2rem; margin-bottom: 1.2rem;\">Toimeained ja koostisosad<\/h6>\n<ul>\n<li><strong>GL\u00dcKOLAKTOONI<\/strong>See on gl\u00fckoolhappest saadud uusima p\u00f5lvkonna pol\u00fch\u00fcdroks\u00fchape (PHA). \u00d5rna kooriva toimega ja teiste AHA-dega v\u00f5rreldes suurema molekulmassiga sobib see ideaalselt isegi k\u00f5ige tundlikumale nahale. T\u00e4nu niisutavale funktsioonile suudab see ligi t\u00f5mmata vett ja luua hapnikusildu, ennetades elastsuse kadu.<\/li>\n<li><strong>PIIMHAPE<\/strong>Suurem molekulmass hoiab \u00e4ra naha\u00e4rrituse. See s\u00e4ilitab loomulikud niisutusfaktorid, soodustab \u00fchtlast tooni ja sobib ideaalselt h\u00fcperpigmentatsiooni v\u00e4hendamiseks, austades h\u00fcdrolipiidkihti.<\/li>\n<li><strong>Muud<\/strong>KOOSTIS: VESI, DENAATTU ALKOHOL, PROP\u00dcLEENGL\u00dcKOOL, GL\u00dcKONOLAKTOON, PIIMHAPE, POL\u00dcSORBAAT 20, AMMOONIUMH\u00dcDROKSIID, GLYCYRRHIZA GLABRA JUUREKSTRAKT, CARICA PAPAIA VILJAEKSTRAKT, SIDRUNHAPE, ATSETOON, RESVERATROOLI, EDTA, FENOKS\u00dcETANOOL, ET\u00dc\u00dcLHEKS\u00dc\u00dcLGL\u00dcTSERIIN.<\/li>\n<\/ul><\/div>\n<\/div>","protected":false},"excerpt":{"rendered":"<p>Puuvillast n\u00e4opadjad, mis on immutatud \u00f5rnade koorivate puuviljahapete seguga.<\/p>","protected":false},"featured_media":7880,"template":"","meta":[],"product_brand":[67,66,68],"product_cat":[15,73,71,69,74,75,76,72,77,70],"product_tag":[],"class_list":{"0":"post-7852","1":"product","2":"type-product","3":"status-publish","4":"has-post-thumbnail","6":"product_brand-endor-technologies","7":"product_brand-juliette-armand","8":"product_brand-summe-cosmetics","9":"product_cat-all-products","10":"product_cat-body","11":"product_cat-cleansers","12":"product_cat-cream","13":"product_cat-exfoliant","14":"product_cat-eye","15":"product_cat-fluid","16":"product_cat-masks","17":"product_cat-oil","18":"product_cat-serum","20":"first","21":"instock","22":"sale","23":"taxable","24":"shipping-taxable","25":"purchasable","26":"product-type-simple"},"_links":{"self":[{"href":"https:\/\/profskin.ee\/et\/wp-json\/wp\/v2\/product\/7852","targetHints":{"allow":["GET"]}}],"collection":[{"href":"https:\/\/profskin.ee\/et\/wp-json\/wp\/v2\/product"}],"about":[{"href":"https:\/\/profskin.ee\/et\/wp-json\/wp\/v2\/types\/product"}],"wp:featuredmedia":[{"embeddable":true,"href":"https:\/\/profskin.ee\/et\/wp-json\/wp\/v2\/media\/7880"}],"wp:attachment":[{"href":"https:\/\/profskin.ee\/et\/wp-json\/wp\/v2\/media?parent=7852"}],"wp:term":[{"taxonomy":"product_brand","embeddable":true,"href":"https:\/\/profskin.ee\/et\/wp-json\/wp\/v2\/product_brand?post=7852"},{"taxonomy":"product_cat","embeddable":true,"href":"https:\/\/profskin.ee\/et\/wp-json\/wp\/v2\/product_cat?post=7852"},{"taxonomy":"product_tag","embeddable":true,"href":"https:\/\/profskin.ee\/et\/wp-json\/wp\/v2\/product_tag?post=7852"}],"curies":[{"name":"t\u00f6\u00f6leht","href":"https:\/\/api.w.org\/{rel}","templated":true}]}}