{"id":7853,"date":"2025-07-03T21:23:02","date_gmt":"2025-07-03T21:23:02","guid":{"rendered":"https:\/\/profskin.ee\/?post_type=product&#038;p=7853"},"modified":"2026-03-18T15:26:00","modified_gmt":"2026-03-18T15:26:00","slug":"ecc-repair-lip-balm","status":"publish","type":"product","link":"https:\/\/profskin.ee\/et\/toode\/ecc-repair-lip-balm\/","title":{"rendered":"ECC parandav huulepalsam"},"content":{"rendered":"<h6>Niisutav, taastav ja taastav huulepalsam. Parandab ilmastiku v\u00f5i esimesest kasutuskorrast m\u00f6\u00f6dunud aja jooksul kahjustunud huuli. Selle sametine tekstuur taastab kiiresti pehmuse, t\u00e4idluse ja \u00fchtlase v\u00e4rvitooni isegi v\u00e4ga kuivadele ja l\u00f5henenud huultele. Samuti annab huultele t\u00e4idlasema efekti, mis v\u00e4hendab peeneid joonekesi, j\u00e4ttes huuled t\u00e4idlasemaks ja defineeritumaks.<\/h6>\n<p>Pehmemad, t\u00e4idlasemad ja selgemini defineeritud huuled.<\/p>\n<div class=\"em-row\">\n<div class=\"em-lg-4 em-col\">\n<h6 class=\"em-font-medium\" style=\"margin-top: 1.2rem; margin-bottom: 1.2rem;\">Toimingud<\/h6>\n<ul>\n<li>Niisutav<\/li>\n<li>Toitev<\/li>\n<li>T\u00e4idlane<\/li>\n<li>Elustav<\/li>\n<\/ul>\n<h6 class=\"em-font-medium\" style=\"margin-top: 1.2rem; margin-bottom: 1.2rem;\">Kuidas kasutada<\/h6>\n<ul>\n<li>Kanna pool pumpamist toodet huultele ja jaota see laiali. \u00c4ra loputa.<\/li>\n<li>Igap\u00e4evane kasutamine.<\/li>\n<\/ul><\/div>\n<div class=\"em-lg-4 em-col\">\n<h6 class=\"em-font-medium\" style=\"margin-top: 1.2rem; margin-bottom: 1.2rem;\">Toimeained ja koostisosad<\/h6>\n<ul>\n<li><strong>JOONET\u00c4IDE\u2122<\/strong>Taastab kaotatud t\u00e4idluse ja v\u00e4hendab kuivuse tunnet. Lisaks muudab see huuled t\u00e4idlasemaks ja pehmemaks, saavutades nooruslikuma v\u00e4limuse.<\/li>\n<li><strong>JOJOBA\u00d5LI (Simmondsia Chinensis seemne\u00f5li)<\/strong>Sisaldab E-vitamiini ja linoolhapet, mis taastavad naharakke, ning keramiide, mis pakuvad nahale s\u00fcgavat niisutust ja lipiidide tasakaalu.<\/li>\n<li><strong>Muud<\/strong>KOOSTIS: VEDEL PARAFIIN, H\u00dcDROGENISEERITUD ST\u00dcREEN\/BUTADIEENI KOPOL\u00dcMEER, GL\u00dcTSERIIN, PARAFIIN, SIMMONDSIA CHINENSIS&#039;E SEEMNE\u00d5LI, KAPR\u00dc\u00dcL-\/KAPRIINTRIGL\u00dcTSERIID, DIMET\u00dc\u00dcLISOSORBIID, JOJOBA ESTRID, SESAMUM INDICUM&#039;I SEEMNEEKSTRAKT, AKAATSIAANI \u00d5IEVAHA, SIDRUNHAPE, DIMETIKOON, DIMETIKONOOL, BUTYROSPERMUM PARKII V\u00d5I, HELIANTHUS ANNUUS&#039;E SEEMNEVAHA, TOKOFER\u00dc\u00dcLATSETAAT, PEG-40 H\u00dcDROGENISEERITUD RITSINUS\u00d5LI, POL\u00dcGL\u00dcTSERIIN-3, BHT, PROP\u00dc\u00dcLGALLAAT, TOKOFEROOL, CINNAMOMUM ZEYLANICUM&#039;I LEHE\u00d5LI.<\/li>\n<\/ul><\/div>\n<\/div>","protected":false},"excerpt":{"rendered":"<p>Niisutav, taastav ja toitev huulepalsam.<\/p>","protected":false},"featured_media":7881,"template":"","meta":[],"product_brand":[67,66,68],"product_cat":[15,73,71,69,74,75,76],"product_tag":[],"class_list":{"0":"post-7853","1":"product","2":"type-product","3":"status-publish","4":"has-post-thumbnail","6":"product_brand-endor-technologies","7":"product_brand-juliette-armand","8":"product_brand-summe-cosmetics","9":"product_cat-all-products","10":"product_cat-body","11":"product_cat-cleansers","12":"product_cat-cream","13":"product_cat-exfoliant","14":"product_cat-eye","15":"product_cat-fluid","17":"first","18":"instock","19":"sale","20":"taxable","21":"shipping-taxable","22":"purchasable","23":"product-type-simple"},"_links":{"self":[{"href":"https:\/\/profskin.ee\/et\/wp-json\/wp\/v2\/product\/7853","targetHints":{"allow":["GET"]}}],"collection":[{"href":"https:\/\/profskin.ee\/et\/wp-json\/wp\/v2\/product"}],"about":[{"href":"https:\/\/profskin.ee\/et\/wp-json\/wp\/v2\/types\/product"}],"wp:featuredmedia":[{"embeddable":true,"href":"https:\/\/profskin.ee\/et\/wp-json\/wp\/v2\/media\/7881"}],"wp:attachment":[{"href":"https:\/\/profskin.ee\/et\/wp-json\/wp\/v2\/media?parent=7853"}],"wp:term":[{"taxonomy":"product_brand","embeddable":true,"href":"https:\/\/profskin.ee\/et\/wp-json\/wp\/v2\/product_brand?post=7853"},{"taxonomy":"product_cat","embeddable":true,"href":"https:\/\/profskin.ee\/et\/wp-json\/wp\/v2\/product_cat?post=7853"},{"taxonomy":"product_tag","embeddable":true,"href":"https:\/\/profskin.ee\/et\/wp-json\/wp\/v2\/product_tag?post=7853"}],"curies":[{"name":"t\u00f6\u00f6leht","href":"https:\/\/api.w.org\/{rel}","templated":true}]}}